{"id":7666,"date":"2020-11-25T15:25:23","date_gmt":"2020-11-25T08:25:23","guid":{"rendered":"http:\/\/b-company.jp\/?page_id=7666"},"modified":"2025-07-15T11:55:28","modified_gmt":"2025-07-15T04:55:28","slug":"vietnam-statistics","status":"publish","type":"page","link":"https:\/\/b-company.jp\/vi\/database\/vietnam-statistics\/","title":{"rendered":"Th\u1ed1ng k\u00ea Vi\u1ec7t Nam"},"content":{"rendered":"<div class=\"vc_row wpb_row vc_row-fluid\"><div class=\"wpb_column vc_column_container vc_col-sm-12\"><div class=\"vc_column-inner\"><div class=\"wpb_wrapper\"><h3 style=\"color: #33c6e9;text-align: left\" class=\"vc_custom_heading vc_custom_1618833009014\" >Vi\u1ec7t Nam trong c\u00e1i nh\u00ecn t\u1ed5ng quan<\/h3><div class=\"vc_row wpb_row vc_inner vc_row-fluid vc_custom_1618827425191\"><div class=\"wpb_column vc_column_container vc_col-sm-4\"><div class=\"vc_column-inner\"><div class=\"wpb_wrapper\">\n\t<div class=\"wpb_gallery wpb_content_element bc-no-auto-translate-database-services 7  vc_clearfix\" data-no-auto-translation=\"\">\n\t\t<div class=\"wpb_wrapper\"><div class=\"wpb_gallery_slides wpb_image_grid\" data-interval=\"5\"><ul class=\"wpb_image_grid_ul\"><li class=\"isotope-item\"><a class=\"prettyphoto\" href=\"https:\/\/b-company.jp\/wp-content\/uploads\/2021\/04\/vietnam-beautiful-HBVUlxJSKrs-unsplash1.jpg\" data-rel=\"prettyPhoto[rel-7666-2112116012]\"><img width=\"300\" height=\"300\" src=\"https:\/\/b-company.jp\/wp-content\/uploads\/2021\/04\/vietnam-beautiful-HBVUlxJSKrs-unsplash1.jpg\" class=\"attachment-medium\" alt=\"\" decoding=\"async\" data-no-auto-translation=\"\" \/><\/a><\/li><\/ul><\/div>\n\t\t<\/div> \n\t<\/div> <\/div><\/div><\/div><div class=\"wpb_column vc_column_container vc_col-sm-4\"><div class=\"vc_column-inner\"><div class=\"wpb_wrapper\">\n\t<div class=\"wpb_text_column wpb_content_element\" >\n\t\t<div class=\"wpb_wrapper\">\n\t\t\t<div class=\"simple-text\" style=\"font-size: 15px;\">\n<p>S\u1ef1 ph\u00e1t tri\u1ec3n kinh t\u1ebf \u2013 x\u00e3 h\u1ed9i c\u1ee7a Vi\u1ec7t Nam trong v\u00e0i th\u1eadp k\u1ef7 qua r\u1ea5t \u0111\u00e1ng ch\u00fa \u00fd. Vi\u1ec7n Nam hi\u1ec7n \u0111\u00e3 tr\u1edf th\u00e0nh m\u1ed9t trong nh\u1eefng n\u1ec1n kinh t\u1ebf n\u0103ng \u0111\u1ed9ng nh\u1ea5t \u1edf khu v\u1ef1c \u0110\u00f4ng Nam \u00c1. D\u1ecbch Covid-19 b\u00f9ng ph\u00e1t t\u1eeb cu\u1ed1i n\u0103m 2019 \u0111\u00e3 g\u00e2y ra nh\u1eefng t\u00e1c \u0111\u1ed9ng s\u00e2u r\u1ed9ng \u0111\u1ebfn m\u1ecdi l\u0129nh v\u1ef1c tr\u00ean th\u1ebf gi\u1edbi, trong \u0111\u00f3 c\u00f3 kh\u1ee7ng ho\u1ea3ng kinh t\u1ebf nghi\u00eam tr\u1ecdng. \u0110\u00f4ng Nam \u00c1 c\u0169ng kh\u00f4ng ngo\u1ea1i l\u1ec7. Tuy nhi\u00ean, cho \u0111\u1ebfn g\u1ea7n \u0111\u00e2y, c\u00f3 th\u1ec3 n\u00f3i Vi\u1ec7t Nam \u0111\u00e3 t\u1ea1m th\u1eddi h\u1ea1n ch\u1ebf \u0111\u01b0\u1ee3c t\u00e1c \u0111\u1ed9ng c\u1ee7a Covid-19, tr\u1edf th\u00e0nh qu\u1ed1c gia \u0111\u1ea7u ti\u00ean trong ASEAN b\u1eaft \u0111\u1ea7u n\u1edbi l\u1ecfng c\u00e1c bi\u1ec7n ph\u00e1p gi\u00e3n c\u00e1ch x\u00e3 h\u1ed9i, th\u1ef1c hi\u1ec7n ph\u1ee5c h\u1ed3i kinh t\u1ebf v\u00e0 l\u00e0 \u0111i\u1ec3m \u0111\u1ebfn thu\u1eadn l\u1ee3i cho nhi\u1ec1u nh\u00e0 \u0111\u1ea7u t\u01b0 n\u01b0\u1edbc ngo\u00e0i.<\/p>\n<\/div>\n\n\t\t<\/div>\n\t<\/div>\n<\/div><\/div><\/div><div class=\"wpb_column vc_column_container vc_col-sm-4\"><div class=\"vc_column-inner\"><div class=\"wpb_wrapper\">\n\t<div class=\"wpb_text_column wpb_content_element\" >\n\t\t<div class=\"wpb_wrapper\">\n\t\t\t<div class=\"simple-text\" style=\"font-size: 15px;\">\n<p>Theo B\u00e1o c\u00e1o kinh t\u1ebf \u0110\u00f4ng \u00c1 v\u00e0 Th\u00e1i B\u00ecnh D\u01b0\u01a1ng do Ng\u00e2n h\u00e0ng Th\u1ebf gi\u1edbi c\u00f4ng b\u1ed1 th\u00e1ng 4 n\u0103m 2020, n\u1ec1n kinh t\u1ebf Vi\u1ec7t Nam \u0111ang ph\u1ee5c h\u1ed3i theo h\u00ecnh ch\u1eef V v\u1edbi s\u1ea3n l\u01b0\u1ee3ng v\u01b0\u1ee3t m\u1ee9c tr\u01b0\u1edbc \u0111\u1ea1i d\u1ecbch. Theo h\u1ecdp b\u00e1o Ch\u00ednh ph\u1ee7 cu\u1ed1i n\u0103m 2020, Vi\u1ec7t Nam l\u00e0 qu\u1ed1c gia duy nh\u1ea5t trong khu v\u1ef1c ASEAN v\u00e0 l\u00e0 m\u1ed9t trong s\u1ed1 \u00edt tr\u00ean th\u1ebf gi\u1edbi ch\u1ee9ng ki\u1ebfn m\u1ee9c t\u0103ng tr\u01b0\u1edfng d\u01b0\u01a1ng trong n\u0103m 2020.<\/p>\n<\/div>\n\n\t\t<\/div>\n\t<\/div>\n<\/div><\/div><\/div><\/div><\/div><\/div><\/div><\/div><div class=\"vc_row wpb_row vc_row-fluid\"><div class=\"wpb_column vc_column_container vc_col-sm-12\"><div class=\"vc_column-inner\"><div class=\"wpb_wrapper\"><div class=\"vc_tta-container\" data-vc-action=\"collapse\"><div class=\"vc_general vc_tta vc_tta-tabs vc_tta-color-grey vc_tta-style-classic vc_tta-shape-rounded vc_tta-spacing-1 vc_tta-tabs-position-top vc_tta-controls-align-left\"><div class=\"vc_tta-tabs-container\"><ul class=\"vc_tta-tabs-list bc-no-auto-translate-database-services 3\"><li class=\"vc_tta-tab vc_active\" data-vc-tab><a href=\"#1618825828207-7454c4a0-0a8a\" data-vc-tabs data-vc-container=\".vc_tta\"><span class=\"vc_tta-title-text\">D\u00e2n s\u1ed1 &amp; X\u00e3 h\u1ed9i Vi\u1ec7t Nam<\/span><\/a><\/li><li class=\"vc_tta-tab\" data-vc-tab><a href=\"#1618825828217-6e4db953-a6b2\" data-vc-tabs data-vc-container=\".vc_tta\"><span class=\"vc_tta-title-text\">Kinh t\u1ebf Vi\u1ec7t Nam<\/span><\/a><\/li><li class=\"vc_tta-tab\" data-vc-tab><a href=\"#1618825869747-1e8ac015-1dea\" data-vc-tabs data-vc-container=\".vc_tta\"><span class=\"vc_tta-title-text\">Th\u1ed1ng k\u00ea \u0111\u1ea7u t\u01b0 Vi\u1ec7t Nam<\/span><\/a><\/li><\/ul><\/div><div class=\"vc_tta-panels-container bc-no-auto-translate-database-services 4\"><div class=\"vc_tta-panels\"><div class=\"vc_tta-panel vc_active\" id=\"1618825828207-7454c4a0-0a8a\" data-vc-content=\".vc_tta-panel-body\"><div class=\"vc_tta-panel-heading\"><h4 class=\"vc_tta-panel-title\"><a href=\"#1618825828207-7454c4a0-0a8a\" data-vc-accordion data-vc-container=\".vc_tta-container\"><span class=\"vc_tta-title-text\">D\u00e2n s\u1ed1 &amp; X\u00e3 h\u1ed9i Vi\u1ec7t Nam<\/span><\/a><\/h4><\/div><div class=\"vc_tta-panel-body\"><div class=\"vc_row wpb_row vc_inner vc_row-fluid\"><div class=\"wpb_column vc_column_container vc_col-sm-12\"><div class=\"vc_column-inner\"><div class=\"wpb_wrapper\">\n\t<div  class=\"wpb_single_image wpb_content_element vc_align_left\">\n\t\t\n\t\t<figure class=\"wpb_wrapper vc_figure\">\n\t\t\t<div class=\"vc_single_image-wrapper   vc_box_border_grey\"><img width=\"2167\" height=\"1500\" src=\"https:\/\/b-company.jp\/wp-content\/uploads\/2024\/06\/956eaae84756676e9f259777da976918-1.jpg\" class=\"vc_single_image-img attachment-full\" alt=\"\" decoding=\"async\" srcset=\"https:\/\/b-company.jp\/wp-content\/uploads\/2024\/06\/956eaae84756676e9f259777da976918-1.jpg 2167w, https:\/\/b-company.jp\/wp-content\/uploads\/2024\/06\/956eaae84756676e9f259777da976918-1-300x208.jpg 300w, https:\/\/b-company.jp\/wp-content\/uploads\/2024\/06\/956eaae84756676e9f259777da976918-1-1024x709.jpg 1024w, https:\/\/b-company.jp\/wp-content\/uploads\/2024\/06\/956eaae84756676e9f259777da976918-1-768x532.jpg 768w, https:\/\/b-company.jp\/wp-content\/uploads\/2024\/06\/956eaae84756676e9f259777da976918-1-1536x1063.jpg 1536w, https:\/\/b-company.jp\/wp-content\/uploads\/2024\/06\/956eaae84756676e9f259777da976918-1-2048x1418.jpg 2048w\" sizes=\"(max-width: 2167px) 100vw, 2167px\" data-no-auto-translation=\"\" \/><\/div>\n\t\t<\/figure>\n\t<\/div>\n<\/div><\/div><\/div><\/div>\n\t<div class=\"wpb_text_column wpb_content_element\" >\n\t\t<div class=\"wpb_wrapper\">\n\t\t\t\n\t\t<\/div>\n\t<\/div>\n<\/div><\/div><div class=\"vc_tta-panel\" id=\"1618825828217-6e4db953-a6b2\" data-vc-content=\".vc_tta-panel-body\"><div class=\"vc_tta-panel-heading\"><h4 class=\"vc_tta-panel-title\"><a href=\"#1618825828217-6e4db953-a6b2\" data-vc-accordion data-vc-container=\".vc_tta-container\"><span class=\"vc_tta-title-text\">Kinh t\u1ebf Vi\u1ec7t Nam<\/span><\/a><\/h4><\/div><div class=\"vc_tta-panel-body\"><div class=\"vc_row wpb_row vc_inner vc_row-fluid\"><div class=\"wpb_column vc_column_container vc_col-sm-12\"><div class=\"vc_column-inner\"><div class=\"wpb_wrapper\">\n\t<div  class=\"wpb_single_image wpb_content_element vc_align_left\">\n\t\t\n\t\t<figure class=\"wpb_wrapper vc_figure\">\n\t\t\t<div class=\"vc_single_image-wrapper   vc_box_border_grey\"><img width=\"2167\" height=\"1500\" src=\"https:\/\/b-company.jp\/wp-content\/uploads\/2024\/06\/956eaae84756676e9f259777da976918-2.jpg\" class=\"vc_single_image-img attachment-full\" alt=\"\" decoding=\"async\" srcset=\"https:\/\/b-company.jp\/wp-content\/uploads\/2024\/06\/956eaae84756676e9f259777da976918-2.jpg 2167w, https:\/\/b-company.jp\/wp-content\/uploads\/2024\/06\/956eaae84756676e9f259777da976918-2-300x208.jpg 300w, https:\/\/b-company.jp\/wp-content\/uploads\/2024\/06\/956eaae84756676e9f259777da976918-2-1024x709.jpg 1024w, https:\/\/b-company.jp\/wp-content\/uploads\/2024\/06\/956eaae84756676e9f259777da976918-2-768x532.jpg 768w, https:\/\/b-company.jp\/wp-content\/uploads\/2024\/06\/956eaae84756676e9f259777da976918-2-1536x1063.jpg 1536w, https:\/\/b-company.jp\/wp-content\/uploads\/2024\/06\/956eaae84756676e9f259777da976918-2-2048x1418.jpg 2048w\" sizes=\"(max-width: 2167px) 100vw, 2167px\" data-no-auto-translation=\"\" \/><\/div>\n\t\t<\/figure>\n\t<\/div>\n<\/div><\/div><\/div><\/div>\n\t<div class=\"wpb_text_column wpb_content_element\" >\n\t\t<div class=\"wpb_wrapper\">\n\t\t\t\n\t\t<\/div>\n\t<\/div>\n<\/div><\/div><div class=\"vc_tta-panel\" id=\"1618825869747-1e8ac015-1dea\" data-vc-content=\".vc_tta-panel-body\"><div class=\"vc_tta-panel-heading\"><h4 class=\"vc_tta-panel-title\"><a href=\"#1618825869747-1e8ac015-1dea\" data-vc-accordion data-vc-container=\".vc_tta-container\"><span class=\"vc_tta-title-text\">Th\u1ed1ng k\u00ea \u0111\u1ea7u t\u01b0 Vi\u1ec7t Nam<\/span><\/a><\/h4><\/div><div class=\"vc_tta-panel-body\"><div class=\"vc_row wpb_row vc_inner vc_row-fluid\"><div class=\"wpb_column vc_column_container vc_col-sm-12\"><div class=\"vc_column-inner\"><div class=\"wpb_wrapper\">\n\t<div  class=\"wpb_single_image wpb_content_element vc_align_left\">\n\t\t\n\t\t<figure class=\"wpb_wrapper vc_figure\">\n\t\t\t<div class=\"vc_single_image-wrapper   vc_box_border_grey\"><img width=\"2167\" height=\"1500\" src=\"https:\/\/b-company.jp\/wp-content\/uploads\/2024\/06\/bc02a6dd66dd6d82d30acb805c58aab2-3-1.jpg\" class=\"vc_single_image-img attachment-full\" alt=\"\" decoding=\"async\" srcset=\"https:\/\/b-company.jp\/wp-content\/uploads\/2024\/06\/bc02a6dd66dd6d82d30acb805c58aab2-3-1.jpg 2167w, https:\/\/b-company.jp\/wp-content\/uploads\/2024\/06\/bc02a6dd66dd6d82d30acb805c58aab2-3-1-300x208.jpg 300w, https:\/\/b-company.jp\/wp-content\/uploads\/2024\/06\/bc02a6dd66dd6d82d30acb805c58aab2-3-1-1024x709.jpg 1024w, https:\/\/b-company.jp\/wp-content\/uploads\/2024\/06\/bc02a6dd66dd6d82d30acb805c58aab2-3-1-768x532.jpg 768w, https:\/\/b-company.jp\/wp-content\/uploads\/2024\/06\/bc02a6dd66dd6d82d30acb805c58aab2-3-1-1536x1063.jpg 1536w, https:\/\/b-company.jp\/wp-content\/uploads\/2024\/06\/bc02a6dd66dd6d82d30acb805c58aab2-3-1-2048x1418.jpg 2048w\" sizes=\"(max-width: 2167px) 100vw, 2167px\" data-no-auto-translation=\"\" \/><\/div>\n\t\t<\/figure>\n\t<\/div>\n<\/div><\/div><\/div><\/div>\n\t<div class=\"wpb_text_column wpb_content_element\" >\n\t\t<div class=\"wpb_wrapper\">\n\t\t\t\n\t\t<\/div>\n\t<\/div>\n<\/div><\/div><\/div><\/div><\/div><\/div><\/div><\/div><\/div><\/div><div class=\"vc_row wpb_row vc_row-fluid vc_custom_1619430145114\"><div class=\"wpb_column vc_column_container vc_col-sm-12\"><div class=\"vc_column-inner\"><div class=\"wpb_wrapper\"><h4 style=\"color: #33c6e9;text-align: left\" class=\"vc_custom_heading vc_custom_1619430102925\" >B\u00e1o c\u00e1o \u0111\u1ea7y \u0111\u1ee7 v\u1ec1 kinh t\u1ebf x\u00e3 h\u1ed9i Vi\u1ec7t Nam: l\u1ecbch s\u1eed, ph\u00e1t tri\u1ec3n, xu h\u01b0\u1edbng m\u1edbi n\u1ed5i v\u00e0 tri\u1ec3n v\u1ecdng t\u01b0\u01a1ng lai<\/h4><div class=\"vc_row wpb_row vc_inner vc_row-fluid vc_custom_1619430123394\"><div class=\"wpb_column vc_column_container vc_col-sm-4\"><div class=\"vc_column-inner\"><div class=\"wpb_wrapper\">\n\t<div class=\"wpb_text_column wpb_content_element\" >\n\t\t<div class=\"wpb_wrapper\">\n\t\t\t<div class=\"simple-text\" style=\"font-size: 15px;\">\n<p>\u2013 T\u1ed5ng quan v\u1ec1 Vi\u1ec7t Nam<\/p>\n<p>\u2013 D\u1eef li\u1ec7u nh\u00e2n kh\u1ea9u h\u1ecdc Vi\u1ec7t Nam<\/p>\n<p>\u2013 T\u1ed5ng quan ph\u00e1t tri\u1ec3n kinh t\u1ebf x\u00e3 h\u1ed9i Vi\u1ec7t Nam<\/p>\n<\/div>\n\n\t\t<\/div>\n\t<\/div>\n<\/div><\/div><\/div><div class=\"wpb_column vc_column_container vc_col-sm-4\"><div class=\"vc_column-inner\"><div class=\"wpb_wrapper\">\n\t<div class=\"wpb_text_column wpb_content_element\" >\n\t\t<div class=\"wpb_wrapper\">\n\t\t\t<div class=\"simple-text\" style=\"font-size: 15px;\">\n<p>\u2013 \u0110\u00e1nh gi\u00e1 Khung ph\u00e1p l\u00fd<\/p>\n<p>\u2013 Xu h\u01b0\u1edbng \u0111\u1ea7u t\u01b0 m\u1edbi n\u1ed5i<\/p>\n<p>\u2013 Ph\u00e2n t\u00edch ph\u00e1t tri\u1ec3n kinh t\u1ebf theo t\u1eebng ng\u00e0nh<\/p>\n<\/div>\n\n\t\t<\/div>\n\t<\/div>\n<\/div><\/div><\/div><div class=\"wpb_column vc_column_container vc_col-sm-4\"><div class=\"vc_column-inner\"><div class=\"wpb_wrapper\">\n\t<div class=\"wpb_text_column wpb_content_element\" >\n\t\t<div class=\"wpb_wrapper\">\n\t\t\t<div class=\"simple-text\" style=\"text-align: right;\"><a class=\"c-btn\" href=\"https:\/\/b-company.jp\/vi\/contact-us\/\">Y\u00eau c\u1ea7u th\u00eam<br \/>\nth\u00f4ng tin<\/a><\/div>\n\n\t\t<\/div>\n\t<\/div>\n<\/div><\/div><\/div><\/div><\/div><\/div><\/div><\/div>","protected":false},"excerpt":{"rendered":"Nh\u00ecn l\u1ea1i Vi\u1ec7t Nam S\u1ef1 ph\u00e1t tri\u1ec3n kinh t\u1ebf - x\u00e3 h\u1ed9i c\u1ee7a Vi\u1ec7t Nam trong v\u00e0i th\u1eadp k\u1ef7 qua th\u1eadt \u0111\u00e1ng ch\u00fa \u00fd. \u0110\u1ea5t n\u01b0\u1edbc n\u00e0y hi\u1ec7n \u0111\u00e3 tr\u1edf th\u00e0nh m\u1ed9t trong nh\u1eefng n\u1ec1n kinh t\u1ebf n\u0103ng \u0111\u1ed9ng nh\u1ea5t \u1edf khu v\u1ef1c \u0110\u00f4ng Nam \u00c1. S\u1ef1 b\u00f9ng ph\u00e1t c\u1ee7a Covid-19 k\u1ec3 t\u1eeb cu\u1ed1i n\u0103m 2019 \u0111\u00e3 g\u00e2y ra nh\u1eefng t\u00e1c \u0111\u1ed9ng s\u00e2u r\u1ed9ng \u0111\u1ebfn m\u1ecdi l\u0129nh v\u1ef1c tr\u00ean to\u00e0n th\u1ebf gi\u1edbi bao g\u1ed3m c\u1ea3 cu\u1ed9c kh\u1ee7ng ho\u1ea3ng kinh t\u1ebf nghi\u00eam tr\u1ecdng.","protected":false},"author":3,"featured_media":0,"parent":608,"menu_order":0,"comment_status":"closed","ping_status":"closed","template":"","meta":[],"yoast_head":"<!-- This site is optimized with the Yoast SEO Premium plugin v15.1.2 - https:\/\/yoast.com\/wordpress\/plugins\/seo\/ -->\n<title>Vietnam Statistic - B-Company - Vietnam social-economic development<\/title>\n<meta name=\"description\" content=\"The social-economic development of Vietnam over the last few decades has been remarkable. The country has now become one of the most dynamic economies in the Southeast Asian region. We provide Vietnam statistic\" \/>\n<meta name=\"robots\" content=\"index, follow, max-snippet:-1, max-image-preview:large, max-video-preview:-1\" \/>\n<link rel=\"canonical\" href=\"https:\/\/b-company.jp\/vi\/database\/vietnam-statistics\/\" \/>\n<meta property=\"og:locale\" content=\"vi_VN\" \/>\n<meta property=\"og:type\" content=\"article\" \/>\n<meta property=\"og:title\" content=\"Vietnam Statistic - B-Company - Vietnam social-economic development\" \/>\n<meta property=\"og:description\" content=\"The social-economic development of Vietnam over the last few decades has been remarkable. The country has now become one of the most dynamic economies in the Southeast Asian region. We provide Vietnam statistic\" \/>\n<meta property=\"og:url\" content=\"https:\/\/b-company.jp\/vi\/database\/vietnam-statistics\/\" \/>\n<meta property=\"og:site_name\" content=\"B-Company\" \/>\n<meta property=\"article:modified_time\" content=\"2025-07-15T04:55:28+00:00\" \/>\n<meta name=\"twitter:card\" content=\"summary_large_image\" \/>\n<script type=\"application\/ld+json\" class=\"yoast-schema-graph\">{\"@context\":\"https:\/\/schema.org\",\"@graph\":[{\"@type\":\"WebSite\",\"@id\":\"https:\/\/b-company.jp\/vi\/#website\",\"url\":\"https:\/\/b-company.jp\/vi\/\",\"name\":\"B-Company\",\"description\":\"Vietnam Market Research &amp; Investment Consulting\",\"potentialAction\":[{\"@type\":\"SearchAction\",\"target\":\"https:\/\/b-company.jp\/vi\/?s={search_term_string}\",\"query-input\":\"required name=search_term_string\"}],\"inLanguage\":\"vi\"},{\"@type\":\"WebPage\",\"@id\":\"https:\/\/b-company.jp\/database\/vietnam-statistics\/#webpage\",\"url\":\"https:\/\/b-company.jp\/database\/vietnam-statistics\/\",\"name\":\"Vietnam Statistic - B-Company - Vietnam social-economic development\",\"isPartOf\":{\"@id\":\"https:\/\/b-company.jp\/vi\/#website\"},\"datePublished\":\"2020-11-25T08:25:23+00:00\",\"dateModified\":\"2025-07-15T04:55:28+00:00\",\"description\":\"The social-economic development of Vietnam over the last few decades has been remarkable. The country has now become one of the most dynamic economies in the Southeast Asian region. We provide Vietnam statistic\",\"inLanguage\":\"vi\",\"potentialAction\":[{\"@type\":\"ReadAction\",\"target\":[\"https:\/\/b-company.jp\/database\/vietnam-statistics\/\"]}]}]}<\/script>\n<!-- \/ Yoast SEO Premium plugin. -->","_links":{"self":[{"href":"https:\/\/b-company.jp\/vi\/wp-json\/wp\/v2\/pages\/7666"}],"collection":[{"href":"https:\/\/b-company.jp\/vi\/wp-json\/wp\/v2\/pages"}],"about":[{"href":"https:\/\/b-company.jp\/vi\/wp-json\/wp\/v2\/types\/page"}],"author":[{"embeddable":true,"href":"https:\/\/b-company.jp\/vi\/wp-json\/wp\/v2\/users\/3"}],"replies":[{"embeddable":true,"href":"https:\/\/b-company.jp\/vi\/wp-json\/wp\/v2\/comments?post=7666"}],"version-history":[{"count":26,"href":"https:\/\/b-company.jp\/vi\/wp-json\/wp\/v2\/pages\/7666\/revisions"}],"predecessor-version":[{"id":22050,"href":"https:\/\/b-company.jp\/vi\/wp-json\/wp\/v2\/pages\/7666\/revisions\/22050"}],"up":[{"embeddable":true,"href":"https:\/\/b-company.jp\/vi\/wp-json\/wp\/v2\/pages\/608"}],"wp:attachment":[{"href":"https:\/\/b-company.jp\/vi\/wp-json\/wp\/v2\/media?parent=7666"}],"curies":[{"name":"wp","href":"https:\/\/api.w.org\/{rel}","templated":true}]}}