{"id":7657,"date":"2020-11-25T16:09:30","date_gmt":"2020-11-25T09:09:30","guid":{"rendered":"http:\/\/b-company.jp\/?page_id=7657"},"modified":"2020-11-25T16:09:30","modified_gmt":"2020-11-25T09:09:30","slug":"vietnam-healthcare","status":"publish","type":"page","link":"https:\/\/b-company.jp\/vi\/database\/vietnam-healthcare\/","title":{"rendered":"Y t\u1ebf Vi\u1ec7t Nam"},"content":{"rendered":"<div data-vc-full-width=\"true\" data-vc-full-width-init=\"false\" class=\"vc_row wpb_row vc_row-fluid vc_custom_1606294773667 vc_row-has-fill\"><div class=\"wpb_column vc_column_container vc_col-sm-12\"><div class=\"vc_column-inner\"><div class=\"wpb_wrapper\"><h2 style=\"color: #ffffff;text-align: center\" class=\"vc_custom_heading tt-tittle vc_custom_1606293973290\" >S\u1eafp ra m\u1eaft!<\/h2>\n\t<div class=\"wpb_text_column wpb_content_element\" >\n\t\t<div class=\"wpb_wrapper\">\n\t\t\t<div class=\"simple-text\" style=\"color: #ffffff; text-align: center;\">Ch\u00fang t\u00f4i s\u1eafp ho\u00e0n th\u00e0nh r\u1ed3i. N\u1ebfu b\u1ea1n mu\u1ed1n nh\u1eadn th\u00f4ng b\u00e1o khi d\u1ecbch v\u1ee5 n\u00e0y kh\u1ea3 d\u1ee5ng tr\u1ef1c tuy\u1ebfn, vui l\u00f2ng \u0111\u0103ng k\u00fd v\u00e0o danh s\u00e1ch g\u1eedi th\u01b0 c\u1ee7a ch\u00fang t\u00f4i:<\/div>\n\n\t\t<\/div>\n\t<\/div>\n\n\t<div class=\"wpb_text_column wpb_content_element  vc_custom_1606295078029\" >\n\t\t<div class=\"wpb_wrapper\">\n\t\t\t<p style=\"text-align: center;\"><script>(function() {\n\twindow.mc4wp = window.mc4wp || {\n\t\tlisteners: [],\n\t\tforms: {\n\t\t\ton: function(evt, cb) {\n\t\t\t\twindow.mc4wp.listeners.push(\n\t\t\t\t\t{\n\t\t\t\t\t\tevent   : evt,\n\t\t\t\t\t\tcallback: cb\n\t\t\t\t\t}\n\t\t\t\t);\n\t\t\t}\n\t\t}\n\t}\n})();\n<\/script><!-- Mailchimp for WordPress v4.9.9 - https:\/\/wordpress.org\/plugins\/mailchimp-for-wp\/ --><form id=\"mc4wp-form-1\" class=\"mc4wp-form mc4wp-form-22\" method=\"post\" data-id=\"22\" data-name=\"\" action=\"\" ><div class=\"mc4wp-form-fields\"><div class=\"empty-space marg-lg-b20\"><\/div>\r\n\r\n                          \r\n                            <div class=\"empty-space marg-lg-b15\"><\/div>\r\n\r\n                            <!-- TT-SUBSCRIBE -->\r\n                           <div class=\"tt-subscribe\">\r\n                                \r\n                                    <input type=\"text\" required=\"\" placeholder=\"Nh\u1eadp email c\u1ee7a b\u1ea1n\">\r\n                                    <div class=\"tt-subscribe-submit\">\r\n                                        <i class=\"fa fa-envelope\" aria-hidden=\"true\"><\/i>\r\n                                        <input type=\"submit\" title=\"n\u00fat g\u1eedi\" style=\"color: rgba(0,0,0,0);\">\r\n                                    <\/div>\r\n                                \r\n                            <\/div>\r\n                            <div class=\"empty-space marg-lg-b30\"><\/div><\/div><label style=\"display: none !important;\">\u0110\u1ec3 tr\u1ed1ng tr\u01b0\u1eddng n\u00e0y n\u1ebfu b\u1ea1n l\u00e0 ng\u01b0\u1eddi: <input type=\"text\" name=\"_mc4wp_honeypot\" value=\"\" tabindex=\"-1\" autocomplete=\"off\" \/><\/label><input type=\"hidden\" name=\"_mc4wp_timestamp\" value=\"1775511661\" \/><input type=\"hidden\" name=\"_mc4wp_form_id\" value=\"22\" \/><input type=\"hidden\" name=\"_mc4wp_form_element_id\" value=\"mc4wp-form-1\" \/><div class=\"mc4wp-response\"><\/div><input type=\"hidden\" name=\"trp-form-language\" value=\"vi\"\/><\/form><!-- \/ Mailchimp for WordPress Plugin --><\/p>\n\n\t\t<\/div>\n\t<\/div>\n\n\t<div class=\"wpb_text_column wpb_content_element  vc_custom_1606295101236\" >\n\t\t<div class=\"wpb_wrapper\">\n\t\t\t<div class=\"quality_requirement\" style=\"color: #ffffff;\">\n<div class=\"simple-text\" style=\"color: #ffffff; text-align: center;\">\n<p>Trong khi \u0111\u00f3, \u0111\u00e2y l\u00e0 danh s\u00e1ch c\u00e1c d\u1ecbch v\u1ee5 kh\u00e1c m\u00e0 ch\u00fang t\u00f4i cung c\u1ea5p:<\/p>\n<ul>\n<li><a href=\"http:\/\/b-company.jp\/vi\/market-research\/\" target=\"_blank\" rel=\"noopener noreferrer\"><span style=\"color: #ffffff;\">Nghi\u00ean c\u1ee9u th\u1ecb tr\u01b0\u1eddng<\/span><\/a><\/li>\n<li><span style=\"color: #ffffff;\"><a style=\"color: #ffffff;\" href=\"http:\/\/b-company.jp\/vi\/market-entry-consulting\/\" target=\"_blank\" rel=\"noopener noreferrer\">T\u01b0 v\u1ea5n th\u00e2m nh\u1eadp th\u1ecb tr\u01b0\u1eddng<\/a><\/span><\/li>\n<li><span style=\"color: #ffffff;\"><a style=\"color: #ffffff;\" href=\"http:\/\/b-company.jp\/vi\/business-tour\/\" target=\"_blank\" rel=\"noopener noreferrer\">Kh\u1ea3o s\u00e1t doanh nghi\u1ec7p<\/a><\/span><\/li>\n<li><span style=\"color: #ffffff;\"><a style=\"color: #ffffff;\" href=\"http:\/\/b-company.jp\/vi\/marketing-support\/\" target=\"_blank\" rel=\"noopener noreferrer\">H\u1ed7 tr\u1ee3 ho\u1ea1t \u0111\u1ed9ng Marketing<\/a><\/span><\/li>\n<li><span style=\"color: #ffffff;\"><a style=\"color: #ffffff;\" href=\"http:\/\/b-company.jp\/vi\/facility-rental\/\" target=\"_blank\" rel=\"noopener noreferrer\">Cho thu\u00ea c\u01a1 s\u1edf<\/a><\/span><\/li>\n<li><span style=\"color: #ffffff;\"><a style=\"color: #ffffff;\" href=\"http:\/\/b-company.jp\/vi\/business-database-service\/\" target=\"_blank\" rel=\"noopener noreferrer\">D\u1ecbch v\u1ee5 c\u01a1 s\u1edf d\u1eef li\u1ec7u doanh nghi\u1ec7p<\/a><\/span><\/li>\n<li><span style=\"color: #ffffff;\"><a style=\"color: #ffffff;\" href=\"http:\/\/b-company.jp\/vi\/business-matching\/\" target=\"_blank\" rel=\"noopener noreferrer\">K\u1ebft n\u1ed1i doanh nghi\u1ec7p<\/a><\/span><\/li>\n<li><span style=\"color: #ffffff;\"><a style=\"color: #ffffff;\" href=\"http:\/\/b-company.jp\/vi\/business-support\/\" target=\"_blank\" rel=\"noopener noreferrer\">H\u1ed7 tr\u1ee3 ho\u1ea1t \u0111\u1ed9ng doanh nghi\u1ec7p<\/a><\/span><\/li>\n<\/ul>\n<\/div>\n<\/div>\n\n\t\t<\/div>\n\t<\/div>\n<\/div><\/div><\/div><\/div><div class=\"vc_row-full-width vc_clearfix\"><\/div>","protected":false},"excerpt":{"rendered":"S\u1eafp ra m\u1eaft! Ch\u00fang t\u00f4i s\u1eafp ho\u00e0n th\u00e0nh r\u1ed3i. N\u1ebfu b\u1ea1n mu\u1ed1n nh\u1eadn th\u00f4ng b\u00e1o khi d\u1ecbch v\u1ee5 n\u00e0y kh\u1ea3 d\u1ee5ng tr\u1ef1c tuy\u1ebfn, vui l\u00f2ng \u0111\u0103ng k\u00fd danh s\u00e1ch g\u1eedi th\u01b0 c\u1ee7a ch\u00fang t\u00f4i: \u0110\u1ec3 tr\u1ed1ng tr\u01b0\u1eddng n\u00e0y n\u1ebfu b\u1ea1n l\u00e0 ng\u01b0\u1eddi: Trong khi \u0111\u00f3, \u0111\u00e2y l\u00e0 danh s\u00e1ch c\u00e1c d\u1ecbch v\u1ee5 kh\u00e1c m\u00e0 ch\u00fang t\u00f4i \u0111ang cung c\u1ea5p: Nghi\u00ean c\u1ee9u th\u1ecb tr\u01b0\u1eddng T\u01b0 v\u1ea5n th\u00e2m nh\u1eadp th\u1ecb tr\u01b0\u1eddng Tham quan doanh nghi\u1ec7p H\u1ed7 tr\u1ee3 ti\u1ebfp th\u1ecb Cho thu\u00ea c\u01a1 s\u1edf C\u01a1 s\u1edf d\u1eef li\u1ec7u doanh nghi\u1ec7p","protected":false},"author":3,"featured_media":0,"parent":608,"menu_order":0,"comment_status":"closed","ping_status":"closed","template":"","meta":[],"yoast_head":"<!-- This site is optimized with the Yoast SEO Premium plugin v15.1.2 - https:\/\/yoast.com\/wordpress\/plugins\/seo\/ -->\n<title>Vietnam Healthcare - B-Company<\/title>\n<meta name=\"robots\" content=\"index, follow, max-snippet:-1, max-image-preview:large, max-video-preview:-1\" \/>\n<link rel=\"canonical\" href=\"https:\/\/b-company.jp\/vi\/database\/vietnam-healthcare\/\" \/>\n<meta property=\"og:locale\" content=\"vi_VN\" \/>\n<meta property=\"og:type\" content=\"article\" \/>\n<meta property=\"og:title\" content=\"Vietnam Healthcare - B-Company\" \/>\n<meta property=\"og:url\" content=\"https:\/\/b-company.jp\/vi\/database\/vietnam-healthcare\/\" \/>\n<meta property=\"og:site_name\" content=\"B-Company\" \/>\n<meta name=\"twitter:card\" content=\"summary_large_image\" \/>\n<script type=\"application\/ld+json\" class=\"yoast-schema-graph\">{\"@context\":\"https:\/\/schema.org\",\"@graph\":[{\"@type\":\"WebSite\",\"@id\":\"https:\/\/b-company.jp\/vi\/#website\",\"url\":\"https:\/\/b-company.jp\/vi\/\",\"name\":\"B-Company\",\"description\":\"Vietnam Market Research &amp; Investment Consulting\",\"potentialAction\":[{\"@type\":\"SearchAction\",\"target\":\"https:\/\/b-company.jp\/vi\/?s={search_term_string}\",\"query-input\":\"required name=search_term_string\"}],\"inLanguage\":\"vi\"},{\"@type\":\"WebPage\",\"@id\":\"https:\/\/b-company.jp\/database\/vietnam-healthcare\/#webpage\",\"url\":\"https:\/\/b-company.jp\/database\/vietnam-healthcare\/\",\"name\":\"Vietnam Healthcare - B-Company\",\"isPartOf\":{\"@id\":\"https:\/\/b-company.jp\/vi\/#website\"},\"datePublished\":\"2020-11-25T09:09:30+00:00\",\"dateModified\":\"2020-11-25T09:09:30+00:00\",\"inLanguage\":\"vi\",\"potentialAction\":[{\"@type\":\"ReadAction\",\"target\":[\"https:\/\/b-company.jp\/database\/vietnam-healthcare\/\"]}]}]}<\/script>\n<!-- \/ Yoast SEO Premium plugin. -->","_links":{"self":[{"href":"https:\/\/b-company.jp\/vi\/wp-json\/wp\/v2\/pages\/7657"}],"collection":[{"href":"https:\/\/b-company.jp\/vi\/wp-json\/wp\/v2\/pages"}],"about":[{"href":"https:\/\/b-company.jp\/vi\/wp-json\/wp\/v2\/types\/page"}],"author":[{"embeddable":true,"href":"https:\/\/b-company.jp\/vi\/wp-json\/wp\/v2\/users\/3"}],"replies":[{"embeddable":true,"href":"https:\/\/b-company.jp\/vi\/wp-json\/wp\/v2\/comments?post=7657"}],"version-history":[{"count":0,"href":"https:\/\/b-company.jp\/vi\/wp-json\/wp\/v2\/pages\/7657\/revisions"}],"up":[{"embeddable":true,"href":"https:\/\/b-company.jp\/vi\/wp-json\/wp\/v2\/pages\/608"}],"wp:attachment":[{"href":"https:\/\/b-company.jp\/vi\/wp-json\/wp\/v2\/media?parent=7657"}],"curies":[{"name":"wp","href":"https:\/\/api.w.org\/{rel}","templated":true}]}}