{"id":6883,"date":"2020-07-27T15:46:05","date_gmt":"2020-07-27T08:46:05","guid":{"rendered":"http:\/\/b-company.jp\/?page_id=6883"},"modified":"2024-03-25T23:11:45","modified_gmt":"2024-03-25T16:11:45","slug":"business-database-service","status":"publish","type":"page","link":"https:\/\/b-company.jp\/vi\/business-database-service\/","title":{"rendered":"D\u1ecbch v\u1ee5 c\u01a1 s\u1edf d\u1eef li\u1ec7u doanh nghi\u1ec7p"},"content":{"rendered":"<div class=\"vc_row wpb_row vc_row-fluid\"><div class=\"col-md-push-8 col-lg-push-9 full-width-responsive catUpperCase ourservices wpb_column vc_column_container vc_col-sm-3\"><div class=\"vc_column-inner\"><div class=\"wpb_wrapper\"><div class=\"mobileSearch large\">\n\tThanh b\u00ean\t<i class=\"fa fa-angle-down\"><\/i>\n<\/div>\n<aside class=\"blogAside\" style=\"display: none;\">\n\t<ul class=\"categoryList normall\">\n\t\t\n\t\t\t\t\t\t\t\t\t<li class=\"\"><a href=\"https:\/\/b-company.jp\/vi\/market-research\/\">Nghi\u00ean c\u1ee9u th\u1ecb tr\u01b0\u1eddng<\/a><\/li>\n\t\t\n\t\t\t\t\t\t\t\t\t<li class=\"\"><a href=\"https:\/\/b-company.jp\/vi\/market-entry-consulting\/\">T\u01b0 v\u1ea5n th\u00e2m nh\u1eadp th\u1ecb tr\u01b0\u1eddng<\/a><\/li>\n\t\t\n\t\t\t\t\t\t\t\t\t<li class=\"\"><a href=\"https:\/\/b-company.jp\/vi\/business-database-service\/\">Khu v\u1ef1c c\u00f4ng<\/a><\/li>\n\t\t\n\t\t\t\t\t\t\t\t\t<li class=\"\"><a href=\"https:\/\/b-company.jp\/vi\/business-tour\/\">Kh\u1ea3o s\u00e1t doanh nghi\u1ec7p<\/a><\/li>\n\t\t\n\t\t\t\t\t\t\t\t\t<li class=\"\"><a href=\"https:\/\/b-company.jp\/vi\/marketing-support\/\">H\u1ed7 tr\u1ee3 ho\u1ea1t \u0111\u1ed9ng Marketing<\/a><\/li>\n\t\t\n\t\t\t\t\t\t\t\t\t<li class=\"activeCat\"><a href=\"https:\/\/b-company.jp\/vi\/business-database-service\/\">D\u1ecbch v\u1ee5 c\u01a1 s\u1edf d\u1eef li\u1ec7u doanh nghi\u1ec7p<\/a><\/li>\n\t\t\n\t\t\t\t\t\t\t\t\t<li class=\"\"><a href=\"https:\/\/b-company.jp\/vi\/business-matching\/\">K\u1ebft n\u1ed1i doanh nghi\u1ec7p<\/a><\/li>\n\t\t\n\t\t\t\t\t\t\t\t\t<li class=\"\"><a href=\"https:\/\/b-company.jp\/vi\/business-support\/\">H\u1ed7 tr\u1ee3 ho\u1ea1t \u0111\u1ed9ng doanh nghi\u1ec7p<\/a><\/li>\n\t\t\t<\/ul>\n\t<div class=\"faq_query\">\n\t\t<h4 class=\"tt-faq-title\">Li\u00ean h\u1ec7<\/h4>\n\t\t<div class=\"simple-text\">\n\t\t\t<p>Vui l\u00f2ng \u0111\u1eebng ng\u1ea7n ng\u1ea1i li\u00ean h\u1ec7 v\u1edbi ch\u00fang t\u00f4i n\u1ebfu b\u1ea1n c\u00f3 b\u1ea5t k\u1ef3 th\u1eafc m\u1eafc n\u00e0o. Ch\u00fang t\u00f4i ch\u1ec9 c\u00e1ch b\u1ea1n m\u1ed9t CLICK!<\/p>\n\t\t<\/div>\n\t\t<a href=\"https:\/\/b-company.jp\/vi\/contact-us\/\">Li\u00ean h\u1ec7<\/a>\n\t<\/div>\n<\/aside>\n<\/div><\/div><\/div><div class=\"col-lg-pull-3 col-md-pull-4 full-width-responsive wpb_column vc_column_container vc_col-sm-9\"><div class=\"vc_column-inner\"><div class=\"wpb_wrapper\">\n\t<div class=\"wpb_text_column wpb_content_element\" >\n\t\t<div class=\"wpb_wrapper\">\n\t\t\t<div class=\"mainServicesContent\">\n<h4 class=\"tt-quality-title\">D\u1ecbch v\u1ee5 c\u01a1 s\u1edf d\u1eef li\u1ec7u doanh nghi\u1ec7p<\/h4>\n<\/div>\n\n\t\t<\/div>\n\t<\/div>\n<div class=\"vc_empty_space\"   style=\"height: 32px\"><span class=\"vc_empty_space_inner\"><\/span><\/div><\/div><\/div><\/div><div class=\"full-width-responsive wpb_column vc_column_container vc_col-sm-3\"><div class=\"vc_column-inner\"><div class=\"wpb_wrapper\"><\/div><\/div><\/div><div class=\"full-width-responsive RespSpace wpb_column vc_column_container vc_col-sm-8\"><div class=\"vc_column-inner vc_custom_1596513173684\"><div class=\"wpb_wrapper\"><div class=\"vc_row wpb_row vc_inner vc_row-fluid images\"><div class=\"wpb_column vc_column_container vc_col-sm-12\"><div class=\"vc_column-inner\"><div class=\"wpb_wrapper\"><div class=\"col-md-6 col-sm-6\"><div class=\"single-content\">\n\t\t\t\t\t\t<div class=\"item single-project-item\"> \n\t\t\t\t\t\t <div class=\"img-holder\">\n\t\t\t\t\t<img src=\"https:\/\/b-company.jp\/wp-content\/uploads\/2020\/08\/Vietnam-Key-Statistics.png\" width=\"350\" height=\"205\" title=\"Vietnam Key Statistics\" data-no-auto-translation=\"\">\n\t\t\t\t\t<h4>Vietnam Key Statistics<\/h4>\n\t\t\t\t\t<div class=\"this-infos\">\n\t\t\t\t\t\t<div class=\"infos-inner\">\n\t\t\t\t\t\t<h4>Vietnam Key Statistics<\/h4>\n\t\t\t\t\t\t<a href=\"http:\/\/b-company.jp\/vi\/database\/vietnam-statistics\/\" class=\"this-link\">Xem th\u00eam<\/a>\n\t\t\t\t\t\t<\/div>\n\t\t\t\t\t  <\/div>\n\t\t\t\t\t<\/div><\/div>\n\t\t\t\t <\/div><\/div><div class=\"col-md-6 col-sm-6\"><div class=\"single-content\">\n\t\t\t\t\t\t<div class=\"item single-project-item\"> \n\t\t\t\t\t\t <div class=\"img-holder\">\n\t\t\t\t\t<img src=\"https:\/\/b-company.jp\/wp-content\/uploads\/2020\/08\/Vietnam-Legal-Framework.png\" width=\"350\" height=\"205\" title=\"Vietnam Legal Framework\" data-no-auto-translation=\"\">\n\t\t\t\t\t<h4>Vietnam Legal Framework<\/h4>\n\t\t\t\t\t<div class=\"this-infos\">\n\t\t\t\t\t\t<div class=\"infos-inner\">\n\t\t\t\t\t\t<h4>Vietnam Legal Framework<\/h4>\n\t\t\t\t\t\t<a href=\"http:\/\/b-company.jp\/vi\/database\/vietnam-legal-framework\/\" class=\"this-link\">Xem th\u00eam<\/a>\n\t\t\t\t\t\t<\/div>\n\t\t\t\t\t  <\/div>\n\t\t\t\t\t<\/div><\/div>\n\t\t\t\t <\/div><\/div><div class=\"col-md-6 col-sm-6\"><div class=\"single-content\">\n\t\t\t\t\t\t<div class=\"item single-project-item\"> \n\t\t\t\t\t\t <div class=\"img-holder\">\n\t\t\t\t\t<img src=\"https:\/\/b-company.jp\/wp-content\/uploads\/2020\/08\/Vietnam-Enterprise-Data.png\" width=\"350\" height=\"205\" title=\"Vietnam Enterprise Data\" data-no-auto-translation=\"\">\n\t\t\t\t\t<h4>Vietnam Enterprise Data<\/h4>\n\t\t\t\t\t<div class=\"this-infos\">\n\t\t\t\t\t\t<div class=\"infos-inner\">\n\t\t\t\t\t\t<h4>Vietnam Enterprise Data<\/h4>\n\t\t\t\t\t\t<a href=\"http:\/\/b-company.jp\/vi\/database\/vietnam-enterprise-data\/\" class=\"this-link\">Xem th\u00eam<\/a>\n\t\t\t\t\t\t<\/div>\n\t\t\t\t\t  <\/div>\n\t\t\t\t\t<\/div><\/div>\n\t\t\t\t <\/div><\/div><div class=\"col-md-6 col-sm-6\"><div class=\"single-content\">\n\t\t\t\t\t\t<div class=\"item single-project-item\"> \n\t\t\t\t\t\t <div class=\"img-holder\">\n\t\t\t\t\t<img src=\"https:\/\/b-company.jp\/wp-content\/uploads\/2020\/08\/Industry-Reports.png\" width=\"350\" height=\"205\" title=\"Industry Reports\" data-no-auto-translation=\"\">\n\t\t\t\t\t<h4>Industry Reports<\/h4>\n\t\t\t\t\t<div class=\"this-infos\">\n\t\t\t\t\t\t<div class=\"infos-inner\">\n\t\t\t\t\t\t<h4>Industry Reports<\/h4>\n\t\t\t\t\t\t<a href=\"http:\/\/b-company.jp\/vi\/reports\/\" class=\"this-link\">Xem th\u00eam<\/a>\n\t\t\t\t\t\t<\/div>\n\t\t\t\t\t  <\/div>\n\t\t\t\t\t<\/div><\/div>\n\t\t\t\t <\/div><\/div><\/div><\/div><\/div><\/div><\/div><\/div><\/div><\/div>","protected":false},"excerpt":{"rendered":"Nghi\u00ean c\u1ee9u th\u1ecb tr\u01b0\u1eddng T\u01b0 v\u1ea5n th\u00e2m nh\u1eadp th\u1ecb tr\u01b0\u1eddng Ch\u01b0\u01a1ng tr\u00ecnh du l\u1ecbch doanh nghi\u1ec7p khu v\u1ef1c c\u00f4ng H\u1ed7 tr\u1ee3 ti\u1ebfp th\u1ecb D\u1ecbch v\u1ee5 c\u01a1 s\u1edf d\u1eef li\u1ec7u doanh nghi\u1ec7p K\u1ebft n\u1ed1i doanh nghi\u1ec7p H\u1ed7 tr\u1ee3 kinh doanh Li\u00ean h\u1ec7 Vui l\u00f2ng \u0111\u1eebng ng\u1ea7n ng\u1ea1i li\u00ean h\u1ec7 v\u1edbi ch\u00fang t\u00f4i n\u1ebfu b\u1ea1n c\u00f3 b\u1ea5t k\u1ef3 th\u1eafc m\u1eafc n\u00e0o. Ch\u00fang t\u00f4i ch\u1ec9 c\u00e1ch b\u1ea1n m\u1ed9t c\u00fa nh\u1ea5p chu\u1ed9t! Li\u00ean h\u1ec7 v\u1edbi ch\u00fang t\u00f4i D\u1ecbch v\u1ee5 c\u01a1 s\u1edf d\u1eef li\u1ec7u doanh nghi\u1ec7p Th\u1ed1ng k\u00ea ch\u00ednh Vi\u1ec7t Nam Th\u1ed1ng k\u00ea ch\u00ednh Vi\u1ec7t Nam Xem th\u00eam Ph\u00e1p lu\u1eadt Vi\u1ec7t Nam","protected":false},"author":3,"featured_media":0,"parent":0,"menu_order":0,"comment_status":"closed","ping_status":"closed","template":"","meta":[],"yoast_head":"<!-- This site is optimized with the Yoast SEO Premium plugin v15.1.2 - https:\/\/yoast.com\/wordpress\/plugins\/seo\/ -->\n<title>Business Database Service - B-Company<\/title>\n<meta name=\"robots\" content=\"index, follow, max-snippet:-1, max-image-preview:large, max-video-preview:-1\" \/>\n<link rel=\"canonical\" href=\"https:\/\/b-company.jp\/vi\/business-database-service\/\" \/>\n<meta property=\"og:locale\" content=\"vi_VN\" \/>\n<meta property=\"og:type\" content=\"article\" \/>\n<meta property=\"og:title\" content=\"Business Database Service - B-Company\" \/>\n<meta property=\"og:url\" content=\"https:\/\/b-company.jp\/vi\/business-database-service\/\" \/>\n<meta property=\"og:site_name\" content=\"B-Company\" \/>\n<meta property=\"article:modified_time\" content=\"2024-03-25T16:11:45+00:00\" \/>\n<meta name=\"twitter:card\" content=\"summary_large_image\" \/>\n<script type=\"application\/ld+json\" class=\"yoast-schema-graph\">{\"@context\":\"https:\/\/schema.org\",\"@graph\":[{\"@type\":\"WebSite\",\"@id\":\"https:\/\/b-company.jp\/vi\/#website\",\"url\":\"https:\/\/b-company.jp\/vi\/\",\"name\":\"B-Company\",\"description\":\"Vietnam Market Research &amp; Investment Consulting\",\"potentialAction\":[{\"@type\":\"SearchAction\",\"target\":\"https:\/\/b-company.jp\/vi\/?s={search_term_string}\",\"query-input\":\"required name=search_term_string\"}],\"inLanguage\":\"vi\"},{\"@type\":\"WebPage\",\"@id\":\"https:\/\/b-company.jp\/business-database-service\/#webpage\",\"url\":\"https:\/\/b-company.jp\/business-database-service\/\",\"name\":\"Business Database Service - B-Company\",\"isPartOf\":{\"@id\":\"https:\/\/b-company.jp\/vi\/#website\"},\"datePublished\":\"2020-07-27T08:46:05+00:00\",\"dateModified\":\"2024-03-25T16:11:45+00:00\",\"inLanguage\":\"vi\",\"potentialAction\":[{\"@type\":\"ReadAction\",\"target\":[\"https:\/\/b-company.jp\/business-database-service\/\"]}]}]}<\/script>\n<!-- \/ Yoast SEO Premium plugin. -->","_links":{"self":[{"href":"https:\/\/b-company.jp\/vi\/wp-json\/wp\/v2\/pages\/6883"}],"collection":[{"href":"https:\/\/b-company.jp\/vi\/wp-json\/wp\/v2\/pages"}],"about":[{"href":"https:\/\/b-company.jp\/vi\/wp-json\/wp\/v2\/types\/page"}],"author":[{"embeddable":true,"href":"https:\/\/b-company.jp\/vi\/wp-json\/wp\/v2\/users\/3"}],"replies":[{"embeddable":true,"href":"https:\/\/b-company.jp\/vi\/wp-json\/wp\/v2\/comments?post=6883"}],"version-history":[{"count":2,"href":"https:\/\/b-company.jp\/vi\/wp-json\/wp\/v2\/pages\/6883\/revisions"}],"predecessor-version":[{"id":13127,"href":"https:\/\/b-company.jp\/vi\/wp-json\/wp\/v2\/pages\/6883\/revisions\/13127"}],"wp:attachment":[{"href":"https:\/\/b-company.jp\/vi\/wp-json\/wp\/v2\/media?parent=6883"}],"curies":[{"name":"wp","href":"https:\/\/api.w.org\/{rel}","templated":true}]}}