{"id":6836,"date":"2020-07-23T12:13:42","date_gmt":"2020-07-23T05:13:42","guid":{"rendered":"http:\/\/b-company.jp\/?page_id=6836"},"modified":"2024-03-26T23:30:12","modified_gmt":"2024-03-26T16:30:12","slug":"mystery-shopping","status":"publish","type":"page","link":"https:\/\/b-company.jp\/vi\/market-research\/mystery-shopping\/","title":{"rendered":"Mua s\u1eafm \u1ea9n danh"},"content":{"rendered":"<div class=\"col-md-push-8 col-lg-push-9 full-width-responsive catUpperCase deskresearch wpb_column vc_column_container vc_col-sm-3\"><div class=\"vc_column-inner\"><div class=\"wpb_wrapper\"><div class=\"mobileSearch large\">\n\tThanh b\u00ean\t<i class=\"fa fa-angle-down\"><\/i>\n<\/div>\n<aside class=\"blogAside\" style=\"display: none;\">\n\t<ul class=\"categoryList normall\">\n\t\t\n\t\t\t\t\t\t\t\t\t<li class=\"\"><a href=\"https:\/\/b-company.jp\/vi\/market-research\/\">Nghi\u00ean c\u1ee9u th\u1ecb tr\u01b0\u1eddng<\/a><\/li>\n\t\t\n\t\t\t\t\t\t\t\t\t<li class=\"\"><a href=\"https:\/\/b-company.jp\/vi\/market-entry-consulting\/\">T\u01b0 v\u1ea5n th\u00e2m nh\u1eadp th\u1ecb tr\u01b0\u1eddng<\/a><\/li>\n\t\t\n\t\t\t\t\t\t\t\t\t<li class=\"\"><a href=\"https:\/\/b-company.jp\/vi\/market-research\/mystery-shopping\/\">Khu v\u1ef1c c\u00f4ng<\/a><\/li>\n\t\t\n\t\t\t\t\t\t\t\t\t<li class=\"\"><a href=\"https:\/\/b-company.jp\/vi\/business-tour\/\">Kh\u1ea3o s\u00e1t doanh nghi\u1ec7p<\/a><\/li>\n\t\t\n\t\t\t\t\t\t\t\t\t<li class=\"\"><a href=\"https:\/\/b-company.jp\/vi\/marketing-support\/\">H\u1ed7 tr\u1ee3 ho\u1ea1t \u0111\u1ed9ng Marketing<\/a><\/li>\n\t\t\n\t\t\t\t\t\t\t\t\t<li class=\"\"><a href=\"https:\/\/b-company.jp\/vi\/business-database-service\/\">D\u1ecbch v\u1ee5 c\u01a1 s\u1edf d\u1eef li\u1ec7u doanh nghi\u1ec7p<\/a><\/li>\n\t\t\n\t\t\t\t\t\t\t\t\t<li class=\"\"><a href=\"https:\/\/b-company.jp\/vi\/business-matching\/\">K\u1ebft n\u1ed1i doanh nghi\u1ec7p<\/a><\/li>\n\t\t\n\t\t\t\t\t\t\t\t\t<li class=\"\"><a href=\"https:\/\/b-company.jp\/vi\/business-support\/\">H\u1ed7 tr\u1ee3 ho\u1ea1t \u0111\u1ed9ng doanh nghi\u1ec7p<\/a><\/li>\n\t\t\t<\/ul>\n\t<div class=\"faq_query\">\n\t\t<h4 class=\"tt-faq-title\">Li\u00ean h\u1ec7<\/h4>\n\t\t<div class=\"simple-text\">\n\t\t\t<p>Vui l\u00f2ng \u0111\u1eebng ng\u1ea7n ng\u1ea1i li\u00ean h\u1ec7 v\u1edbi ch\u00fang t\u00f4i n\u1ebfu b\u1ea1n c\u00f3 b\u1ea5t k\u1ef3 th\u1eafc m\u1eafc n\u00e0o. Ch\u00fang t\u00f4i ch\u1ec9 c\u00e1ch b\u1ea1n m\u1ed9t CLICK!<\/p>\n\t\t<\/div>\n\t\t<a href=\"https:\/\/b-company.jp\/vi\/contact-us\/\">Li\u00ean h\u1ec7<\/a>\n\t<\/div>\n<\/aside>\n<\/div><\/div><\/div><div class=\"col-lg-pull-3 col-md-pull-4 full-width-responsive wpb_column vc_column_container vc_col-sm-9\"><div class=\"vc_column-inner\"><div class=\"wpb_wrapper\">\n\t<div class=\"wpb_text_column wpb_content_element\" >\n\t\t<div class=\"wpb_wrapper\">\n\t\t\t<div class=\"mainServicesContent\">\n<div class=\"quality_requirement\">\n<h4 class=\"tt-quality-title\">Mua s\u1eafm \u1ea9n danh<\/h4>\n<div class=\"simple-text\">\n<p>C\u00e1ch mua s\u1eafm truy\u1ec1n th\u1ed1ng v\u00e0 hi\u1ec7n \u0111\u1ea1i c\u00f9ng t\u1ed3n t\u1ea1i \u1edf h\u1ea7u h\u1ebft c\u00e1c v\u00f9ng c\u1ee7a Vi\u1ec7t Nam v\u1edbi c\u00e1c m\u00f4 h\u00ecnh mua s\u1eafm kh\u00e1c nhau. Ph\u01b0\u01a1ng th\u1ee9c Mystery Shopping l\u00e0 m\u1ed9t l\u1ef1a ch\u1ecdn nh\u1eb1m \u0111\u00e1nh gi\u00e1 ch\u1ea5t l\u01b0\u1ee3ng th\u1ef1c hi\u1ec7n d\u1ecbch v\u1ee5 c\u0169ng nh\u01b0 t\u00ecm hi\u1ec3u kh\u00e1ch h\u00e0ng m\u1ee5c ti\u00eau, xu h\u01b0\u1edbng th\u1ecb tr\u01b0\u1eddng v\u00e0 \u0111\u1ed1i th\u1ee7 c\u1ea1nh tranh.<\/p>\n<p>V\u1edbi v\u0103n ph\u00f2ng t\u1ea1i H\u00e0 N\u1ed9i v\u00e0 H\u1ed3 Ch\u00ed Minh, nh\u00f3m nghi\u00ean c\u1ee9u th\u1ef1c \u0111\u1ecba c\u1ee7a ch\u00fang t\u00f4i c\u00f3 th\u1ec3 bao ph\u1ee7 c\u00e1c th\u00e0nh ph\u1ed1 l\u1edbn \u1edf Vi\u1ec7t Nam \u0111\u1ec3 \u0111\u00e1p \u1ee9ng y\u00eau c\u1ea7u nghi\u00ean c\u1ee9u th\u1ecb tr\u01b0\u1eddng c\u1ee7a b\u1ea1n.\n<\/p><\/div>\n<\/div>\n<\/div>\n\n\t\t<\/div>\n\t<\/div>\n<\/div><\/div><\/div>","protected":false},"excerpt":{"rendered":"Sidebar Market Research Market Entry Consulting Public Sector Business Tour Marketing Support Business Database Service Business Matching Business Support Get In Touch Please do not hesitate to contact us if you have any queries. We are just a CLICK away! Contact us Mystery Shopping Traditional and modern ways of shopping co-exist in most parts of","protected":false},"author":3,"featured_media":0,"parent":6784,"menu_order":0,"comment_status":"closed","ping_status":"closed","template":"","meta":[],"yoast_head":"<!-- This site is optimized with the Yoast SEO Premium plugin v15.1.2 - https:\/\/yoast.com\/wordpress\/plugins\/seo\/ -->\n<title>Mystery Shopping - B-Company<\/title>\n<meta name=\"robots\" content=\"index, follow, max-snippet:-1, max-image-preview:large, max-video-preview:-1\" \/>\n<link rel=\"canonical\" href=\"https:\/\/b-company.jp\/vi\/market-research\/mystery-shopping\/\" \/>\n<meta property=\"og:locale\" content=\"vi_VN\" \/>\n<meta property=\"og:type\" content=\"article\" \/>\n<meta property=\"og:title\" content=\"Mystery Shopping - B-Company\" \/>\n<meta property=\"og:url\" content=\"https:\/\/b-company.jp\/vi\/market-research\/mystery-shopping\/\" \/>\n<meta property=\"og:site_name\" content=\"B-Company\" \/>\n<meta property=\"article:modified_time\" content=\"2024-03-26T16:30:12+00:00\" \/>\n<meta name=\"twitter:card\" content=\"summary_large_image\" \/>\n<script type=\"application\/ld+json\" class=\"yoast-schema-graph\">{\"@context\":\"https:\/\/schema.org\",\"@graph\":[{\"@type\":\"WebSite\",\"@id\":\"https:\/\/b-company.jp\/vi\/#website\",\"url\":\"https:\/\/b-company.jp\/vi\/\",\"name\":\"B-Company\",\"description\":\"Vietnam Market Research &amp; Investment Consulting\",\"potentialAction\":[{\"@type\":\"SearchAction\",\"target\":\"https:\/\/b-company.jp\/vi\/?s={search_term_string}\",\"query-input\":\"required name=search_term_string\"}],\"inLanguage\":\"vi\"},{\"@type\":\"WebPage\",\"@id\":\"https:\/\/b-company.jp\/market-research\/mystery-shopping\/#webpage\",\"url\":\"https:\/\/b-company.jp\/market-research\/mystery-shopping\/\",\"name\":\"Mystery Shopping - B-Company\",\"isPartOf\":{\"@id\":\"https:\/\/b-company.jp\/vi\/#website\"},\"datePublished\":\"2020-07-23T05:13:42+00:00\",\"dateModified\":\"2024-03-26T16:30:12+00:00\",\"inLanguage\":\"vi\",\"potentialAction\":[{\"@type\":\"ReadAction\",\"target\":[\"https:\/\/b-company.jp\/market-research\/mystery-shopping\/\"]}]}]}<\/script>\n<!-- \/ Yoast SEO Premium plugin. -->","_links":{"self":[{"href":"https:\/\/b-company.jp\/vi\/wp-json\/wp\/v2\/pages\/6836"}],"collection":[{"href":"https:\/\/b-company.jp\/vi\/wp-json\/wp\/v2\/pages"}],"about":[{"href":"https:\/\/b-company.jp\/vi\/wp-json\/wp\/v2\/types\/page"}],"author":[{"embeddable":true,"href":"https:\/\/b-company.jp\/vi\/wp-json\/wp\/v2\/users\/3"}],"replies":[{"embeddable":true,"href":"https:\/\/b-company.jp\/vi\/wp-json\/wp\/v2\/comments?post=6836"}],"version-history":[{"count":1,"href":"https:\/\/b-company.jp\/vi\/wp-json\/wp\/v2\/pages\/6836\/revisions"}],"predecessor-version":[{"id":13181,"href":"https:\/\/b-company.jp\/vi\/wp-json\/wp\/v2\/pages\/6836\/revisions\/13181"}],"up":[{"embeddable":true,"href":"https:\/\/b-company.jp\/vi\/wp-json\/wp\/v2\/pages\/6784"}],"wp:attachment":[{"href":"https:\/\/b-company.jp\/vi\/wp-json\/wp\/v2\/media?parent=6836"}],"curies":[{"name":"wp","href":"https:\/\/api.w.org\/{rel}","templated":true}]}}