{"id":6835,"date":"2020-07-23T12:12:10","date_gmt":"2020-07-23T05:12:10","guid":{"rendered":"http:\/\/b-company.jp\/?page_id=6835"},"modified":"2024-03-26T23:30:01","modified_gmt":"2024-03-26T16:30:01","slug":"home-visiting","status":"publish","type":"page","link":"https:\/\/b-company.jp\/vi\/market-research\/home-visiting\/","title":{"rendered":"Gh\u00e9 th\u0103m tr\u1ef1c ti\u1ebfp"},"content":{"rendered":"<div class=\"col-md-push-8 col-lg-push-9 full-width-responsive catUpperCase deskresearch wpb_column vc_column_container vc_col-sm-3\"><div class=\"vc_column-inner\"><div class=\"wpb_wrapper\"><div class=\"mobileSearch large\">\n\tThanh b\u00ean\t<i class=\"fa fa-angle-down\"><\/i>\n<\/div>\n<aside class=\"blogAside\" style=\"display: none;\">\n\t<ul class=\"categoryList normall\">\n\t\t\n\t\t\t\t\t\t\t\t\t<li class=\"\"><a href=\"https:\/\/b-company.jp\/vi\/market-research\/\">Nghi\u00ean c\u1ee9u th\u1ecb tr\u01b0\u1eddng<\/a><\/li>\n\t\t\n\t\t\t\t\t\t\t\t\t<li class=\"\"><a href=\"https:\/\/b-company.jp\/vi\/market-entry-consulting\/\">T\u01b0 v\u1ea5n th\u00e2m nh\u1eadp th\u1ecb tr\u01b0\u1eddng<\/a><\/li>\n\t\t\n\t\t\t\t\t\t\t\t\t<li class=\"\"><a href=\"https:\/\/b-company.jp\/vi\/market-research\/home-visiting\/\">Khu v\u1ef1c c\u00f4ng<\/a><\/li>\n\t\t\n\t\t\t\t\t\t\t\t\t<li class=\"\"><a href=\"https:\/\/b-company.jp\/vi\/business-tour\/\">Kh\u1ea3o s\u00e1t doanh nghi\u1ec7p<\/a><\/li>\n\t\t\n\t\t\t\t\t\t\t\t\t<li class=\"\"><a href=\"https:\/\/b-company.jp\/vi\/marketing-support\/\">H\u1ed7 tr\u1ee3 ho\u1ea1t \u0111\u1ed9ng Marketing<\/a><\/li>\n\t\t\n\t\t\t\t\t\t\t\t\t<li class=\"\"><a href=\"https:\/\/b-company.jp\/vi\/business-database-service\/\">D\u1ecbch v\u1ee5 c\u01a1 s\u1edf d\u1eef li\u1ec7u doanh nghi\u1ec7p<\/a><\/li>\n\t\t\n\t\t\t\t\t\t\t\t\t<li class=\"\"><a href=\"https:\/\/b-company.jp\/vi\/business-matching\/\">K\u1ebft n\u1ed1i doanh nghi\u1ec7p<\/a><\/li>\n\t\t\n\t\t\t\t\t\t\t\t\t<li class=\"\"><a href=\"https:\/\/b-company.jp\/vi\/business-support\/\">H\u1ed7 tr\u1ee3 ho\u1ea1t \u0111\u1ed9ng doanh nghi\u1ec7p<\/a><\/li>\n\t\t\t<\/ul>\n\t<div class=\"faq_query\">\n\t\t<h4 class=\"tt-faq-title\">Li\u00ean h\u1ec7<\/h4>\n\t\t<div class=\"simple-text\">\n\t\t\t<p>Vui l\u00f2ng \u0111\u1eebng ng\u1ea7n ng\u1ea1i li\u00ean h\u1ec7 v\u1edbi ch\u00fang t\u00f4i n\u1ebfu b\u1ea1n c\u00f3 b\u1ea5t k\u1ef3 th\u1eafc m\u1eafc n\u00e0o. Ch\u00fang t\u00f4i ch\u1ec9 c\u00e1ch b\u1ea1n m\u1ed9t CLICK!<\/p>\n\t\t<\/div>\n\t\t<a href=\"https:\/\/b-company.jp\/vi\/contact-us\/\">Li\u00ean h\u1ec7<\/a>\n\t<\/div>\n<\/aside>\n<\/div><\/div><\/div><div class=\"col-lg-pull-3 col-md-pull-4 full-width-responsive wpb_column vc_column_container vc_col-sm-9\"><div class=\"vc_column-inner\"><div class=\"wpb_wrapper\">\n\t<div class=\"wpb_text_column wpb_content_element\" >\n\t\t<div class=\"wpb_wrapper\">\n\t\t\t<div class=\"mainServicesContent\">\n<div class=\"quality_requirement\">\n<h4 class=\"tt-quality-title\">Gh\u00e9 th\u0103m tr\u1ef1c ti\u1ebfp<\/h4>\n<div class=\"simple-text\">\n<p>V\u1edbi n\u1ec1n kinh t\u1ebf m\u1edbi n\u1ed5i v\u00e0 l\u1ecbch s\u1eed ph\u00e1t tri\u1ec3n l\u00e2u d\u00e0i, ch\u1ee9a \u0111\u1ef1ng nhi\u1ec1u di s\u1ea3n v\u00e0 v\u0103n h\u00f3a ti\u1ec1m t\u00e0ng, Vi\u1ec7t Nam s\u1edf h\u1eefu nhi\u1ec1u ti\u1ec1m n\u0103ng v\u00e0 c\u01a1 h\u1ed9i ph\u00e1t tri\u1ec3n to l\u1edbn. \u0110\u1ebfn th\u0103m ng\u01b0\u1eddi d\u00e2n \u0111\u1ecba ph\u01b0\u01a1ng, l\u1eafng nghe h\u1ecd chia s\u1ebb c\u00e2u chuy\u1ec7n l\u00e0 c\u00e1ch t\u1ed1t nh\u1ea5t \u0111\u1ec3 hi\u1ec3u kh\u00e1ch h\u00e0ng m\u1ee5c ti\u00eau c\u1ee7a b\u1ea1n.\n<\/p><\/div>\n<\/div>\n<\/div>\n\n\t\t<\/div>\n\t<\/div>\n<\/div><\/div><\/div>","protected":false},"excerpt":{"rendered":"Nghi\u00ean c\u1ee9u th\u1ecb tr\u01b0\u1eddng T\u01b0 v\u1ea5n th\u00e2m nh\u1eadp th\u1ecb tr\u01b0\u1eddng Ch\u01b0\u01a1ng tr\u00ecnh tham quan doanh nghi\u1ec7p khu v\u1ef1c c\u00f4ng H\u1ed7 tr\u1ee3 ti\u1ebfp th\u1ecb D\u1ecbch v\u1ee5 c\u01a1 s\u1edf d\u1eef li\u1ec7u doanh nghi\u1ec7p K\u1ebft n\u1ed1i doanh nghi\u1ec7p H\u1ed7 tr\u1ee3 kinh doanh Li\u00ean h\u1ec7 Vui l\u00f2ng \u0111\u1eebng ng\u1ea7n ng\u1ea1i li\u00ean h\u1ec7 v\u1edbi ch\u00fang t\u00f4i n\u1ebfu b\u1ea1n c\u00f3 b\u1ea5t k\u1ef3 th\u1eafc m\u1eafc n\u00e0o. Ch\u00fang t\u00f4i ch\u1ec9 c\u00e1ch b\u1ea1n m\u1ed9t c\u00fa nh\u1ea5p chu\u1ed9t! Li\u00ean h\u1ec7 v\u1edbi ch\u00fang t\u00f4i Tham quan trang ch\u1ee7 V\u1edbi m\u1ed9t n\u1ec1n kinh t\u1ebf \u0111ang ph\u00e1t tri\u1ec3n v\u00e0 l\u1ecbch s\u1eed ph\u00e1t tri\u1ec3n l\u00e2u d\u00e0i, ti\u1ec1m n\u0103ng ph\u00e1t tri\u1ec3n v\u1eabn lu\u00f4n hi\u1ec7n h\u1eefu","protected":false},"author":3,"featured_media":0,"parent":6784,"menu_order":0,"comment_status":"closed","ping_status":"closed","template":"","meta":[],"yoast_head":"<!-- This site is optimized with the Yoast SEO Premium plugin v15.1.2 - https:\/\/yoast.com\/wordpress\/plugins\/seo\/ -->\n<title>Home Visiting - B-Company<\/title>\n<meta name=\"robots\" content=\"index, follow, max-snippet:-1, max-image-preview:large, max-video-preview:-1\" \/>\n<link rel=\"canonical\" href=\"https:\/\/b-company.jp\/vi\/market-research\/home-visiting\/\" \/>\n<meta property=\"og:locale\" content=\"vi_VN\" \/>\n<meta property=\"og:type\" content=\"article\" \/>\n<meta property=\"og:title\" content=\"Home Visiting - B-Company\" \/>\n<meta property=\"og:url\" content=\"https:\/\/b-company.jp\/vi\/market-research\/home-visiting\/\" \/>\n<meta property=\"og:site_name\" content=\"B-Company\" \/>\n<meta property=\"article:modified_time\" content=\"2024-03-26T16:30:01+00:00\" \/>\n<meta name=\"twitter:card\" content=\"summary_large_image\" \/>\n<script type=\"application\/ld+json\" class=\"yoast-schema-graph\">{\"@context\":\"https:\/\/schema.org\",\"@graph\":[{\"@type\":\"WebSite\",\"@id\":\"https:\/\/b-company.jp\/vi\/#website\",\"url\":\"https:\/\/b-company.jp\/vi\/\",\"name\":\"B-Company\",\"description\":\"Vietnam Market Research &amp; Investment Consulting\",\"potentialAction\":[{\"@type\":\"SearchAction\",\"target\":\"https:\/\/b-company.jp\/vi\/?s={search_term_string}\",\"query-input\":\"required name=search_term_string\"}],\"inLanguage\":\"vi\"},{\"@type\":\"WebPage\",\"@id\":\"https:\/\/b-company.jp\/market-research\/home-visiting\/#webpage\",\"url\":\"https:\/\/b-company.jp\/market-research\/home-visiting\/\",\"name\":\"Home Visiting - B-Company\",\"isPartOf\":{\"@id\":\"https:\/\/b-company.jp\/vi\/#website\"},\"datePublished\":\"2020-07-23T05:12:10+00:00\",\"dateModified\":\"2024-03-26T16:30:01+00:00\",\"inLanguage\":\"vi\",\"potentialAction\":[{\"@type\":\"ReadAction\",\"target\":[\"https:\/\/b-company.jp\/market-research\/home-visiting\/\"]}]}]}<\/script>\n<!-- \/ Yoast SEO Premium plugin. -->","_links":{"self":[{"href":"https:\/\/b-company.jp\/vi\/wp-json\/wp\/v2\/pages\/6835"}],"collection":[{"href":"https:\/\/b-company.jp\/vi\/wp-json\/wp\/v2\/pages"}],"about":[{"href":"https:\/\/b-company.jp\/vi\/wp-json\/wp\/v2\/types\/page"}],"author":[{"embeddable":true,"href":"https:\/\/b-company.jp\/vi\/wp-json\/wp\/v2\/users\/3"}],"replies":[{"embeddable":true,"href":"https:\/\/b-company.jp\/vi\/wp-json\/wp\/v2\/comments?post=6835"}],"version-history":[{"count":1,"href":"https:\/\/b-company.jp\/vi\/wp-json\/wp\/v2\/pages\/6835\/revisions"}],"predecessor-version":[{"id":13180,"href":"https:\/\/b-company.jp\/vi\/wp-json\/wp\/v2\/pages\/6835\/revisions\/13180"}],"up":[{"embeddable":true,"href":"https:\/\/b-company.jp\/vi\/wp-json\/wp\/v2\/pages\/6784"}],"wp:attachment":[{"href":"https:\/\/b-company.jp\/vi\/wp-json\/wp\/v2\/media?parent=6835"}],"curies":[{"name":"wp","href":"https:\/\/api.w.org\/{rel}","templated":true}]}}