{"id":6833,"date":"2020-07-23T12:05:48","date_gmt":"2020-07-23T05:05:48","guid":{"rendered":"http:\/\/b-company.jp\/?page_id=6833"},"modified":"2024-03-26T23:30:45","modified_gmt":"2024-03-26T16:30:45","slug":"quantitative-research","status":"publish","type":"page","link":"https:\/\/b-company.jp\/vi\/market-research\/quantitative-research\/","title":{"rendered":"Nghi\u00ean c\u1ee9u \u0111\u1ecbnh l\u01b0\u1ee3ng"},"content":{"rendered":"<div class=\"vc_row wpb_row vc_row-fluid\"><div class=\"col-md-push-8 col-lg-push-9 full-width-responsive catUpperCase deskresearch wpb_column vc_column_container vc_col-sm-3\"><div class=\"vc_column-inner\"><div class=\"wpb_wrapper\"><div class=\"mobileSearch large\">\n\tThanh b\u00ean\t<i class=\"fa fa-angle-down\"><\/i>\n<\/div>\n<aside class=\"blogAside\" style=\"display: none;\">\n\t<ul class=\"categoryList normall\">\n\t\t\n\t\t\t\t\t\t\t\t\t<li class=\"\"><a href=\"https:\/\/b-company.jp\/vi\/market-research\/\">Nghi\u00ean c\u1ee9u th\u1ecb tr\u01b0\u1eddng<\/a><\/li>\n\t\t\n\t\t\t\t\t\t\t\t\t<li class=\"\"><a href=\"https:\/\/b-company.jp\/vi\/market-entry-consulting\/\">T\u01b0 v\u1ea5n th\u00e2m nh\u1eadp th\u1ecb tr\u01b0\u1eddng<\/a><\/li>\n\t\t\n\t\t\t\t\t\t\t\t\t<li class=\"\"><a href=\"https:\/\/b-company.jp\/vi\/market-research\/quantitative-research\/\">Khu v\u1ef1c c\u00f4ng<\/a><\/li>\n\t\t\n\t\t\t\t\t\t\t\t\t<li class=\"\"><a href=\"https:\/\/b-company.jp\/vi\/business-tour\/\">Kh\u1ea3o s\u00e1t doanh nghi\u1ec7p<\/a><\/li>\n\t\t\n\t\t\t\t\t\t\t\t\t<li class=\"\"><a href=\"https:\/\/b-company.jp\/vi\/marketing-support\/\">H\u1ed7 tr\u1ee3 ho\u1ea1t \u0111\u1ed9ng Marketing<\/a><\/li>\n\t\t\n\t\t\t\t\t\t\t\t\t<li class=\"\"><a href=\"https:\/\/b-company.jp\/vi\/business-database-service\/\">D\u1ecbch v\u1ee5 c\u01a1 s\u1edf d\u1eef li\u1ec7u doanh nghi\u1ec7p<\/a><\/li>\n\t\t\n\t\t\t\t\t\t\t\t\t<li class=\"\"><a href=\"https:\/\/b-company.jp\/vi\/business-matching\/\">K\u1ebft n\u1ed1i doanh nghi\u1ec7p<\/a><\/li>\n\t\t\n\t\t\t\t\t\t\t\t\t<li class=\"\"><a href=\"https:\/\/b-company.jp\/vi\/business-support\/\">H\u1ed7 tr\u1ee3 ho\u1ea1t \u0111\u1ed9ng doanh nghi\u1ec7p<\/a><\/li>\n\t\t\t<\/ul>\n\t<div class=\"faq_query\">\n\t\t<h4 class=\"tt-faq-title\">Li\u00ean h\u1ec7<\/h4>\n\t\t<div class=\"simple-text\">\n\t\t\t<p>Vui l\u00f2ng \u0111\u1eebng ng\u1ea7n ng\u1ea1i li\u00ean h\u1ec7 v\u1edbi ch\u00fang t\u00f4i n\u1ebfu b\u1ea1n c\u00f3 b\u1ea5t k\u1ef3 th\u1eafc m\u1eafc n\u00e0o. Ch\u00fang t\u00f4i ch\u1ec9 c\u00e1ch b\u1ea1n m\u1ed9t CLICK!<\/p>\n\t\t<\/div>\n\t\t<a href=\"https:\/\/b-company.jp\/vi\/contact-us\/\">Li\u00ean h\u1ec7<\/a>\n\t<\/div>\n<\/aside>\n<\/div><\/div><\/div><div class=\"col-lg-pull-3 col-md-pull-4 full-width-responsive wpb_column vc_column_container vc_col-sm-9\"><div class=\"vc_column-inner\"><div class=\"wpb_wrapper\">\n\t<div class=\"wpb_text_column wpb_content_element\" >\n\t\t<div class=\"wpb_wrapper\">\n\t\t\t<div class=\"mainServicesContent\">\n<div class=\"quality_requirement\">\n<h4 class=\"tt-quality-title\">Nghi\u00ean c\u1ee9u \u0111\u1ecbnh l\u01b0\u1ee3ng<\/h4>\n<div class=\"simple-text\">\n<p>D\u1ecbch v\u1ee5 Nghi\u00ean c\u1ee9u \u0111\u1ecbnh l\u01b0\u1ee3ng c\u1ee7a ch\u00fang t\u00f4i bao g\u1ed3m c\u00e1c ph\u01b0\u01a1ng ph\u00e1p sau:\n<\/p><\/div>\n<ul>\n<li>Kh\u1ea3o s\u00e1t tr\u1ef1c tuy\u1ebfn<\/li>\n<li>Kh\u1ea3o s\u00e1t qua \u0111i\u1ec7n tho\u1ea1i<\/li>\n<li>Kh\u1ea3o s\u00e1t tr\u1ef1c ti\u1ebfp<\/li>\n<li>Th\u1eed nghi\u1ec7m t\u1eadp trung (CLT)<\/li>\n<\/ul>\n<div class=\"simple-text\">\n<p>Ch\u00fang t\u00f4i \u0111\u00e3 ph\u00e1t tri\u1ec3n n\u1ec1n t\u1ea3ng kh\u1ea3o s\u00e1t tr\u1ef1c tuy\u1ebfn c\u1ee7a ri\u00eang m\u00ecnh mang t\u00ean BEAN Survey v\u1edbi s\u1ed1 l\u01b0\u1ee3ng l\u1edbn ng\u01b0\u1eddi tham gia kh\u1ea3o s\u00e1t tr\u00ean kh\u1eafp c\u00e1c th\u00e0nh ph\u1ed1 l\u1edbn \u1edf Vi\u1ec7t Nam. Ngo\u00e0i ra, ch\u00fang t\u00f4i c\u00f2n c\u00f3 m\u1ea1ng l\u01b0\u1edbi v\u1edbi c\u00e1c \u0111\u1ed1i t\u00e1c nghi\u00ean c\u1ee9u kh\u00e1c \u1edf khu v\u1ef1c \u0110\u00f4ng \u00c1 nh\u01b0 Nh\u1eadt B\u1ea3n, H\u00e0n Qu\u1ed1c, Th\u00e1i Lan, Singapore, \u0110\u00e0i Loan\u2026 \u0111\u1ec3 h\u1ed7 tr\u1ee3 kh\u00e1ch h\u00e0ng th\u1ef1c hi\u1ec7n c\u00e1c d\u1ef1 \u00e1n li\u00ean khu v\u1ef1c. <a href=\"https:\/\/beansurvey.vn\">Kh\u1ea3o s\u00e1t BEAN<\/a> v\u1edbi s\u1ed1 l\u01b0\u1ee3ng l\u1edbn c\u00e1c chuy\u00ean gia tham gia t\u1ea1i c\u00e1c th\u00e0nh ph\u1ed1 l\u1edbn t\u1ea1i Vi\u1ec7t Nam. B\u00ean c\u1ea1nh \u0111\u00f3, ch\u00fang t\u00f4i c\u00f2n c\u00f3 m\u1ea1ng l\u01b0\u1edbi v\u1edbi c\u00e1c \u0111\u1ed1i t\u00e1c nghi\u00ean c\u1ee9u kh\u00e1c t\u1ea1i c\u00e1c khu v\u1ef1c \u0110\u00f4ng \u00c1 nh\u01b0 Nh\u1eadt B\u1ea3n, H\u00e0n Qu\u1ed1c, Th\u00e1i Lan, Singapore, \u0110\u00e0i Loan\u2026 \u0111\u1ec3 h\u1ed7 tr\u1ee3 kh\u00e1ch h\u00e0ng th\u1ef1c hi\u1ec7n c\u00e1c d\u1ef1 \u00e1n xuy\u00ean khu v\u1ef1c.<\/p>\n<p>Kh\u00e1ch h\u00e0ng ch\u1ecdn ch\u00fang t\u00f4i v\u00ec s\u1ef1 t\u00e2m huy\u1ebft trong vi\u1ec7c ki\u1ec3m so\u00e1t ch\u1ea5t l\u01b0\u1ee3ng t\u1eeb m\u1ed7i qu\u00e1 tr\u00ecnh nghi\u00ean c\u1ee9u t\u1eeb thi\u1ebft k\u1ebf b\u1ea3ng c\u00e2u h\u1ecfi, qu\u1ea3n l\u00fd nghi\u00ean c\u1ee9u th\u1ef1c \u0111\u1ecba \u0111\u1ebfn x\u1eed l\u00fd v\u00e0 ph\u00e2n t\u00edch d\u1eef li\u1ec7u.\n<\/p><\/div>\n<\/div>\n<\/div>\n\n\t\t<\/div>\n\t<\/div>\n\n\t<div class=\"wpb_text_column wpb_content_element  vc_custom_1596689860671\" >\n\t\t<div class=\"wpb_wrapper\">\n\t\t\t<div class=\"row col-list\">\n<div class=\"col-sm-4 col-item\">\n<h3 class=\"m-title\" style=\"text-align: center;\"><img decoding=\"async\" class=\"img-responsive aligncenter\" src=\"http:\/\/b-company.jp\/wp-content\/uploads\/2020\/08\/quantitative-1.svg\" alt=\"\" data-no-auto-translation=\"\" \/><\/h3>\n<h5 class=\"m-title\" style=\"text-align: center;\">\u0110\u1ea3m b\u1ea3o m\u1eabu \u0111\u1ea1i di\u1ec7n cho \u0111\u1ed1i t\u01b0\u1ee3ng m\u1ee5c ti\u00eau<\/h5>\n<\/div>\n<div class=\"col-sm-4 col-item\">\n<h3 class=\"m-title\" style=\"text-align: center;\"><img decoding=\"async\" class=\"img-responsive aligncenter\" src=\"http:\/\/b-company.jp\/wp-content\/uploads\/2020\/08\/quantitative-2.svg\" alt=\"\" data-no-auto-translation=\"\" \/><\/h3>\n<h5 class=\"m-title\" style=\"text-align: center;\">C\u00f3 kh\u1ea3 n\u0103ng \u0111\u00e1p \u1ee9ng c\u00e1c c\u1ee1 m\u1eabu kh\u00e1c nhau<\/h5>\n<\/div>\n<div class=\"col-sm-4 col-item\">\n<h3 class=\"m-title\" style=\"text-align: center;\"><img decoding=\"async\" class=\"img-responsive aligncenter\" src=\"http:\/\/b-company.jp\/wp-content\/uploads\/2020\/08\/quantitative-3.svg\" alt=\"\" data-no-auto-translation=\"\" \/><\/h3>\n<h5 class=\"m-title\" style=\"text-align: center;\">\u0110\u1ea3m b\u1ea3o ch\u1ea5t l\u01b0\u1ee3ng ph\u1ea3n h\u1ed3i v\u1edbi quy tr\u00ecnh ki\u1ec3m so\u00e1t ch\u1ea5t l\u01b0\u1ee3ng nhi\u1ec1u l\u1edbp<\/h5>\n<\/div>\n<\/div>\n\n\t\t<\/div>\n\t<\/div>\n<div class=\"vc_empty_space\"   style=\"height: 64px\"><span class=\"vc_empty_space_inner\"><\/span><\/div>\t<div class=\"vc_separator wpb_content_element vc_sep_width_100 vc_sep_border_width_3 type_1  vc_separator_no_text\">\n\t\t<span class=\"vc_sep_holder vc_sep_holder_l\"><span class=\"vc_sep_line\"><\/span><\/span>\n\t\t\t\t<span class=\"vc_sep_holder vc_sep_holder_r\"><span class=\"vc_sep_line\"><\/span><\/span>\n\t<\/div>\n\t\n<\/div><\/div><\/div><\/div><div class=\"vc_row wpb_row vc_row-fluid vc_custom_1596689879280\"><div class=\"wpb_column vc_column_container vc_col-sm-3\"><div class=\"vc_column-inner\"><div class=\"wpb_wrapper\"><\/div><\/div><\/div><div class=\"wpb_column vc_column_container vc_col-sm-3\"><div class=\"vc_column-inner\"><div class=\"wpb_wrapper\">\n\t<div  class=\"wpb_single_image wpb_content_element vc_align_left\">\n\t\t\n\t\t<figure class=\"wpb_wrapper vc_figure\">\n\t\t\t<div class=\"vc_single_image-wrapper   vc_box_border_grey\"><img width=\"170\" height=\"107\" src=\"https:\/\/b-company.jp\/wp-content\/uploads\/2020\/07\/bean-survey.png\" class=\"vc_single_image-img attachment-full\" alt=\"\" decoding=\"async\" data-no-auto-translation=\"\" \/><\/div>\n\t\t<\/figure>\n\t<\/div>\n<\/div><\/div><\/div><div class=\"wpb_column vc_column_container vc_col-sm-6\"><div class=\"vc_column-inner\"><div class=\"wpb_wrapper\">\n\t<div class=\"wpb_text_column wpb_content_element\" >\n\t\t<div class=\"wpb_wrapper\">\n\t\t\t<h4 class=\"tt-partner-title\">Kh\u1ea3o s\u00e1t BEAN<\/h4>\n<div class=\"simple-text\">\n<p>BEAN Survey l\u00e0 n\u1ec1n t\u1ea3ng kh\u1ea3o s\u00e1t tr\u1ef1c tuy\u1ebfn \u0111\u01b0\u1ee3c ph\u00e1t tri\u1ec3n t\u1eeb n\u0103m 2014. L\u00e0 m\u1ed9t trong nh\u1eefng n\u1ec1n t\u1ea3ng \u0111\u1ea7u ti\u00ean thu\u1ed9c lo\u1ea1i h\u00ecnh n\u00e0y t\u1ea1i Vi\u1ec7t Nam, BEAN Survey l\u00e0 nh\u00e0 cung c\u1ea5p d\u1ecbch v\u1ee5 kh\u1ea3o s\u00e1t tr\u1ef1c tuy\u1ebfn \u0111\u00e1ng tin c\u1eady t\u1ea1i Vi\u1ec7t Nam v\u1edbi s\u1ed1 l\u01b0\u1ee3ng th\u00e0nh vi\u00ean kh\u00f4ng ng\u1eebng m\u1edf r\u1ed9ng (kho\u1ea3ng 160.000 th\u00e0nh vi\u00ean v\u1edbi s\u1ef1 \u0111a d\u1ea1ng v\u1ec1 nh\u00e2n kh\u1ea9u h\u1ecdc tr\u00ean kh\u1eafp Vi\u1ec7t Nam t\u00ednh \u0111\u1ebfn th\u00e1ng 7 n\u0103m 2020). T\u00ecm hi\u1ec3u th\u00eam t\u1ea1i beansurvey.vn\n<\/p><\/div>\n\n\t\t<\/div>\n\t<\/div>\n<\/div><\/div><\/div><\/div>","protected":false},"excerpt":{"rendered":"Sidebar Market Research Market Entry Consulting Public Sector Business Tour Marketing Support Business Database Service Business Matching Business Support Get In Touch Please do not hesitate to contact us if you have any queries. We are just a CLICK away! Contact us Quantitative Research Our Quantitative Research service covers the following methodologies: Online Survey Telephone","protected":false},"author":3,"featured_media":0,"parent":6784,"menu_order":0,"comment_status":"closed","ping_status":"closed","template":"","meta":[],"yoast_head":"<!-- This site is optimized with the Yoast SEO Premium plugin v15.1.2 - https:\/\/yoast.com\/wordpress\/plugins\/seo\/ -->\n<title>Quantitative Research - B-Company<\/title>\n<meta name=\"robots\" content=\"index, follow, max-snippet:-1, max-image-preview:large, max-video-preview:-1\" \/>\n<link rel=\"canonical\" href=\"https:\/\/b-company.jp\/vi\/market-research\/quantitative-research\/\" \/>\n<meta property=\"og:locale\" content=\"vi_VN\" \/>\n<meta property=\"og:type\" content=\"article\" \/>\n<meta property=\"og:title\" content=\"Quantitative Research - B-Company\" \/>\n<meta property=\"og:url\" content=\"https:\/\/b-company.jp\/vi\/market-research\/quantitative-research\/\" \/>\n<meta property=\"og:site_name\" content=\"B-Company\" \/>\n<meta property=\"article:modified_time\" content=\"2024-03-26T16:30:45+00:00\" \/>\n<meta property=\"og:image\" content=\"http:\/\/b-company.jp\/wp-content\/uploads\/2020\/08\/quantitative-1.svg\" \/>\n<meta name=\"twitter:card\" content=\"summary_large_image\" \/>\n<script type=\"application\/ld+json\" class=\"yoast-schema-graph\">{\"@context\":\"https:\/\/schema.org\",\"@graph\":[{\"@type\":\"WebSite\",\"@id\":\"https:\/\/b-company.jp\/vi\/#website\",\"url\":\"https:\/\/b-company.jp\/vi\/\",\"name\":\"B-Company\",\"description\":\"Vietnam Market Research &amp; Investment Consulting\",\"potentialAction\":[{\"@type\":\"SearchAction\",\"target\":\"https:\/\/b-company.jp\/vi\/?s={search_term_string}\",\"query-input\":\"required name=search_term_string\"}],\"inLanguage\":\"vi\"},{\"@type\":\"ImageObject\",\"@id\":\"https:\/\/b-company.jp\/market-research\/quantitative-research\/#primaryimage\",\"inLanguage\":\"vi\",\"url\":\"http:\/\/b-company.jp\/wp-content\/uploads\/2020\/08\/quantitative-1.svg\"},{\"@type\":\"WebPage\",\"@id\":\"https:\/\/b-company.jp\/market-research\/quantitative-research\/#webpage\",\"url\":\"https:\/\/b-company.jp\/market-research\/quantitative-research\/\",\"name\":\"Quantitative Research - B-Company\",\"isPartOf\":{\"@id\":\"https:\/\/b-company.jp\/vi\/#website\"},\"primaryImageOfPage\":{\"@id\":\"https:\/\/b-company.jp\/market-research\/quantitative-research\/#primaryimage\"},\"datePublished\":\"2020-07-23T05:05:48+00:00\",\"dateModified\":\"2024-03-26T16:30:45+00:00\",\"inLanguage\":\"vi\",\"potentialAction\":[{\"@type\":\"ReadAction\",\"target\":[\"https:\/\/b-company.jp\/market-research\/quantitative-research\/\"]}]}]}<\/script>\n<!-- \/ Yoast SEO Premium plugin. -->","_links":{"self":[{"href":"https:\/\/b-company.jp\/vi\/wp-json\/wp\/v2\/pages\/6833"}],"collection":[{"href":"https:\/\/b-company.jp\/vi\/wp-json\/wp\/v2\/pages"}],"about":[{"href":"https:\/\/b-company.jp\/vi\/wp-json\/wp\/v2\/types\/page"}],"author":[{"embeddable":true,"href":"https:\/\/b-company.jp\/vi\/wp-json\/wp\/v2\/users\/3"}],"replies":[{"embeddable":true,"href":"https:\/\/b-company.jp\/vi\/wp-json\/wp\/v2\/comments?post=6833"}],"version-history":[{"count":1,"href":"https:\/\/b-company.jp\/vi\/wp-json\/wp\/v2\/pages\/6833\/revisions"}],"predecessor-version":[{"id":13183,"href":"https:\/\/b-company.jp\/vi\/wp-json\/wp\/v2\/pages\/6833\/revisions\/13183"}],"up":[{"embeddable":true,"href":"https:\/\/b-company.jp\/vi\/wp-json\/wp\/v2\/pages\/6784"}],"wp:attachment":[{"href":"https:\/\/b-company.jp\/vi\/wp-json\/wp\/v2\/media?parent=6833"}],"curies":[{"name":"wp","href":"https:\/\/api.w.org\/{rel}","templated":true}]}}