{"id":6831,"date":"2020-07-23T10:43:39","date_gmt":"2020-07-23T03:43:39","guid":{"rendered":"http:\/\/b-company.jp\/?page_id=6831"},"modified":"2024-03-26T23:29:34","modified_gmt":"2024-03-26T16:29:34","slug":"desk-research","status":"publish","type":"page","link":"https:\/\/b-company.jp\/vi\/market-research\/desk-research\/","title":{"rendered":"Nghi\u00ean c\u1ee9u th\u1ee9 c\u1ea5p"},"content":{"rendered":"<div class=\"vc_row wpb_row vc_row-fluid\"><div class=\"col-md-push-8 col-lg-push-9 full-width-responsive catUpperCase deskresearch wpb_column vc_column_container vc_col-sm-3\"><div class=\"vc_column-inner\"><div class=\"wpb_wrapper\"><div class=\"mobileSearch large\">\n\tThanh b\u00ean\t<i class=\"fa fa-angle-down\"><\/i>\n<\/div>\n<aside class=\"blogAside\" style=\"display: none;\">\n\t<ul class=\"categoryList normall\">\n\t\t\n\t\t\t\t\t\t\t\t\t<li class=\"\"><a href=\"https:\/\/b-company.jp\/vi\/market-research\/\">Nghi\u00ean c\u1ee9u th\u1ecb tr\u01b0\u1eddng<\/a><\/li>\n\t\t\n\t\t\t\t\t\t\t\t\t<li class=\"\"><a href=\"https:\/\/b-company.jp\/vi\/market-entry-consulting\/\">T\u01b0 v\u1ea5n th\u00e2m nh\u1eadp th\u1ecb tr\u01b0\u1eddng<\/a><\/li>\n\t\t\n\t\t\t\t\t\t\t\t\t<li class=\"\"><a href=\"https:\/\/b-company.jp\/vi\/market-research\/desk-research\/\">Khu v\u1ef1c c\u00f4ng<\/a><\/li>\n\t\t\n\t\t\t\t\t\t\t\t\t<li class=\"\"><a href=\"https:\/\/b-company.jp\/vi\/business-tour\/\">Kh\u1ea3o s\u00e1t doanh nghi\u1ec7p<\/a><\/li>\n\t\t\n\t\t\t\t\t\t\t\t\t<li class=\"\"><a href=\"https:\/\/b-company.jp\/vi\/marketing-support\/\">H\u1ed7 tr\u1ee3 ho\u1ea1t \u0111\u1ed9ng Marketing<\/a><\/li>\n\t\t\n\t\t\t\t\t\t\t\t\t<li class=\"\"><a href=\"https:\/\/b-company.jp\/vi\/business-database-service\/\">D\u1ecbch v\u1ee5 c\u01a1 s\u1edf d\u1eef li\u1ec7u doanh nghi\u1ec7p<\/a><\/li>\n\t\t\n\t\t\t\t\t\t\t\t\t<li class=\"\"><a href=\"https:\/\/b-company.jp\/vi\/business-matching\/\">K\u1ebft n\u1ed1i doanh nghi\u1ec7p<\/a><\/li>\n\t\t\n\t\t\t\t\t\t\t\t\t<li class=\"\"><a href=\"https:\/\/b-company.jp\/vi\/business-support\/\">H\u1ed7 tr\u1ee3 ho\u1ea1t \u0111\u1ed9ng doanh nghi\u1ec7p<\/a><\/li>\n\t\t\t<\/ul>\n\t<div class=\"faq_query\">\n\t\t<h4 class=\"tt-faq-title\">Li\u00ean h\u1ec7<\/h4>\n\t\t<div class=\"simple-text\">\n\t\t\t<p>Vui l\u00f2ng \u0111\u1eebng ng\u1ea7n ng\u1ea1i li\u00ean h\u1ec7 v\u1edbi ch\u00fang t\u00f4i n\u1ebfu b\u1ea1n c\u00f3 b\u1ea5t k\u1ef3 th\u1eafc m\u1eafc n\u00e0o. Ch\u00fang t\u00f4i ch\u1ec9 c\u00e1ch b\u1ea1n m\u1ed9t CLICK!<\/p>\n\t\t<\/div>\n\t\t<a href=\"https:\/\/b-company.jp\/vi\/contact-us\/\">Li\u00ean h\u1ec7<\/a>\n\t<\/div>\n<\/aside>\n<\/div><\/div><\/div><div class=\"col-lg-pull-3 col-md-pull-4 full-width-responsive wpb_column vc_column_container vc_col-sm-9\"><div class=\"vc_column-inner\"><div class=\"wpb_wrapper\">\n\t<div class=\"wpb_text_column wpb_content_element\" >\n\t\t<div class=\"wpb_wrapper\">\n\t\t\t<div class=\"mainServicesContent\">\n<div class=\"quality_requirement\">\n<h4 class=\"tt-quality-title\">Nghi\u00ean c\u1ee9u th\u1ee9 c\u1ea5p<\/h4>\n<div class=\"simple-text\">\n<p>Nghi\u00ean c\u1ee9u t\u1ea1i b\u00e0n (Desk research) cung c\u1ea5p s\u1ef1 hi\u1ec3u bi\u1ebft r\u1ed9ng v\u1ec1 l\u0129nh v\u1ef1c nghi\u00ean c\u1ee9u b\u1eb1ng c\u00e1ch thu th\u1eadp d\u1eef li\u1ec7u th\u1ee9 c\u1ea5p t\u1eeb s\u1ed1 li\u1ec7u th\u1ed1ng k\u00ea ch\u00ednh th\u1ee9c t\u1eeb c\u00e1c c\u01a1 quan v\u00e0 t\u1ed5 ch\u1ee9c ch\u00ednh ph\u1ee7 ho\u1eb7c c\u00e1c b\u00e1o c\u00e1o hi\u1ec7n c\u00f3 li\u00ean quan. Th\u00f4ng tin ch\u1ea5t l\u01b0\u1ee3ng c\u1ee7a ch\u00fang t\u00f4i cung c\u1ea5p nh\u1eefng hi\u1ec3u bi\u1ebft s\u00e2u s\u1eafc v\u00e0 c\u1eadp nh\u1eadt v\u1ec1 th\u1ecb tr\u01b0\u1eddng, bao g\u1ed3m c\u00e1c xu h\u01b0\u1edbng, th\u00e1ch th\u1ee9c, c\u01a1 h\u1ed9i, ti\u1ec1m n\u0103ng\u2026 gi\u00fap c\u00e1c nh\u00e0 \u0111\u1ea7u t\u01b0 ti\u1ec1m n\u0103ng \u0111\u01b0a ra quy\u1ebft \u0111\u1ecbnh ch\u00ednh x\u00e1c h\u01a1n.<\/p>\n<p>\u0110i\u1ec1u l\u00e0m cho b\u00e1o c\u00e1o Desk Research c\u1ee7a ch\u00fang t\u00f4i mang l\u1ea1i l\u1ee3i \u00edch kh\u00e1c bi\u1ec7t cho kh\u00e1ch h\u00e0ng bao g\u1ed3m:\n<\/p><\/div>\n<ul>\n<li>Ngu\u1ed3n d\u1eef li\u1ec7u v\u00e0 s\u1ed1 li\u1ec7u th\u1ed1ng k\u00ea \u0111a d\u1ea1ng k\u1ebft h\u1ee3p v\u1edbi c\u00e1c k\u1ef9 thu\u1eadt ph\u00e2n t\u00edch n\u00e2ng cao<\/li>\n<li>Gi\u1ea3i ph\u00e1p ti\u1ebft ki\u1ec7m chi ph\u00ed v\u00e0 th\u1eddi gian<\/li>\n<li>Cung c\u1ea5p hi\u1ec3u bi\u1ebft kh\u00e1i qu\u00e1t ban \u0111\u1ea7u v\u1ec1 ch\u1ee7 \u0111\u1ec1 tr\u01b0\u1edbc khi \u0111\u01b0a ra quy\u1ebft \u0111\u1ecbnh ho\u1eb7c l\u1eadp k\u1ebf ho\u1ea1ch ti\u1ebfp theo cho nghi\u00ean c\u1ee9u ch\u00ednh chi ti\u1ebft h\u01a1n<\/li>\n<\/ul>\n<\/div>\n<\/div>\n\n\t\t<\/div>\n\t<\/div>\n\n\t<div class=\"wpb_text_column wpb_content_element\" >\n\t\t<div class=\"wpb_wrapper\">\n\t\t\t<div class=\"row col-list\">\n<div class=\"col-sm-4 col-item\">\n<h3 class=\"m-title\" style=\"text-align: center;\"><img decoding=\"async\" class=\"img-responsive aligncenter\" src=\"http:\/\/b-company.jp\/wp-content\/uploads\/2020\/08\/desk-1.svg\" alt=\"\" data-no-auto-translation=\"\" \/><\/h3>\n<h5 class=\"m-title\" style=\"text-align: center;\">Bao qu\u00e1t k\u1ef9 l\u01b0\u1ee1ng chi ti\u1ebft ng\u00e0nh t\u1ea1i \u0111\u1ecba ph\u01b0\u01a1ng<\/h5>\n<\/div>\n<div class=\"col-sm-4 col-item\">\n<h3 class=\"m-title\" style=\"text-align: center;\"><img decoding=\"async\" class=\"img-responsive aligncenter\" src=\"http:\/\/b-company.jp\/wp-content\/uploads\/2020\/08\/desk-2.svg\" alt=\"\" data-no-auto-translation=\"\" \/><\/h3>\n<h5 class=\"m-title\" style=\"text-align: center;\">\u0110\u00e1nh gi\u00e1 v\u00e0 s\u1eed d\u1ee5ng ngu\u1ed3n th\u00f4ng tin \u0111\u00e1ng tin c\u1eady<\/h5>\n<\/div>\n<div class=\"col-sm-4 col-item\">\n<h3 class=\"m-title\" style=\"text-align: center;\"><img decoding=\"async\" class=\"img-responsive aligncenter\" src=\"http:\/\/b-company.jp\/wp-content\/uploads\/2020\/08\/desk-3.svg\" alt=\"\" data-no-auto-translation=\"\" \/><\/h3>\n<h5 class=\"m-title\" style=\"text-align: center;\">\u0110\u01b0a ra k\u1ebft lu\u1eadn d\u1ef1a tr\u00ean s\u1ef1 hi\u1ec3u bi\u1ebft s\u00e2u s\u1eafc v\u1ec1 b\u1ed1i c\u1ea3nh \u0111\u1ecba ph\u01b0\u01a1ng<\/h5>\n<\/div>\n<\/div>\n\n\t\t<\/div>\n\t<\/div>\n<\/div><\/div><\/div><\/div>","protected":false},"excerpt":{"rendered":"Sidebar Market Research Market Entry Consulting Public Sector Business Tour Marketing Support Business Database Service Business Matching Business Support Get In Touch Please do not hesitate to contact us if you have any queries. We are just a CLICK away! Contact us Desk Research A Desk Research provides a broad understanding about the researched field","protected":false},"author":3,"featured_media":0,"parent":6784,"menu_order":0,"comment_status":"closed","ping_status":"closed","template":"","meta":[],"yoast_head":"<!-- This site is optimized with the Yoast SEO Premium plugin v15.1.2 - https:\/\/yoast.com\/wordpress\/plugins\/seo\/ -->\n<title>Desk Research - B-Company<\/title>\n<meta name=\"robots\" content=\"index, follow, max-snippet:-1, max-image-preview:large, max-video-preview:-1\" \/>\n<link rel=\"canonical\" href=\"https:\/\/b-company.jp\/vi\/market-research\/desk-research\/\" \/>\n<meta property=\"og:locale\" content=\"vi_VN\" \/>\n<meta property=\"og:type\" content=\"article\" \/>\n<meta property=\"og:title\" content=\"Desk Research - B-Company\" \/>\n<meta property=\"og:url\" content=\"https:\/\/b-company.jp\/vi\/market-research\/desk-research\/\" \/>\n<meta property=\"og:site_name\" content=\"B-Company\" \/>\n<meta property=\"article:modified_time\" content=\"2024-03-26T16:29:34+00:00\" \/>\n<meta property=\"og:image\" content=\"http:\/\/b-company.jp\/wp-content\/uploads\/2020\/08\/desk-1.svg\" \/>\n<meta name=\"twitter:card\" content=\"summary_large_image\" \/>\n<script type=\"application\/ld+json\" class=\"yoast-schema-graph\">{\"@context\":\"https:\/\/schema.org\",\"@graph\":[{\"@type\":\"WebSite\",\"@id\":\"https:\/\/b-company.jp\/vi\/#website\",\"url\":\"https:\/\/b-company.jp\/vi\/\",\"name\":\"B-Company\",\"description\":\"Vietnam Market Research &amp; Investment Consulting\",\"potentialAction\":[{\"@type\":\"SearchAction\",\"target\":\"https:\/\/b-company.jp\/vi\/?s={search_term_string}\",\"query-input\":\"required name=search_term_string\"}],\"inLanguage\":\"vi\"},{\"@type\":\"ImageObject\",\"@id\":\"https:\/\/b-company.jp\/market-research\/desk-research\/#primaryimage\",\"inLanguage\":\"vi\",\"url\":\"http:\/\/b-company.jp\/wp-content\/uploads\/2020\/08\/desk-1.svg\"},{\"@type\":\"WebPage\",\"@id\":\"https:\/\/b-company.jp\/market-research\/desk-research\/#webpage\",\"url\":\"https:\/\/b-company.jp\/market-research\/desk-research\/\",\"name\":\"Desk Research - B-Company\",\"isPartOf\":{\"@id\":\"https:\/\/b-company.jp\/vi\/#website\"},\"primaryImageOfPage\":{\"@id\":\"https:\/\/b-company.jp\/market-research\/desk-research\/#primaryimage\"},\"datePublished\":\"2020-07-23T03:43:39+00:00\",\"dateModified\":\"2024-03-26T16:29:34+00:00\",\"inLanguage\":\"vi\",\"potentialAction\":[{\"@type\":\"ReadAction\",\"target\":[\"https:\/\/b-company.jp\/market-research\/desk-research\/\"]}]}]}<\/script>\n<!-- \/ Yoast SEO Premium plugin. -->","_links":{"self":[{"href":"https:\/\/b-company.jp\/vi\/wp-json\/wp\/v2\/pages\/6831"}],"collection":[{"href":"https:\/\/b-company.jp\/vi\/wp-json\/wp\/v2\/pages"}],"about":[{"href":"https:\/\/b-company.jp\/vi\/wp-json\/wp\/v2\/types\/page"}],"author":[{"embeddable":true,"href":"https:\/\/b-company.jp\/vi\/wp-json\/wp\/v2\/users\/3"}],"replies":[{"embeddable":true,"href":"https:\/\/b-company.jp\/vi\/wp-json\/wp\/v2\/comments?post=6831"}],"version-history":[{"count":2,"href":"https:\/\/b-company.jp\/vi\/wp-json\/wp\/v2\/pages\/6831\/revisions"}],"predecessor-version":[{"id":14409,"href":"https:\/\/b-company.jp\/vi\/wp-json\/wp\/v2\/pages\/6831\/revisions\/14409"}],"up":[{"embeddable":true,"href":"https:\/\/b-company.jp\/vi\/wp-json\/wp\/v2\/pages\/6784"}],"wp:attachment":[{"href":"https:\/\/b-company.jp\/vi\/wp-json\/wp\/v2\/media?parent=6831"}],"curies":[{"name":"wp","href":"https:\/\/api.w.org\/{rel}","templated":true}]}}