{"id":6809,"date":"2020-07-22T18:45:28","date_gmt":"2020-07-22T11:45:28","guid":{"rendered":"http:\/\/b-company.jp\/?page_id=6809"},"modified":"2024-03-25T23:15:11","modified_gmt":"2024-03-25T16:15:11","slug":"marketing-support","status":"publish","type":"page","link":"https:\/\/b-company.jp\/vi\/marketing-support\/","title":{"rendered":"H\u1ed7 tr\u1ee3 ho\u1ea1t \u0111\u1ed9ng Marketing"},"content":{"rendered":"<div class=\"col-md-push-8 col-lg-push-9 full-width-responsive catUpperCase ourservices wpb_column vc_column_container vc_col-sm-3\"><div class=\"vc_column-inner\"><div class=\"wpb_wrapper\"><div class=\"mobileSearch large\">\n\tThanh b\u00ean\t<i class=\"fa fa-angle-down\"><\/i>\n<\/div>\n<aside class=\"blogAside\" style=\"display: none;\">\n\t<ul class=\"categoryList normall\">\n\t\t\n\t\t\t\t\t\t\t\t\t<li class=\"\"><a href=\"https:\/\/b-company.jp\/vi\/market-research\/\">Nghi\u00ean c\u1ee9u th\u1ecb tr\u01b0\u1eddng<\/a><\/li>\n\t\t\n\t\t\t\t\t\t\t\t\t<li class=\"\"><a href=\"https:\/\/b-company.jp\/vi\/market-entry-consulting\/\">T\u01b0 v\u1ea5n th\u00e2m nh\u1eadp th\u1ecb tr\u01b0\u1eddng<\/a><\/li>\n\t\t\n\t\t\t\t\t\t\t\t\t<li class=\"\"><a href=\"https:\/\/b-company.jp\/vi\/marketing-support\/\">Khu v\u1ef1c c\u00f4ng<\/a><\/li>\n\t\t\n\t\t\t\t\t\t\t\t\t<li class=\"\"><a href=\"https:\/\/b-company.jp\/vi\/business-tour\/\">Kh\u1ea3o s\u00e1t doanh nghi\u1ec7p<\/a><\/li>\n\t\t\n\t\t\t\t\t\t\t\t\t<li class=\"activeCat\"><a href=\"https:\/\/b-company.jp\/vi\/marketing-support\/\">H\u1ed7 tr\u1ee3 ho\u1ea1t \u0111\u1ed9ng Marketing<\/a><\/li>\n\t\t\n\t\t\t\t\t\t\t\t\t<li class=\"\"><a href=\"https:\/\/b-company.jp\/vi\/business-database-service\/\">D\u1ecbch v\u1ee5 c\u01a1 s\u1edf d\u1eef li\u1ec7u doanh nghi\u1ec7p<\/a><\/li>\n\t\t\n\t\t\t\t\t\t\t\t\t<li class=\"\"><a href=\"https:\/\/b-company.jp\/vi\/business-matching\/\">K\u1ebft n\u1ed1i doanh nghi\u1ec7p<\/a><\/li>\n\t\t\n\t\t\t\t\t\t\t\t\t<li class=\"\"><a href=\"https:\/\/b-company.jp\/vi\/business-support\/\">H\u1ed7 tr\u1ee3 ho\u1ea1t \u0111\u1ed9ng doanh nghi\u1ec7p<\/a><\/li>\n\t\t\t<\/ul>\n\t<div class=\"faq_query\">\n\t\t<h4 class=\"tt-faq-title\">Li\u00ean h\u1ec7<\/h4>\n\t\t<div class=\"simple-text\">\n\t\t\t<p>Vui l\u00f2ng \u0111\u1eebng ng\u1ea7n ng\u1ea1i li\u00ean h\u1ec7 v\u1edbi ch\u00fang t\u00f4i n\u1ebfu b\u1ea1n c\u00f3 b\u1ea5t k\u1ef3 th\u1eafc m\u1eafc n\u00e0o. Ch\u00fang t\u00f4i ch\u1ec9 c\u00e1ch b\u1ea1n m\u1ed9t CLICK!<\/p>\n\t\t<\/div>\n\t\t<a href=\"https:\/\/b-company.jp\/vi\/contact-us\/\">Li\u00ean h\u1ec7<\/a>\n\t<\/div>\n<\/aside>\n<\/div><\/div><\/div><div class=\"col-lg-pull-3 col-md-pull-4 full-width-responsive accord-tab wpb_column vc_column_container vc_col-sm-9\"><div class=\"vc_column-inner\"><div class=\"wpb_wrapper\">\n\t<div class=\"wpb_text_column wpb_content_element\" >\n\t\t<div class=\"wpb_wrapper\">\n\t\t\t<div class=\"mainServicesContent\">\n<div class=\"quality_requirement\">\n<h4 class=\"tt-quality-title\">H\u1ed7 tr\u1ee3 ho\u1ea1t \u0111\u1ed9ng Marketing<\/h4>\n<div class=\"simple-text\">\n<p>V\u1edbi \u0111\u1ed9i ng\u0169 Marketing d\u00e0y d\u1ea1n kinh nghi\u1ec7m v\u00e0 m\u1ea1ng l\u01b0\u1edbi chuy\u00ean gia, c\u00e1c kh\u00e1ch h\u00e0ng c\u00f3 th\u1ec3 tin t\u01b0\u1edfng B&amp;Company trong vi\u1ec7c h\u1ed7 tr\u1ee3 c\u00e1c ho\u1ea1t \u0111\u1ed9ng ti\u1ebfp th\u1ecb khi b\u1eaft \u0111\u1ea7u \u0111\u1ea7u t\u01b0 v\u00e0o Vi\u1ec7t Nam ho\u1eb7c Nh\u1eadt B\u1ea3n.\n<\/p><\/div>\n<ul>\n<li>Ph\u00e1t tri\u1ec3n nh\u1eadn di\u1ec7n th\u01b0\u01a1ng hi\u1ec7u<\/li>\n<li>L\u1eadp k\u1ebf ho\u1ea1ch ti\u1ebfp th\u1ecb v\u00e0 truy\u1ec1n th\u00f4ng<\/li>\n<li>Ra m\u1eaft s\u1ea3n ph\u1ea9m\/d\u1ecbch v\u1ee5<\/li>\n<li>T\u1ed5 ch\u1ee9c s\u1ef1 ki\u1ec7n<\/li>\n<li>Ph\u00e1t tri\u1ec3n n\u1ed9i dung<\/li>\n<li>Thi\u1ebft k\u1ebf \u2013 S\u1ea3n xu\u1ea5t \u2013 Th\u1ef1c hi\u1ec7n<\/li>\n<\/ul>\n<\/div>\n<\/div>\n\n\t\t<\/div>\n\t<\/div>\n<\/div><\/div><\/div>","protected":false},"excerpt":{"rendered":"Sidebar Market Research Market Entry Consulting Public Sector Business Tour Marketing Support Business Database Service Business Matching Business Support Get In Touch Please do not hesitate to contact us if you have any queries. We are just a CLICK away! Contact us Marketing Support With our team of seasoned marketers and expert network, our clients","protected":false},"author":3,"featured_media":0,"parent":0,"menu_order":0,"comment_status":"closed","ping_status":"closed","template":"","meta":[],"yoast_head":"<!-- This site is optimized with the Yoast SEO Premium plugin v15.1.2 - https:\/\/yoast.com\/wordpress\/plugins\/seo\/ -->\n<title>Marketing Support - B-Company<\/title>\n<meta name=\"robots\" content=\"index, follow, max-snippet:-1, max-image-preview:large, max-video-preview:-1\" \/>\n<link rel=\"canonical\" href=\"https:\/\/b-company.jp\/vi\/marketing-support\/\" \/>\n<meta property=\"og:locale\" content=\"vi_VN\" \/>\n<meta property=\"og:type\" content=\"article\" \/>\n<meta property=\"og:title\" content=\"Marketing Support - B-Company\" \/>\n<meta property=\"og:url\" content=\"https:\/\/b-company.jp\/vi\/marketing-support\/\" \/>\n<meta property=\"og:site_name\" content=\"B-Company\" \/>\n<meta property=\"article:modified_time\" content=\"2024-03-25T16:15:11+00:00\" \/>\n<meta name=\"twitter:card\" content=\"summary_large_image\" \/>\n<script type=\"application\/ld+json\" class=\"yoast-schema-graph\">{\"@context\":\"https:\/\/schema.org\",\"@graph\":[{\"@type\":\"WebSite\",\"@id\":\"https:\/\/b-company.jp\/vi\/#website\",\"url\":\"https:\/\/b-company.jp\/vi\/\",\"name\":\"B-Company\",\"description\":\"Vietnam Market Research &amp; Investment Consulting\",\"potentialAction\":[{\"@type\":\"SearchAction\",\"target\":\"https:\/\/b-company.jp\/vi\/?s={search_term_string}\",\"query-input\":\"required name=search_term_string\"}],\"inLanguage\":\"vi\"},{\"@type\":\"WebPage\",\"@id\":\"https:\/\/b-company.jp\/marketing-support\/#webpage\",\"url\":\"https:\/\/b-company.jp\/marketing-support\/\",\"name\":\"Marketing Support - B-Company\",\"isPartOf\":{\"@id\":\"https:\/\/b-company.jp\/vi\/#website\"},\"datePublished\":\"2020-07-22T11:45:28+00:00\",\"dateModified\":\"2024-03-25T16:15:11+00:00\",\"inLanguage\":\"vi\",\"potentialAction\":[{\"@type\":\"ReadAction\",\"target\":[\"https:\/\/b-company.jp\/marketing-support\/\"]}]}]}<\/script>\n<!-- \/ Yoast SEO Premium plugin. -->","_links":{"self":[{"href":"https:\/\/b-company.jp\/vi\/wp-json\/wp\/v2\/pages\/6809"}],"collection":[{"href":"https:\/\/b-company.jp\/vi\/wp-json\/wp\/v2\/pages"}],"about":[{"href":"https:\/\/b-company.jp\/vi\/wp-json\/wp\/v2\/types\/page"}],"author":[{"embeddable":true,"href":"https:\/\/b-company.jp\/vi\/wp-json\/wp\/v2\/users\/3"}],"replies":[{"embeddable":true,"href":"https:\/\/b-company.jp\/vi\/wp-json\/wp\/v2\/comments?post=6809"}],"version-history":[{"count":2,"href":"https:\/\/b-company.jp\/vi\/wp-json\/wp\/v2\/pages\/6809\/revisions"}],"predecessor-version":[{"id":13129,"href":"https:\/\/b-company.jp\/vi\/wp-json\/wp\/v2\/pages\/6809\/revisions\/13129"}],"wp:attachment":[{"href":"https:\/\/b-company.jp\/vi\/wp-json\/wp\/v2\/media?parent=6809"}],"curies":[{"name":"wp","href":"https:\/\/api.w.org\/{rel}","templated":true}]}}