{"id":6808,"date":"2020-07-22T18:32:46","date_gmt":"2020-07-22T11:32:46","guid":{"rendered":"http:\/\/b-company.jp\/?page_id=6808"},"modified":"2024-03-25T23:15:39","modified_gmt":"2024-03-25T16:15:39","slug":"business-tour","status":"publish","type":"page","link":"https:\/\/b-company.jp\/vi\/business-tour\/","title":{"rendered":"Kh\u1ea3o s\u00e1t doanh nghi\u1ec7p"},"content":{"rendered":"<div class=\"vc_row wpb_row vc_row-fluid\"><div class=\"col-md-push-8 col-lg-push-9 full-width-responsive catUpperCase ourservices wpb_column vc_column_container vc_col-sm-3\"><div class=\"vc_column-inner\"><div class=\"wpb_wrapper\"><div class=\"mobileSearch large\">\n\tThanh b\u00ean\t<i class=\"fa fa-angle-down\"><\/i>\n<\/div>\n<aside class=\"blogAside\" style=\"display: none;\">\n\t<ul class=\"categoryList normall\">\n\t\t\n\t\t\t\t\t\t\t\t\t<li class=\"\"><a href=\"https:\/\/b-company.jp\/vi\/market-research\/\">Nghi\u00ean c\u1ee9u th\u1ecb tr\u01b0\u1eddng<\/a><\/li>\n\t\t\n\t\t\t\t\t\t\t\t\t<li class=\"\"><a href=\"https:\/\/b-company.jp\/vi\/market-entry-consulting\/\">T\u01b0 v\u1ea5n th\u00e2m nh\u1eadp th\u1ecb tr\u01b0\u1eddng<\/a><\/li>\n\t\t\n\t\t\t\t\t\t\t\t\t<li class=\"\"><a href=\"https:\/\/b-company.jp\/vi\/business-tour\/\">Khu v\u1ef1c c\u00f4ng<\/a><\/li>\n\t\t\n\t\t\t\t\t\t\t\t\t<li class=\"activeCat\"><a href=\"https:\/\/b-company.jp\/vi\/business-tour\/\">Kh\u1ea3o s\u00e1t doanh nghi\u1ec7p<\/a><\/li>\n\t\t\n\t\t\t\t\t\t\t\t\t<li class=\"\"><a href=\"https:\/\/b-company.jp\/vi\/marketing-support\/\">H\u1ed7 tr\u1ee3 ho\u1ea1t \u0111\u1ed9ng Marketing<\/a><\/li>\n\t\t\n\t\t\t\t\t\t\t\t\t<li class=\"\"><a href=\"https:\/\/b-company.jp\/vi\/business-database-service\/\">D\u1ecbch v\u1ee5 c\u01a1 s\u1edf d\u1eef li\u1ec7u doanh nghi\u1ec7p<\/a><\/li>\n\t\t\n\t\t\t\t\t\t\t\t\t<li class=\"\"><a href=\"https:\/\/b-company.jp\/vi\/business-matching\/\">K\u1ebft n\u1ed1i doanh nghi\u1ec7p<\/a><\/li>\n\t\t\n\t\t\t\t\t\t\t\t\t<li class=\"\"><a href=\"https:\/\/b-company.jp\/vi\/business-support\/\">H\u1ed7 tr\u1ee3 ho\u1ea1t \u0111\u1ed9ng doanh nghi\u1ec7p<\/a><\/li>\n\t\t\t<\/ul>\n\t<div class=\"faq_query\">\n\t\t<h4 class=\"tt-faq-title\">Li\u00ean h\u1ec7<\/h4>\n\t\t<div class=\"simple-text\">\n\t\t\t<p>Vui l\u00f2ng \u0111\u1eebng ng\u1ea7n ng\u1ea1i li\u00ean h\u1ec7 v\u1edbi ch\u00fang t\u00f4i n\u1ebfu b\u1ea1n c\u00f3 b\u1ea5t k\u1ef3 th\u1eafc m\u1eafc n\u00e0o. Ch\u00fang t\u00f4i ch\u1ec9 c\u00e1ch b\u1ea1n m\u1ed9t CLICK!<\/p>\n\t\t<\/div>\n\t\t<a href=\"https:\/\/b-company.jp\/vi\/contact-us\/\">Li\u00ean h\u1ec7<\/a>\n\t<\/div>\n<\/aside>\n<\/div><\/div><\/div><div class=\"col-lg-pull-3 col-md-pull-4 full-width-responsive accord-tab wpb_column vc_column_container vc_col-sm-9\"><div class=\"vc_column-inner\"><div class=\"wpb_wrapper\">\n\t<div class=\"wpb_text_column wpb_content_element\" >\n\t\t<div class=\"wpb_wrapper\">\n\t\t\t<div class=\"mainServicesContent\">\n<div class=\"quality_requirement\">\n<h4 class=\"tt-quality-title\">Kh\u1ea3o s\u00e1t doanh nghi\u1ec7p<\/h4>\n<div class=\"simple-text\">\n<p>C\u00e1c chuy\u1ebfn tham quan kinh doanh \u0111\u01b0\u1ee3c ch\u00fang t\u00f4i thi\u1ebft k\u1ebf c\u1ea9n th\u1eadn s\u1ebd bao g\u1ed3m:\n<\/p><\/div>\n<ul>\n<li>T\u00f3m t\u1eaft th\u1ecb tr\u01b0\u1eddng<\/li>\n<li>Tham quan nh\u00e0 m\u00e1y v\u00e0 c\u00f4ng ty<\/li>\n<li>G\u1eb7p g\u1ee1 c\u00e1c \u0111\u1ed1i t\u00e1c\/kh\u00e1ch h\u00e0ng ti\u1ec1m n\u0103ng<\/li>\n<li>Th\u1ea3o lu\u1eadn v\u1edbi c\u00e1c chuy\u00ean gia kinh doanh trong n\u01b0\u1edbc<\/li>\n<li>K\u1ebft n\u1ed1i v\u1edbi c\u00e1c hi\u1ec7p h\u1ed9i \u0111\u1ecba ph\u01b0\u01a1ng<\/li>\n<li>Th\u0103m th\u1ecb tr\u01b0\u1eddng \u0111\u1ecba ph\u01b0\u01a1ng v\u00e0 h\u1ed9 gia \u0111\u00ecnh<\/li>\n<li>Tham quan th\u00e0nh ph\u1ed1 v\u00e0 tr\u1ea3i nghi\u1ec7m \u0111\u1eb7c s\u1ea3n \u0111\u1ecba ph\u01b0\u01a1ng<\/li>\n<li>C\u00e1c d\u1ecbch v\u1ee5 t\u00f9y ch\u1ec9nh kh\u00e1c c\u00f3 s\u1eb5n theo y\u00eau c\u1ea7u<\/li>\n<\/ul>\n<\/div>\n<\/div>\n\n\t\t<\/div>\n\t<\/div>\n\n\t<div class=\"wpb_text_column wpb_content_element\" >\n\t\t<div class=\"wpb_wrapper\">\n\t\t\t<div class=\"row col-list\">\n<div class=\"col-sm-4 col-item\">\n<h3 class=\"m-title\" style=\"text-align: center;\"><img decoding=\"async\" class=\"img-responsive aligncenter\" src=\"http:\/\/b-company.jp\/wp-content\/uploads\/2020\/08\/business-tour-1.svg\" alt=\"\" data-no-auto-translation=\"\" \/><\/h3>\n<h5 class=\"m-title\" style=\"text-align: center;\">M\u1ea1ng l\u01b0\u1edbi r\u1ed9ng kh\u1eafp trong c\u00e1c ng\u00e0nh c\u00f4ng nghi\u1ec7p ch\u00ednh c\u1ee7a th\u1ecb tr\u01b0\u1eddng \u0111\u1ecba ph\u01b0\u01a1ng<\/h5>\n<\/div>\n<div class=\"col-sm-4 col-item\">\n<h3 class=\"m-title\" style=\"text-align: center;\"><img decoding=\"async\" class=\"img-responsive aligncenter\" src=\"http:\/\/b-company.jp\/wp-content\/uploads\/2020\/08\/business-tour-2.svg\" alt=\"\" data-no-auto-translation=\"\" \/><\/h3>\n<h5 class=\"m-title\" style=\"text-align: center;\">\u0110\u00e1nh gi\u00e1 c\u1ea9n th\u1eadn v\u00e0 \u0111\u1ec1 xu\u1ea5t c\u00e1c \u0111\u1ed1i t\u00e1c ti\u1ec1m n\u0103ng \u0111\u1ec3 \u0111\u1ea3m b\u1ea3o l\u1ee3i \u00edch chung<\/h5>\n<\/div>\n<div class=\"col-sm-4 col-item\">\n<h3 class=\"m-title\" style=\"text-align: center;\"><img decoding=\"async\" class=\"img-responsive aligncenter\" src=\"http:\/\/b-company.jp\/wp-content\/uploads\/2020\/08\/business-tour-3.svg\" alt=\"\" data-no-auto-translation=\"\" \/><\/h3>\n<h5 class=\"m-title\" style=\"text-align: center;\">H\u1ed7 tr\u1ee3 to\u00e0n di\u1ec7n t\u1eeb kh\u00e2u l\u1eadp k\u1ebf ho\u1ea1ch cho chuy\u1ebfn \u0111i \u0111\u1ebfn c\u00f4ng t\u00e1c th\u1ef1c t\u1ebf v\u00e0 theo d\u00f5i sau chuy\u1ebfn \u0111i<\/h5>\n<\/div>\n<\/div>\n\n\t\t<\/div>\n\t<\/div>\n<\/div><\/div><\/div><\/div>","protected":false},"excerpt":{"rendered":"Nghi\u00ean c\u1ee9u th\u1ecb tr\u01b0\u1eddng | T\u01b0 v\u1ea5n th\u00e2m nh\u1eadp th\u1ecb tr\u01b0\u1eddng | Chuy\u1ebfn tham quan doanh nghi\u1ec7p khu v\u1ef1c c\u00f4ng | H\u1ed7 tr\u1ee3 ti\u1ebfp th\u1ecb | D\u1ecbch v\u1ee5 c\u01a1 s\u1edf d\u1eef li\u1ec7u doanh nghi\u1ec7p | K\u1ebft n\u1ed1i doanh nghi\u1ec7p | H\u1ed7 tr\u1ee3 kinh doanh | Li\u00ean h\u1ec7 v\u1edbi ch\u00fang t\u00f4i | Vui l\u00f2ng \u0111\u1eebng ng\u1ea7n ng\u1ea1i li\u00ean h\u1ec7 v\u1edbi ch\u00fang t\u00f4i n\u1ebfu b\u1ea1n c\u00f3 b\u1ea5t k\u1ef3 th\u1eafc m\u1eafc n\u00e0o. Ch\u00fang t\u00f4i ch\u1ec9 c\u00e1ch b\u1ea1n m\u1ed9t c\u00fa nh\u1ea5p chu\u1ed9t! Li\u00ean h\u1ec7 v\u1edbi ch\u00fang t\u00f4i | Chuy\u1ebfn tham quan doanh nghi\u1ec7p | C\u00e1c chuy\u1ebfn tham quan doanh nghi\u1ec7p \u0111\u01b0\u1ee3c thi\u1ebft k\u1ebf k\u1ef9 l\u01b0\u1ee1ng c\u1ee7a ch\u00fang t\u00f4i s\u1ebd bao g\u1ed3m: | T\u1ed5ng quan th\u1ecb tr\u01b0\u1eddng | Tham quan nh\u00e0 m\u00e1y","protected":false},"author":3,"featured_media":0,"parent":0,"menu_order":0,"comment_status":"closed","ping_status":"closed","template":"","meta":[],"yoast_head":"<!-- This site is optimized with the Yoast SEO Premium plugin v15.1.2 - https:\/\/yoast.com\/wordpress\/plugins\/seo\/ -->\n<title>Business Tour - B-Company<\/title>\n<meta name=\"robots\" content=\"index, follow, max-snippet:-1, max-image-preview:large, max-video-preview:-1\" \/>\n<link rel=\"canonical\" href=\"https:\/\/b-company.jp\/vi\/business-tour\/\" \/>\n<meta property=\"og:locale\" content=\"vi_VN\" \/>\n<meta property=\"og:type\" content=\"article\" \/>\n<meta property=\"og:title\" content=\"Business Tour - B-Company\" \/>\n<meta property=\"og:url\" content=\"https:\/\/b-company.jp\/vi\/business-tour\/\" \/>\n<meta property=\"og:site_name\" content=\"B-Company\" \/>\n<meta property=\"article:modified_time\" content=\"2024-03-25T16:15:39+00:00\" \/>\n<meta property=\"og:image\" content=\"http:\/\/b-company.jp\/wp-content\/uploads\/2020\/08\/business-tour-1.svg\" \/>\n<meta name=\"twitter:card\" content=\"summary_large_image\" \/>\n<script type=\"application\/ld+json\" class=\"yoast-schema-graph\">{\"@context\":\"https:\/\/schema.org\",\"@graph\":[{\"@type\":\"WebSite\",\"@id\":\"https:\/\/b-company.jp\/vi\/#website\",\"url\":\"https:\/\/b-company.jp\/vi\/\",\"name\":\"B-Company\",\"description\":\"Vietnam Market Research &amp; Investment Consulting\",\"potentialAction\":[{\"@type\":\"SearchAction\",\"target\":\"https:\/\/b-company.jp\/vi\/?s={search_term_string}\",\"query-input\":\"required name=search_term_string\"}],\"inLanguage\":\"vi\"},{\"@type\":\"ImageObject\",\"@id\":\"https:\/\/b-company.jp\/business-tour\/#primaryimage\",\"inLanguage\":\"vi\",\"url\":\"http:\/\/b-company.jp\/wp-content\/uploads\/2020\/08\/business-tour-1.svg\"},{\"@type\":\"WebPage\",\"@id\":\"https:\/\/b-company.jp\/business-tour\/#webpage\",\"url\":\"https:\/\/b-company.jp\/business-tour\/\",\"name\":\"Business Tour - B-Company\",\"isPartOf\":{\"@id\":\"https:\/\/b-company.jp\/vi\/#website\"},\"primaryImageOfPage\":{\"@id\":\"https:\/\/b-company.jp\/business-tour\/#primaryimage\"},\"datePublished\":\"2020-07-22T11:32:46+00:00\",\"dateModified\":\"2024-03-25T16:15:39+00:00\",\"inLanguage\":\"vi\",\"potentialAction\":[{\"@type\":\"ReadAction\",\"target\":[\"https:\/\/b-company.jp\/business-tour\/\"]}]}]}<\/script>\n<!-- \/ Yoast SEO Premium plugin. -->","_links":{"self":[{"href":"https:\/\/b-company.jp\/vi\/wp-json\/wp\/v2\/pages\/6808"}],"collection":[{"href":"https:\/\/b-company.jp\/vi\/wp-json\/wp\/v2\/pages"}],"about":[{"href":"https:\/\/b-company.jp\/vi\/wp-json\/wp\/v2\/types\/page"}],"author":[{"embeddable":true,"href":"https:\/\/b-company.jp\/vi\/wp-json\/wp\/v2\/users\/3"}],"replies":[{"embeddable":true,"href":"https:\/\/b-company.jp\/vi\/wp-json\/wp\/v2\/comments?post=6808"}],"version-history":[{"count":2,"href":"https:\/\/b-company.jp\/vi\/wp-json\/wp\/v2\/pages\/6808\/revisions"}],"predecessor-version":[{"id":13130,"href":"https:\/\/b-company.jp\/vi\/wp-json\/wp\/v2\/pages\/6808\/revisions\/13130"}],"wp:attachment":[{"href":"https:\/\/b-company.jp\/vi\/wp-json\/wp\/v2\/media?parent=6808"}],"curies":[{"name":"wp","href":"https:\/\/api.w.org\/{rel}","templated":true}]}}