{"id":6806,"date":"2020-07-22T18:26:03","date_gmt":"2020-07-22T11:26:03","guid":{"rendered":"http:\/\/b-company.jp\/?page_id=6806"},"modified":"2024-03-26T00:00:22","modified_gmt":"2024-03-25T17:00:22","slug":"market-entry-consulting","status":"publish","type":"page","link":"https:\/\/b-company.jp\/vi\/market-entry-consulting\/","title":{"rendered":"T\u01b0 v\u1ea5n th\u00e2m nh\u1eadp th\u1ecb tr\u01b0\u1eddng"},"content":{"rendered":"<div class=\"vc_row wpb_row vc_row-fluid\"><div class=\"col-md-push-8 col-lg-push-9 full-width-responsive catUpperCase ourservices wpb_column vc_column_container vc_col-sm-3\"><div class=\"vc_column-inner\"><div class=\"wpb_wrapper\"><div class=\"mobileSearch large\">\n\tThanh b\u00ean\t<i class=\"fa fa-angle-down\"><\/i>\n<\/div>\n<aside class=\"blogAside\" style=\"display: none;\">\n\t<ul class=\"categoryList normall\">\n\t\t\n\t\t\t\t\t\t\t\t\t<li class=\"\"><a href=\"https:\/\/b-company.jp\/vi\/market-research\/\">Nghi\u00ean c\u1ee9u th\u1ecb tr\u01b0\u1eddng<\/a><\/li>\n\t\t\n\t\t\t\t\t\t\t\t\t<li class=\"activeCat\"><a href=\"https:\/\/b-company.jp\/vi\/market-entry-consulting\/\">T\u01b0 v\u1ea5n th\u00e2m nh\u1eadp th\u1ecb tr\u01b0\u1eddng<\/a><\/li>\n\t\t\n\t\t\t\t\t\t\t\t\t<li class=\"\"><a href=\"https:\/\/b-company.jp\/vi\/market-entry-consulting\/\">Khu v\u1ef1c c\u00f4ng<\/a><\/li>\n\t\t\n\t\t\t\t\t\t\t\t\t<li class=\"\"><a href=\"https:\/\/b-company.jp\/vi\/business-tour\/\">Kh\u1ea3o s\u00e1t doanh nghi\u1ec7p<\/a><\/li>\n\t\t\n\t\t\t\t\t\t\t\t\t<li class=\"\"><a href=\"https:\/\/b-company.jp\/vi\/marketing-support\/\">H\u1ed7 tr\u1ee3 ho\u1ea1t \u0111\u1ed9ng Marketing<\/a><\/li>\n\t\t\n\t\t\t\t\t\t\t\t\t<li class=\"\"><a href=\"https:\/\/b-company.jp\/vi\/business-database-service\/\">D\u1ecbch v\u1ee5 c\u01a1 s\u1edf d\u1eef li\u1ec7u doanh nghi\u1ec7p<\/a><\/li>\n\t\t\n\t\t\t\t\t\t\t\t\t<li class=\"\"><a href=\"https:\/\/b-company.jp\/vi\/business-matching\/\">K\u1ebft n\u1ed1i doanh nghi\u1ec7p<\/a><\/li>\n\t\t\n\t\t\t\t\t\t\t\t\t<li class=\"\"><a href=\"https:\/\/b-company.jp\/vi\/business-support\/\">H\u1ed7 tr\u1ee3 ho\u1ea1t \u0111\u1ed9ng doanh nghi\u1ec7p<\/a><\/li>\n\t\t\t<\/ul>\n\t<div class=\"faq_query\">\n\t\t<h4 class=\"tt-faq-title\">Li\u00ean h\u1ec7<\/h4>\n\t\t<div class=\"simple-text\">\n\t\t\t<p>Vui l\u00f2ng \u0111\u1eebng ng\u1ea7n ng\u1ea1i li\u00ean h\u1ec7 v\u1edbi ch\u00fang t\u00f4i n\u1ebfu b\u1ea1n c\u00f3 b\u1ea5t k\u1ef3 th\u1eafc m\u1eafc n\u00e0o. Ch\u00fang t\u00f4i ch\u1ec9 c\u00e1ch b\u1ea1n m\u1ed9t CLICK!<\/p>\n\t\t<\/div>\n\t\t<a href=\"https:\/\/b-company.jp\/vi\/contact-us\/\">Li\u00ean h\u1ec7<\/a>\n\t<\/div>\n<\/aside>\n<\/div><\/div><\/div><div class=\"col-lg-pull-3 col-md-pull-4 full-width-responsive wpb_column vc_column_container vc_col-sm-9\"><div class=\"vc_column-inner\"><div class=\"wpb_wrapper\">\n\t<div class=\"wpb_text_column wpb_content_element\" >\n\t\t<div class=\"wpb_wrapper\">\n\t\t\t<div class=\"mainServicesContent\">\n<div class=\"quality_requirement\">\n<h4 class=\"tt-quality-title\">T\u01b0 v\u1ea5n th\u00e2m nh\u1eadp th\u1ecb tr\u01b0\u1eddng<\/h4>\n<div class=\"simple-text\">\n<p>V\u1edbi v\u0103n ph\u00f2ng t\u1ea1i H\u00e0 N\u1ed9i, H\u1ed3 Ch\u00ed Minh v\u00e0 Tokyo, ch\u00fang t\u00f4i \u0111\u00e3 v\u00e0 \u0111ang h\u1ed7 tr\u1ee3 kh\u00e1ch h\u00e0ng th\u1ef1c hi\u1ec7n \u0111\u1ea7u t\u01b0 chi\u1ebfn l\u01b0\u1ee3c v\u00e0 m\u1edf r\u1ed9ng kinh doanh ra n\u01b0\u1edbc ngo\u00e0i gi\u1eefa Nh\u1eadt B\u1ea3n v\u00e0 Vi\u1ec7t Nam.\n<\/p><\/div>\n<ul>\n<li>Th\u00f4ng tin th\u1ecb tr\u01b0\u1eddng: b\u00e1o c\u00e1o v\u1ec1 th\u1ecb tr\u01b0\u1eddng m\u1ee5c ti\u00eau v\u00e0 ph\u00e2n t\u00edch \u0111\u1ed1i th\u1ee7 c\u1ea1nh tranh; h\u1ed7 tr\u1ee3 ph\u00e1t tri\u1ec3n k\u1ebf ho\u1ea1ch kinh doanh, v.v.<\/li>\n<li>T\u00f3m t\u1eaft v\u1ec1 Khung ph\u00e1p l\u00fd: t\u1ed5ng quan v\u1ec1 lu\u1eadt v\u00e0 quy \u0111\u1ecbnh li\u00ean quan \u0111\u1ebfn l\u0129nh v\u1ef1c \u0111\u1ea7u t\u01b0<\/li>\n<li>Th\u00e0nh l\u1eadp doanh nghi\u1ec7p: xin Gi\u1ea5y ch\u1ee9ng nh\u1eadn \u0111\u0103ng k\u00fd \u0111\u1ea7u t\u01b0, Gi\u1ea5y ch\u1ee9ng nh\u1eadn \u0111\u0103ng k\u00fd doanh nghi\u1ec7p v\u00e0 c\u00e1c gi\u1ea5y ph\u00e9p kinh doanh c\u1ea7n thi\u1ebft kh\u00e1c; t\u01b0 v\u1ea5n th\u00e0nh l\u1eadp v\u0103n ph\u00f2ng, tuy\u1ec3n d\u1ee5ng v\u00e0 \u0111\u00e0o t\u1ea1o nh\u00e2n s\u1ef1 t\u1ea1i \u0111\u1ecba ph\u01b0\u01a1ng; h\u1ed7 tr\u1ee3 th\u00e0nh l\u1eadp quan h\u1ec7 \u0111\u1ed1i t\u00e1c v\u00e0 m\u1ea1ng l\u01b0\u1edbi \u0111\u1ecba ph\u01b0\u01a1ng, v.v.<\/li>\n<\/ul>\n<\/div>\n<\/div>\n\n\t\t<\/div>\n\t<\/div>\n\n\t<div class=\"wpb_text_column wpb_content_element\" >\n\t\t<div class=\"wpb_wrapper\">\n\t\t\t<div class=\"row col-list\">\n<div class=\"col-sm-6 col-item\">\n<h3 class=\"m-title\" style=\"text-align: center;\"><img decoding=\"async\" class=\"img-responsive aligncenter\" src=\"http:\/\/b-company.jp\/wp-content\/uploads\/2020\/08\/investment-1.svg\" alt=\"\" data-no-auto-translation=\"\" \/><\/h3>\n<h5 class=\"m-title\" style=\"text-align: center;\">Hi\u1ec3u s\u00e2u s\u1eafc h\u1ec7 th\u1ed1ng lu\u1eadt ph\u00e1p v\u00e0 h\u00e0nh ch\u00ednh Vi\u1ec7t Nam<\/h5>\n<\/div>\n<div class=\"col-sm-6 col-item\">\n<h3 class=\"m-title\" style=\"text-align: center;\"><img decoding=\"async\" class=\"img-responsive aligncenter\" src=\"http:\/\/b-company.jp\/wp-content\/uploads\/2020\/08\/investment-2.svg\" alt=\"\" data-no-auto-translation=\"\" \/><\/h3>\n<h5 class=\"m-title\" style=\"text-align: center;\">L\u1eadp chi\u1ebfn l\u01b0\u1ee3c kinh doanh trong vi\u1ec7c xem x\u00e9t v\u1edbi nh\u1eefng h\u1ea1n ch\u1ebf c\u1ee7a c\u1ea3 Vi\u1ec7t Nam v\u00e0 n\u01b0\u1edbc s\u1edf t\u1ea1i<\/h5>\n<\/div>\n<\/div>\n\n\t\t<\/div>\n\t<\/div>\n<\/div><\/div><\/div><\/div>","protected":false},"excerpt":{"rendered":"Nghi\u00ean c\u1ee9u th\u1ecb tr\u01b0\u1eddng, T\u01b0 v\u1ea5n th\u00e2m nh\u1eadp th\u1ecb tr\u01b0\u1eddng, Ch\u01b0\u01a1ng tr\u00ecnh du l\u1ecbch doanh nghi\u1ec7p khu v\u1ef1c c\u00f4ng, H\u1ed7 tr\u1ee3 ti\u1ebfp th\u1ecb, D\u1ecbch v\u1ee5 c\u01a1 s\u1edf d\u1eef li\u1ec7u doanh nghi\u1ec7p, K\u1ebft n\u1ed1i doanh nghi\u1ec7p, H\u1ed7 tr\u1ee3 kinh doanh, Li\u00ean h\u1ec7. Vui l\u00f2ng li\u00ean h\u1ec7 v\u1edbi ch\u00fang t\u00f4i n\u1ebfu b\u1ea1n c\u00f3 b\u1ea5t k\u1ef3 th\u1eafc m\u1eafc n\u00e0o. Ch\u00fang t\u00f4i ch\u1ec9 c\u00e1ch b\u1ea1n m\u1ed9t c\u00fa nh\u1ea5p chu\u1ed9t! Li\u00ean h\u1ec7 v\u1edbi ch\u00fang t\u00f4i T\u01b0 v\u1ea5n th\u00e2m nh\u1eadp th\u1ecb tr\u01b0\u1eddng V\u1edbi v\u0103n ph\u00f2ng t\u1ea1i H\u00e0 N\u1ed9i, Th\u00e0nh ph\u1ed1 H\u1ed3 Ch\u00ed Minh v\u00e0 Tokyo,","protected":false},"author":3,"featured_media":0,"parent":0,"menu_order":0,"comment_status":"closed","ping_status":"closed","template":"","meta":[],"yoast_head":"<!-- This site is optimized with the Yoast SEO Premium plugin v15.1.2 - https:\/\/yoast.com\/wordpress\/plugins\/seo\/ -->\n<title>Market Entry Consulting - B-Company<\/title>\n<meta name=\"robots\" content=\"index, follow, max-snippet:-1, max-image-preview:large, max-video-preview:-1\" \/>\n<link rel=\"canonical\" href=\"https:\/\/b-company.jp\/vi\/market-entry-consulting\/\" \/>\n<meta property=\"og:locale\" content=\"vi_VN\" \/>\n<meta property=\"og:type\" content=\"article\" \/>\n<meta property=\"og:title\" content=\"Market Entry Consulting - B-Company\" \/>\n<meta property=\"og:url\" content=\"https:\/\/b-company.jp\/vi\/market-entry-consulting\/\" \/>\n<meta property=\"og:site_name\" content=\"B-Company\" \/>\n<meta property=\"article:modified_time\" content=\"2024-03-25T17:00:22+00:00\" \/>\n<meta property=\"og:image\" content=\"http:\/\/b-company.jp\/wp-content\/uploads\/2020\/08\/investment-1.svg\" \/>\n<meta name=\"twitter:card\" content=\"summary_large_image\" \/>\n<script type=\"application\/ld+json\" class=\"yoast-schema-graph\">{\"@context\":\"https:\/\/schema.org\",\"@graph\":[{\"@type\":\"WebSite\",\"@id\":\"https:\/\/b-company.jp\/vi\/#website\",\"url\":\"https:\/\/b-company.jp\/vi\/\",\"name\":\"B-Company\",\"description\":\"Vietnam Market Research &amp; Investment Consulting\",\"potentialAction\":[{\"@type\":\"SearchAction\",\"target\":\"https:\/\/b-company.jp\/vi\/?s={search_term_string}\",\"query-input\":\"required name=search_term_string\"}],\"inLanguage\":\"vi\"},{\"@type\":\"ImageObject\",\"@id\":\"https:\/\/b-company.jp\/market-entry-consulting\/#primaryimage\",\"inLanguage\":\"vi\",\"url\":\"http:\/\/b-company.jp\/wp-content\/uploads\/2020\/08\/investment-1.svg\"},{\"@type\":\"WebPage\",\"@id\":\"https:\/\/b-company.jp\/market-entry-consulting\/#webpage\",\"url\":\"https:\/\/b-company.jp\/market-entry-consulting\/\",\"name\":\"Market Entry Consulting - B-Company\",\"isPartOf\":{\"@id\":\"https:\/\/b-company.jp\/vi\/#website\"},\"primaryImageOfPage\":{\"@id\":\"https:\/\/b-company.jp\/market-entry-consulting\/#primaryimage\"},\"datePublished\":\"2020-07-22T11:26:03+00:00\",\"dateModified\":\"2024-03-25T17:00:22+00:00\",\"inLanguage\":\"vi\",\"potentialAction\":[{\"@type\":\"ReadAction\",\"target\":[\"https:\/\/b-company.jp\/market-entry-consulting\/\"]}]}]}<\/script>\n<!-- \/ Yoast SEO Premium plugin. -->","_links":{"self":[{"href":"https:\/\/b-company.jp\/vi\/wp-json\/wp\/v2\/pages\/6806"}],"collection":[{"href":"https:\/\/b-company.jp\/vi\/wp-json\/wp\/v2\/pages"}],"about":[{"href":"https:\/\/b-company.jp\/vi\/wp-json\/wp\/v2\/types\/page"}],"author":[{"embeddable":true,"href":"https:\/\/b-company.jp\/vi\/wp-json\/wp\/v2\/users\/3"}],"replies":[{"embeddable":true,"href":"https:\/\/b-company.jp\/vi\/wp-json\/wp\/v2\/comments?post=6806"}],"version-history":[{"count":3,"href":"https:\/\/b-company.jp\/vi\/wp-json\/wp\/v2\/pages\/6806\/revisions"}],"predecessor-version":[{"id":14421,"href":"https:\/\/b-company.jp\/vi\/wp-json\/wp\/v2\/pages\/6806\/revisions\/14421"}],"wp:attachment":[{"href":"https:\/\/b-company.jp\/vi\/wp-json\/wp\/v2\/media?parent=6806"}],"curies":[{"name":"wp","href":"https:\/\/api.w.org\/{rel}","templated":true}]}}