{"id":6784,"date":"2020-07-22T17:23:35","date_gmt":"2020-07-22T10:23:35","guid":{"rendered":"http:\/\/b-company.jp\/?page_id=6784"},"modified":"2024-06-19T14:09:19","modified_gmt":"2024-06-19T07:09:19","slug":"market-research","status":"publish","type":"page","link":"https:\/\/b-company.jp\/vi\/market-research\/","title":{"rendered":"Nghi\u00ean c\u1ee9u th\u1ecb tr\u01b0\u1eddng"},"content":{"rendered":"<div class=\"vc_row wpb_row vc_row-fluid\"><div class=\"col-md-push-8 col-lg-push-9 full-width-responsive catUpperCase ourservices wpb_column vc_column_container vc_col-sm-3\"><div class=\"vc_column-inner\"><div class=\"wpb_wrapper\"><div class=\"mobileSearch large\">\n\tThanh b\u00ean\t<i class=\"fa fa-angle-down\"><\/i>\n<\/div>\n<aside class=\"blogAside\" style=\"display: none;\">\n\t<ul class=\"categoryList normall\">\n\t\t\n\t\t\t\t\t\t\t\t\t<li class=\"activeCat\"><a href=\"https:\/\/b-company.jp\/vi\/market-research\/\">Nghi\u00ean c\u1ee9u th\u1ecb tr\u01b0\u1eddng<\/a><\/li>\n\t\t\n\t\t\t\t\t\t\t\t\t<li class=\"\"><a href=\"https:\/\/b-company.jp\/vi\/market-entry-consulting\/\">T\u01b0 v\u1ea5n th\u00e2m nh\u1eadp th\u1ecb tr\u01b0\u1eddng<\/a><\/li>\n\t\t\n\t\t\t\t\t\t\t\t\t<li class=\"\"><a href=\"https:\/\/b-company.jp\/vi\/market-research\/\">Khu v\u1ef1c c\u00f4ng<\/a><\/li>\n\t\t\n\t\t\t\t\t\t\t\t\t<li class=\"\"><a href=\"https:\/\/b-company.jp\/vi\/business-tour\/\">Kh\u1ea3o s\u00e1t doanh nghi\u1ec7p<\/a><\/li>\n\t\t\n\t\t\t\t\t\t\t\t\t<li class=\"\"><a href=\"https:\/\/b-company.jp\/vi\/marketing-support\/\">H\u1ed7 tr\u1ee3 ho\u1ea1t \u0111\u1ed9ng Marketing<\/a><\/li>\n\t\t\n\t\t\t\t\t\t\t\t\t<li class=\"\"><a href=\"https:\/\/b-company.jp\/vi\/business-database-service\/\">D\u1ecbch v\u1ee5 c\u01a1 s\u1edf d\u1eef li\u1ec7u doanh nghi\u1ec7p<\/a><\/li>\n\t\t\n\t\t\t\t\t\t\t\t\t<li class=\"\"><a href=\"https:\/\/b-company.jp\/vi\/business-matching\/\">K\u1ebft n\u1ed1i doanh nghi\u1ec7p<\/a><\/li>\n\t\t\n\t\t\t\t\t\t\t\t\t<li class=\"\"><a href=\"https:\/\/b-company.jp\/vi\/business-support\/\">H\u1ed7 tr\u1ee3 ho\u1ea1t \u0111\u1ed9ng doanh nghi\u1ec7p<\/a><\/li>\n\t\t\t<\/ul>\n\t<div class=\"faq_query\">\n\t\t<h4 class=\"tt-faq-title\">Li\u00ean h\u1ec7<\/h4>\n\t\t<div class=\"simple-text\">\n\t\t\t<p>Vui l\u00f2ng \u0111\u1eebng ng\u1ea7n ng\u1ea1i li\u00ean h\u1ec7 v\u1edbi ch\u00fang t\u00f4i n\u1ebfu b\u1ea1n c\u00f3 b\u1ea5t k\u1ef3 th\u1eafc m\u1eafc n\u00e0o. Ch\u00fang t\u00f4i ch\u1ec9 c\u00e1ch b\u1ea1n m\u1ed9t CLICK!<\/p>\n\t\t<\/div>\n\t\t<a href=\"https:\/\/b-company.jp\/vi\/contact-us\/\">Li\u00ean h\u1ec7<\/a>\n\t<\/div>\n<\/aside>\n<\/div><\/div><\/div><div class=\"col-lg-pull-3 col-md-pull-4 full-width-responsive wpb_column vc_column_container vc_col-sm-9\"><div class=\"vc_column-inner\"><div class=\"wpb_wrapper\">\n\t<div class=\"wpb_text_column wpb_content_element\" >\n\t\t<div class=\"wpb_wrapper\">\n\t\t\t<div class=\"mainServicesContent\">\n<h4 class=\"tt-quality-title\">Nghi\u00ean c\u1ee9u th\u1ecb tr\u01b0\u1eddng<\/h4>\n<\/div>\n<div class=\"overview_content\">\n<div class=\"simple-text\">\n<div>\n<div class=\"copy-paste-block\">Ch\u00fang t\u00f4i cung c\u1ea5p d\u1ecbch v\u1ee5 nghi\u00ean c\u1ee9u th\u1ecb tr\u01b0\u1eddng \u0111\u1ea7y \u0111\u1ee7 t\u1eeb giai \u0111o\u1ea1n thi\u1ebft k\u1ebf nghi\u00ean c\u1ee9u, th\u1ef1c hi\u1ec7n nghi\u00ean c\u1ee9u, ph\u00e2n t\u00edch d\u1eef li\u1ec7u \u0111\u1ebfn b\u00e1o c\u00e1o cu\u1ed1i c\u00f9ng v\u00e0 \u0111\u1ec1 xu\u1ea5t chi\u1ebfn l\u01b0\u1ee3c. L\u00e0 th\u00e0nh vi\u00ean ch\u00ednh th\u1ee9c c\u1ee7a ESOMAR, ch\u00fang t\u00f4i cam k\u1ebft cung c\u1ea5p d\u1ecbch v\u1ee5 nghi\u00ean c\u1ee9u ch\u1ea5t l\u01b0\u1ee3ng cao, \u0111\u00e1p \u1ee9ng ti\u00eau chu\u1ea9n qu\u1ed1c t\u1ebf.<\/div>\n<div class=\"empty-space marg-lg-b40\"><\/div>\n<\/div>\n<\/div>\n<\/div>\n\n\t\t<\/div>\n\t<\/div>\n<\/div><\/div><\/div><div class=\"full-width-responsive wpb_column vc_column_container vc_col-sm-3\"><div class=\"vc_column-inner\"><div class=\"wpb_wrapper\"><\/div><\/div><\/div><div class=\"full-width-responsive RespSpace wpb_column vc_column_container vc_col-sm-8\"><div class=\"vc_column-inner vc_custom_1596512180095\"><div class=\"wpb_wrapper\"><div class=\"vc_row wpb_row vc_inner vc_row-fluid images\"><div class=\"wpb_column vc_column_container vc_col-sm-12\"><div class=\"vc_column-inner\"><div class=\"wpb_wrapper\"><div class=\"col-md-6 col-sm-6\"><div class=\"single-content\">\n\t\t\t\t\t\t<div class=\"item single-project-item\"> \n\t\t\t\t\t\t <div class=\"img-holder\">\n\t\t\t\t\t<img src=\"https:\/\/b-company.jp\/wp-content\/uploads\/2020\/08\/Grid_desk-research.png\" width=\"350\" height=\"205\" title=\"Nghi\u00ean c\u1ee9u th\u1ee9 c\u1ea5p\" data-no-auto-translation=\"\">\n\t\t\t\t\t<h4>Nghi\u00ean c\u1ee9u th\u1ee9 c\u1ea5p<\/h4>\n\t\t\t\t\t<div class=\"this-infos\">\n\t\t\t\t\t\t<div class=\"infos-inner\">\n\t\t\t\t\t\t<h4>Nghi\u00ean c\u1ee9u th\u1ee9 c\u1ea5p<\/h4>\n\t\t\t\t\t\t<a href=\"http:\/\/b-company.jp\/vi\/market-research\/desk-research\/\" class=\"this-link\">Xem th\u00eam<\/a>\n\t\t\t\t\t\t<\/div>\n\t\t\t\t\t  <\/div>\n\t\t\t\t\t<\/div><\/div>\n\t\t\t\t <\/div><\/div><div class=\"col-md-6 col-sm-6\"><div class=\"single-content\">\n\t\t\t\t\t\t<div class=\"item single-project-item\"> \n\t\t\t\t\t\t <div class=\"img-holder\">\n\t\t\t\t\t<img src=\"https:\/\/b-company.jp\/wp-content\/uploads\/2020\/08\/Grid_quantitative-research.png\" width=\"350\" height=\"205\" title=\"Quantitative Research\" data-no-auto-translation=\"\">\n\t\t\t\t\t<h4>Quantitative Research<\/h4>\n\t\t\t\t\t<div class=\"this-infos\">\n\t\t\t\t\t\t<div class=\"infos-inner\">\n\t\t\t\t\t\t<h4>Quantitative Research<\/h4>\n\t\t\t\t\t\t<a href=\"http:\/\/b-company.jp\/vi\/market-research\/quantitative-research\/\" class=\"this-link\">Xem th\u00eam<\/a>\n\t\t\t\t\t\t<\/div>\n\t\t\t\t\t  <\/div>\n\t\t\t\t\t<\/div><\/div>\n\t\t\t\t <\/div><\/div><div class=\"col-md-6 col-sm-6\"><div class=\"single-content\">\n\t\t\t\t\t\t<div class=\"item single-project-item\"> \n\t\t\t\t\t\t <div class=\"img-holder\">\n\t\t\t\t\t<img src=\"https:\/\/b-company.jp\/wp-content\/uploads\/2020\/08\/Grid_qualitative-research.png\" width=\"350\" height=\"205\" title=\"Qualitative Research\" data-no-auto-translation=\"\">\n\t\t\t\t\t<h4>Qualitative Research<\/h4>\n\t\t\t\t\t<div class=\"this-infos\">\n\t\t\t\t\t\t<div class=\"infos-inner\">\n\t\t\t\t\t\t<h4>Qualitative Research<\/h4>\n\t\t\t\t\t\t<a href=\"http:\/\/b-company.jp\/vi\/market-research\/qualitative-research\/\" class=\"this-link\">Xem th\u00eam<\/a>\n\t\t\t\t\t\t<\/div>\n\t\t\t\t\t  <\/div>\n\t\t\t\t\t<\/div><\/div>\n\t\t\t\t <\/div><\/div><div class=\"col-md-6 col-sm-6\"><div class=\"single-content\">\n\t\t\t\t\t\t<div class=\"item single-project-item\"> \n\t\t\t\t\t\t <div class=\"img-holder\">\n\t\t\t\t\t<img src=\"https:\/\/b-company.jp\/wp-content\/uploads\/2020\/08\/Grid_home-visiting.png\" width=\"350\" height=\"205\" title=\"Gh\u00e9 th\u0103m tr\u1ef1c ti\u1ebfp\" data-no-auto-translation=\"\">\n\t\t\t\t\t<h4>Gh\u00e9 th\u0103m tr\u1ef1c ti\u1ebfp<\/h4>\n\t\t\t\t\t<div class=\"this-infos\">\n\t\t\t\t\t\t<div class=\"infos-inner\">\n\t\t\t\t\t\t<h4>Gh\u00e9 th\u0103m tr\u1ef1c ti\u1ebfp<\/h4>\n\t\t\t\t\t\t<a href=\"http:\/\/b-company.jp\/vi\/market-research\/home-visiting\/\" class=\"this-link\">Xem th\u00eam<\/a>\n\t\t\t\t\t\t<\/div>\n\t\t\t\t\t  <\/div>\n\t\t\t\t\t<\/div><\/div>\n\t\t\t\t <\/div><\/div><div class=\"col-md-6 col-sm-6\"><div class=\"single-content\">\n\t\t\t\t\t\t<div class=\"item single-project-item\"> \n\t\t\t\t\t\t <div class=\"img-holder\">\n\t\t\t\t\t<img src=\"https:\/\/b-company.jp\/wp-content\/uploads\/2020\/08\/Grid_Mystery-Shopping.png\" width=\"350\" height=\"205\" title=\"Mua s\u1eafm \u1ea9n danh\" data-no-auto-translation=\"\">\n\t\t\t\t\t<h4>Mua s\u1eafm \u1ea9n danh<\/h4>\n\t\t\t\t\t<div class=\"this-infos\">\n\t\t\t\t\t\t<div class=\"infos-inner\">\n\t\t\t\t\t\t<h4>Mua s\u1eafm \u1ea9n danh<\/h4>\n\t\t\t\t\t\t<a href=\"http:\/\/b-company.jp\/vi\/market-research\/mystery-shopping\/\" class=\"this-link\">Xem th\u00eam<\/a>\n\t\t\t\t\t\t<\/div>\n\t\t\t\t\t  <\/div>\n\t\t\t\t\t<\/div><\/div>\n\t\t\t\t <\/div><\/div><\/div><\/div><\/div><\/div><\/div><\/div><\/div><\/div>","protected":false},"excerpt":{"rendered":"Sidebar Market Research Market Entry Consulting Public Sector Business Tour Marketing Support Business Database Service Business Matching Business Support Get In Touch Please do not hesitate to contact us if you have any queries. We are just a CLICK away! Contact us Market Research We provide full-serviced market research from the stage of research design,","protected":false},"author":3,"featured_media":0,"parent":0,"menu_order":0,"comment_status":"closed","ping_status":"closed","template":"","meta":[],"yoast_head":"<!-- This site is optimized with the Yoast SEO Premium plugin v15.1.2 - https:\/\/yoast.com\/wordpress\/plugins\/seo\/ -->\n<title>Market Research - B-Company<\/title>\n<meta name=\"robots\" content=\"index, follow, max-snippet:-1, max-image-preview:large, max-video-preview:-1\" \/>\n<link rel=\"canonical\" href=\"https:\/\/b-company.jp\/vi\/market-research\/\" \/>\n<meta property=\"og:locale\" content=\"vi_VN\" \/>\n<meta property=\"og:type\" content=\"article\" \/>\n<meta property=\"og:title\" content=\"Market Research - B-Company\" \/>\n<meta property=\"og:url\" content=\"https:\/\/b-company.jp\/vi\/market-research\/\" \/>\n<meta property=\"og:site_name\" content=\"B-Company\" \/>\n<meta property=\"article:modified_time\" content=\"2024-06-19T07:09:19+00:00\" \/>\n<meta name=\"twitter:card\" content=\"summary_large_image\" \/>\n<script type=\"application\/ld+json\" class=\"yoast-schema-graph\">{\"@context\":\"https:\/\/schema.org\",\"@graph\":[{\"@type\":\"WebSite\",\"@id\":\"https:\/\/b-company.jp\/vi\/#website\",\"url\":\"https:\/\/b-company.jp\/vi\/\",\"name\":\"B-Company\",\"description\":\"Vietnam Market Research &amp; Investment Consulting\",\"potentialAction\":[{\"@type\":\"SearchAction\",\"target\":\"https:\/\/b-company.jp\/vi\/?s={search_term_string}\",\"query-input\":\"required name=search_term_string\"}],\"inLanguage\":\"vi\"},{\"@type\":\"WebPage\",\"@id\":\"https:\/\/b-company.jp\/market-research\/#webpage\",\"url\":\"https:\/\/b-company.jp\/market-research\/\",\"name\":\"Market Research - B-Company\",\"isPartOf\":{\"@id\":\"https:\/\/b-company.jp\/vi\/#website\"},\"datePublished\":\"2020-07-22T10:23:35+00:00\",\"dateModified\":\"2024-06-19T07:09:19+00:00\",\"inLanguage\":\"vi\",\"potentialAction\":[{\"@type\":\"ReadAction\",\"target\":[\"https:\/\/b-company.jp\/market-research\/\"]}]}]}<\/script>\n<!-- \/ Yoast SEO Premium plugin. -->","_links":{"self":[{"href":"https:\/\/b-company.jp\/vi\/wp-json\/wp\/v2\/pages\/6784"}],"collection":[{"href":"https:\/\/b-company.jp\/vi\/wp-json\/wp\/v2\/pages"}],"about":[{"href":"https:\/\/b-company.jp\/vi\/wp-json\/wp\/v2\/types\/page"}],"author":[{"embeddable":true,"href":"https:\/\/b-company.jp\/vi\/wp-json\/wp\/v2\/users\/3"}],"replies":[{"embeddable":true,"href":"https:\/\/b-company.jp\/vi\/wp-json\/wp\/v2\/comments?post=6784"}],"version-history":[{"count":6,"href":"https:\/\/b-company.jp\/vi\/wp-json\/wp\/v2\/pages\/6784\/revisions"}],"predecessor-version":[{"id":14160,"href":"https:\/\/b-company.jp\/vi\/wp-json\/wp\/v2\/pages\/6784\/revisions\/14160"}],"wp:attachment":[{"href":"https:\/\/b-company.jp\/vi\/wp-json\/wp\/v2\/media?parent=6784"}],"curies":[{"name":"wp","href":"https:\/\/api.w.org\/{rel}","templated":true}]}}