{"id":282,"date":"2017-07-24T08:21:00","date_gmt":"2017-07-24T08:21:00","guid":{"rendered":"http:\/\/www.themechampion.com\/demo\/consultexlst\/?page_id=282"},"modified":"2021-07-28T16:02:32","modified_gmt":"2021-07-28T09:02:32","slug":"careers","status":"publish","type":"page","link":"https:\/\/b-company.jp\/vi\/careers\/","title":{"rendered":"Ngh\u1ec1 nghi\u1ec7p"},"content":{"rendered":"<div class=\"vc_row wpb_row vc_row-fluid\"><div class=\"col-md-push-8 col-lg-push-9 full-width-responsive catUpperCase wpb_column vc_column_container vc_col-sm-3\"><div class=\"vc_column-inner\"><div class=\"wpb_wrapper\"><div class=\"mobileSearch large\">\n\tThanh b\u00ean\t<i class=\"fa fa-angle-down\"><\/i>\n<\/div>\n<aside class=\"blogAside\" style=\"display: none;\">\n\t<ul class=\"categoryList normall\">\n\t\t\n\t\t\t\t\t\t\t\t\t<li class=\"\"><a href=\"https:\/\/b-company.jp\/vi\/market-research\/\">Nghi\u00ean c\u1ee9u th\u1ecb tr\u01b0\u1eddng<\/a><\/li>\n\t\t\n\t\t\t\t\t\t\t\t\t<li class=\"\"><a href=\"https:\/\/b-company.jp\/vi\/market-entry-consulting\/\">T\u01b0 v\u1ea5n th\u00e2m nh\u1eadp th\u1ecb tr\u01b0\u1eddng<\/a><\/li>\n\t\t\n\t\t\t\t\t\t\t\t\t<li class=\"\"><a href=\"https:\/\/b-company.jp\/vi\/careers\/\">Khu v\u1ef1c c\u00f4ng<\/a><\/li>\n\t\t\n\t\t\t\t\t\t\t\t\t<li class=\"\"><a href=\"https:\/\/b-company.jp\/vi\/business-tour\/\">Kh\u1ea3o s\u00e1t doanh nghi\u1ec7p<\/a><\/li>\n\t\t\n\t\t\t\t\t\t\t\t\t<li class=\"\"><a href=\"https:\/\/b-company.jp\/vi\/marketing-support\/\">H\u1ed7 tr\u1ee3 ho\u1ea1t \u0111\u1ed9ng Marketing<\/a><\/li>\n\t\t\n\t\t\t\t\t\t\t\t\t<li class=\"\"><a href=\"https:\/\/b-company.jp\/vi\/business-database-service\/\">D\u1ecbch v\u1ee5 c\u01a1 s\u1edf d\u1eef li\u1ec7u doanh nghi\u1ec7p<\/a><\/li>\n\t\t\n\t\t\t\t\t\t\t\t\t<li class=\"\"><a href=\"https:\/\/b-company.jp\/vi\/business-matching\/\">K\u1ebft n\u1ed1i doanh nghi\u1ec7p<\/a><\/li>\n\t\t\n\t\t\t\t\t\t\t\t\t<li class=\"\"><a href=\"https:\/\/b-company.jp\/vi\/business-support\/\">H\u1ed7 tr\u1ee3 ho\u1ea1t \u0111\u1ed9ng doanh nghi\u1ec7p<\/a><\/li>\n\t\t\t<\/ul>\n\t<div class=\"faq_query\">\n\t\t<h4 class=\"tt-faq-title\">C\u00f3 y\u00eau c\u1ea7u<\/h4>\n\t\t<div class=\"simple-text\">\n\t\t\t<p>N\u1ebfu b\u1ea1n quan t\u00e2m \u0111\u1ebfn c\u01a1 h\u1ed9i ngh\u1ec1 nghi\u1ec7p t\u1ea1i B&amp;Company v\u00e0 mu\u1ed1n gia nh\u1eadp m\u1ed9t \u0111\u1ed9i ng\u0169 n\u0103ng \u0111\u1ed9ng v\u00e0 chuy\u00ean nghi\u1ec7p, b\u1ea1n c\u00f3 th\u1ec3 g\u1eedi CV v\u00e0 th\u01b0 xin vi\u1ec7c cho ch\u00fang t\u00f4i theo \u0111\u1ecba ch\u1ec9 hr@b-company.jp.<\/p>\n\t\t<\/div>\n\t\t<a href=\"https:\/\/b-company.jp\/vi\/contact-us\/\">Li\u00ean h\u1ec7<\/a>\n\t<\/div>\n<\/aside>\n<\/div><\/div><\/div><div class=\"col-lg-pull-3 col-md-pull-4 full-width-responsive accord-tab wpb_column vc_column_container vc_col-sm-9\"><div class=\"vc_column-inner\"><div class=\"wpb_wrapper\">\n\t<div class=\"wpb_text_column wpb_content_element\" >\n\t\t<div class=\"wpb_wrapper\">\n\t\t\t<div class=\"mainServicesContent\">\n<div class=\"quality_requirement\">\n<h4 class=\"tt-quality-title\">Con ng\u01b0\u1eddi l\u00e0 \u0111i\u1ec1u t\u1ed1t nh\u1ea5t m\u00e0 ch\u00fang ta c\u00f3<\/h4>\n<div class=\"simple-text\">\n<p>T\u1eeb sinh vi\u00ean m\u1edbi t\u1ed1t nghi\u1ec7p \u0111\u1ebfn chuy\u00ean gia gi\u00e0u kinh nghi\u1ec7m, ch\u00fang t\u00f4i \u0111ang t\u00ecm ki\u1ebfm nh\u1eefng t\u00e0i n\u0103ng c\u00f3 k\u1ef9 n\u0103ng gi\u1ea3i quy\u1ebft v\u1ea5n \u0111\u1ec1 v\u00e0 t\u01b0 duy ph\u1ea3n bi\u1ec7n \u0111\u1ec3 tham gia \u0110\u1ed9i ng\u0169 nghi\u00ean c\u1ee9u th\u1ecb tr\u01b0\u1eddng v\u00e0 t\u01b0 v\u1ea5n \u0111\u1ea7u t\u01b0 c\u1ee7a ch\u00fang t\u00f4i. Ph\u01b0\u01a1ng ph\u00e1p ti\u1ebfp c\u1eadn c\u1ee7a ch\u00fang t\u00f4i \u0111\u1ed1i v\u1edbi vi\u1ec7c ph\u00e1t tri\u1ec3n t\u00e0i n\u0103ng bao g\u1ed3m:\n<\/p><\/div>\n<ul>\n<li>\u0110\u00e0o t\u1ea1o n\u1ed9i b\u1ed9 \u0111\u1ecbnh k\u1ef3<\/li>\n<li>\u0110\u00e0o t\u1ea1o t\u1ea1i n\u01a1i l\u00e0m vi\u1ec7c<\/li>\n<li>C\u1ed1 v\u1ea5n &amp; Hu\u1ea5n luy\u1ec7n<\/li>\n<li>H\u1ed7 tr\u1ee3 gi\u00e1o d\u1ee5c n\u00e2ng cao v\u00e0 tham gia c\u00e1c h\u1ed9i th\u1ea3o chuy\u00ean m\u00f4n<\/li>\n<li>Di chuy\u1ec3n gi\u1eefa c\u00e1c v\u0103n ph\u00f2ng v\u00e0 lu\u00e2n chuy\u1ec3n nhi\u1ec7m v\u1ee5<\/li>\n<\/ul>\n<\/div>\n<\/div>\n\n\t\t<\/div>\n\t<\/div>\n\n\t<div class=\"wpb_text_column wpb_content_element\" >\n\t\t<div class=\"wpb_wrapper\">\n\t\t\t<div class=\"mainServicesContent\">\n<div class=\"quality_requirement\">\n<h4 class=\"tt-quality-title\"><\/h4>\n<div class=\"simple-text\">\n<\/div>\n<p>\u65e5\u672c\u63a1\u7528\u7a93\u53e3:\u65e5\u672c\u307e\u305f\u306f\u30d9\u30c8\u30ca\u30e0\u3067\u306e\u63a1\u7528\u306b\u3064\u3044\u3066\u5fdc<br \/>\u52df\u3055\u308c\u308b\u969b\u306b\u3053\u3061\u3089\u306e\u30e1\u30fc\u30eb\u3082\u9001\u4ed8\u5148\u3068\u3057\u3066\u53ef\u80fd\u3067\u3059<br \/>\u5f0a\u793e\u306e\u696d\u52d9\u306f\u5f53\u9762\u306e\u3068\u3053\u308d\u3001\u82f1\u8a9e\u3092\u5fc5\u9808\u3068\u3057\u3066<br \/>\u304a\u308a\u3001\u82f1\u691c2\u7d1a\u7a0b\u5ea6\u4ee5\u4e0a\u3092\u6761\u4ef6\u3068\u3057\u307e\u3059<br \/>.<br \/>\u3092\u304a\u9001\u308a\u304f\u3060\u3055\u3044<br \/>\u82f1\u8a9e\u306e\u8077\u52d9\u7d4c\u6b74\u66f8\u7b49\u3092\u3059\u3050\u4f5c\u308c\u306a\u3044\u5834\u5408\u306f\u3001\u82f1\u8a9e\u3067\u306e\u81ea<br \/>\u5df1\u7d39\u4ecb\u3001\u7d4c\u6b74\u7d39\u4ecb\u3001\u5fdc\u52df\u52d5\u6a5f\u3092\u542b\u3080\u7c21\u5358\u306a\u8cc7\u6599\u3092\u4f5c\u6210\u3057<br \/>\u5fdc\u52df\u66f8\u985e\u306b\u542b\u3081\u3066\u3044\u305f\u3060\u3044\u3066\u3082\u69cb\u3044\u307e\u305b\u3093<\/div>\n<\/div>\n\n\t\t<\/div>\n\t<\/div>\n<h4 style=\"text-align: left\" class=\"vc_custom_heading tt-quality-title left-margin\" ><\/h4><h4 style=\"text-align: left\" class=\"vc_custom_heading tt-quality-title left-margin\" >V\u1ecb tr\u00ed tuy\u1ec3n d\u1ee5ng<\/h4><div class=\"vc_tta-container\" data-vc-action=\"collapse\"><div class=\"vc_general vc_tta vc_tta-accordion vc_tta-color-white vc_tta-style-modern vc_tta-shape-square vc_tta-o-shape-group vc_tta-controls-align-left  tt-accordeon type-3 mainServicesContent\"><div class=\"vc_tta-panels-container bc-no-auto-translate-database-services 4\"><div class=\"vc_tta-panels\"><div class=\"vc_tta-panel\" id=\"1500889591497-06ae37b1-7350\" data-vc-content=\".vc_tta-panel-body\"><div class=\"vc_tta-panel-heading\"><h4 class=\"vc_tta-panel-title vc_tta-controls-icon-position-right\"><a href=\"#1500889591497-06ae37b1-7350\" data-vc-accordion data-vc-container=\".vc_tta-container\"><span class=\"vc_tta-title-text\">Th\u1ef1c t\u1eadp vi\u00ean nghi\u00ean c\u1ee9u th\u1ecb tr\u01b0\u1eddng<\/span><i class=\"vc_tta-controls-icon vc_tta-controls-icon-triangle\"><\/i><\/a><\/h4><\/div><div class=\"vc_tta-panel-body\">\n\t<div class=\"wpb_text_column wpb_content_element\" >\n\t\t<div class=\"wpb_wrapper\">\n\t\t\t<div class=\"quality_requirement\">\n<h4 class=\"tt-subtitle-accordeon\">M\u1edf c\u1eeda cho c\u00e1c v\u0103n ph\u00f2ng t\u1ea1i Tokyo, H\u00e0 N\u1ed9i v\u00e0 Th\u00e0nh ph\u1ed1 H\u1ed3 Ch\u00ed Minh<\/h4>\n<div class=\"empty-space marg-lg-b40\"><\/div>\n<div class=\"simple-text\">\n<p>M\u00f4 t\u1ea3 c\u00f4ng vi\u1ec7c:<\/p>\n<ul>\n<li>H\u1ed7 tr\u1ee3 c\u00e1c d\u1ef1 \u00e1n nghi\u00ean c\u1ee9u th\u1ecb tr\u01b0\u1eddng trong vi\u1ec7c th\u1ef1c hi\u1ec7n c\u00f4ng t\u00e1c th\u1ef1c \u0111\u1ecba, thu th\u1eadp v\u00e0 x\u1eed l\u00fd d\u1eef li\u1ec7u v\u00e0 l\u1eadp b\u00e1o c\u00e1o<\/li>\n<li>Vi\u1ebft tin t\u1ee9c ng\u1eafn c\u1eadp nh\u1eadt th\u00f4ng tin th\u1ecb tr\u01b0\u1eddng cho c\u00e1c k\u00eanh truy\u1ec1n th\u00f4ng c\u1ee7a c\u00f4ng ty<\/li>\n<li>C\u00e1c nhi\u1ec7m v\u1ee5 kh\u00e1c theo y\u00eau c\u1ea7u<\/li>\n<\/ul>\n<p>Quy\u1ec1n l\u1ee3i th\u1ef1c t\u1eadp:<\/p>\n<ul>\n<li>C\u00f3 c\u01a1 h\u1ed9i tham gia nh\u00f3m nghi\u00ean c\u1ee9u, c\u00f3 \u0111\u01b0\u1ee3c kinh nghi\u1ec7m \u0111\u1ea7u ti\u00ean trong l\u0129nh v\u1ef1c n\u00e0y<\/li>\n<li>Tham gia c\u00e1c bu\u1ed5i \u0111\u00e0o t\u1ea1o n\u1ed9i b\u1ed9<\/li>\n<li>Th\u1ef1c h\u00e0nh k\u1ef9 n\u0103ng ti\u1ebfng Anh v\u00e0\/ho\u1eb7c ti\u1ebfng Nh\u1eadt trong kinh doanh v\u00e0 h\u1ecdc c\u00e1ch c\u01b0 x\u1eed chu\u1ea9n m\u1ef1c trong kinh doanh<\/li>\n<li>Nh\u1eadn \u0111\u01b0\u1ee3c s\u1ef1 h\u01b0\u1edbng d\u1eabn t\u1eeb nh\u1eefng ng\u01b0\u1eddi c\u00f3 kinh nghi\u1ec7m<\/li>\n<li>C\u01a1 h\u1ed9i tr\u1edf th\u00e0nh nh\u00e2n vi\u00ean ch\u00ednh th\u1ee9c sau th\u1eddi gian th\u1ef1c t\u1eadp<\/li>\n<li>Ch\u01b0\u01a1ng tr\u00ecnh th\u1ef1c t\u1eadp c\u00f3 l\u01b0\u01a1ng<\/li>\n<\/ul>\n<\/div>\n<\/div>\n\n\t\t<\/div>\n\t<\/div>\n<\/div><\/div><div class=\"vc_tta-panel\" id=\"1500889591764-6600e78e-bcd1\" data-vc-content=\".vc_tta-panel-body\"><div class=\"vc_tta-panel-heading\"><h4 class=\"vc_tta-panel-title vc_tta-controls-icon-position-right\"><a href=\"#1500889591764-6600e78e-bcd1\" data-vc-accordion data-vc-container=\".vc_tta-container\"><span class=\"vc_tta-title-text\">Gi\u00e1m \u0111\u1ed1c CNTT<\/span><i class=\"vc_tta-controls-icon vc_tta-controls-icon-triangle\"><\/i><\/a><\/h4><\/div><div class=\"vc_tta-panel-body\">\n\t<div class=\"wpb_text_column wpb_content_element\" >\n\t\t<div class=\"wpb_wrapper\">\n\t\t\t<div class=\"quality_requirement\">\n<h4 class=\"tt-subtitle-accordeon\">M\u1edf c\u1eeda cho v\u0103n ph\u00f2ng H\u00e0 N\u1ed9i v\u00e0 Th\u00e0nh ph\u1ed1 H\u1ed3 Ch\u00ed Minh<\/h4>\n<div class=\"empty-space marg-lg-b40\"><\/div>\n<div class=\"simple-text\">\n<p>M\u00f4 t\u1ea3 c\u00f4ng vi\u1ec7c:<\/p>\n<ul>\n<li>Duy tr\u00ec v\u00e0 c\u1eadp nh\u1eadt c\u00e1c k\u00eanh truy\u1ec1n th\u00f4ng c\u1ee7a c\u00f4ng ty<\/li>\n<li>Ph\u00e1t tri\u1ec3n v\u00e0 qu\u1ea3n l\u00fd trang web c\u00f4ng ty<\/li>\n<li>Qu\u1ea3n l\u00fd h\u1ec7 th\u1ed1ng CNTT v\u00e0 thi\u1ebft b\u1ecb c\u1ee7a c\u00f4ng ty<\/li>\n<li>H\u1ed7 tr\u1ee3 c\u00e1c ho\u1ea1t \u0111\u1ed9ng ti\u1ebfp th\u1ecb k\u1ef9 thu\u1eadt s\u1ed1<\/li>\n<li>C\u00e1c c\u00f4ng vi\u1ec7c h\u1ed7 tr\u1ee3 CNTT kh\u00e1c theo y\u00eau c\u1ea7u c\u1ee7a c\u1ea5p tr\u00ean<\/li>\n<\/ul>\n<\/div>\n<\/div>\n\n\t\t<\/div>\n\t<\/div>\n<\/div><\/div><div class=\"vc_tta-panel\" id=\"1500894423872-2ec71d47-fd86\" data-vc-content=\".vc_tta-panel-body\"><div class=\"vc_tta-panel-heading\"><h4 class=\"vc_tta-panel-title vc_tta-controls-icon-position-right\"><a href=\"#1500894423872-2ec71d47-fd86\" data-vc-accordion data-vc-container=\".vc_tta-container\"><span class=\"vc_tta-title-text\">Chuy\u00ean vi\u00ean t\u01b0 v\u1ea5n th\u1ecb tr\u01b0\u1eddng li\u00ean k\u1ebft | Chuy\u00ean vi\u00ean t\u01b0 v\u1ea5n th\u1ecb tr\u01b0\u1eddng | Ph\u00e1t tri\u1ec3n kinh doanh<\/span><i class=\"vc_tta-controls-icon vc_tta-controls-icon-triangle\"><\/i><\/a><\/h4><\/div><div class=\"vc_tta-panel-body\">\n\t<div class=\"wpb_text_column wpb_content_element\" >\n\t\t<div class=\"wpb_wrapper\">\n\t\t\t<h4 class=\"tt-subtitle-accordeon\">M\u1edf c\u1eeda cho v\u0103n ph\u00f2ng H\u00e0 N\u1ed9i v\u00e0 Th\u00e0nh ph\u1ed1 H\u1ed3 Ch\u00ed Minh<\/h4>\n<div class=\"simple-text\">\n<p>C\u00e1c \u1ee9ng vi\u00ean quan t\u00e2m vui l\u00f2ng g\u1eedi CV v\u00e0 th\u01b0 xin vi\u1ec7c cho ch\u00fang t\u00f4i theo \u0111\u1ecba ch\u1ec9 hr@b-company.jp\n<\/p><\/div>\n\n\t\t<\/div>\n\t<\/div>\n<\/div><\/div><\/div><\/div><\/div><\/div><div class=\"vc_tta-container\" data-vc-action=\"collapse\"><div class=\"vc_general vc_tta vc_tta-accordion vc_tta-color-white vc_tta-style-modern vc_tta-shape-square vc_tta-o-shape-group vc_tta-controls-align-left  tt-accordeon type-3 mainServicesContent\"><div class=\"vc_tta-panels-container bc-no-auto-translate-database-services 4\"><div class=\"vc_tta-panels\"><div class=\"vc_tta-panel\" id=\"1627462750339-518975f9-4a68\" data-vc-content=\".vc_tta-panel-body\"><div class=\"vc_tta-panel-heading\"><h4 class=\"vc_tta-panel-title vc_tta-controls-icon-position-right\"><a href=\"#1627462750339-518975f9-4a68\" data-vc-accordion data-vc-container=\".vc_tta-container\"><span class=\"vc_tta-title-text\">Th\u1ef1c t\u1eadp vi\u00ean nghi\u00ean c\u1ee9u th\u1ecb tr\u01b0\u1eddng<\/span><i class=\"vc_tta-controls-icon vc_tta-controls-icon-triangle\"><\/i><\/a><\/h4><\/div><div class=\"vc_tta-panel-body\">\n\t<div class=\"wpb_text_column wpb_content_element\" >\n\t\t<div class=\"wpb_wrapper\">\n\t\t\t<div class=\"quality_requirement\">\n<h4 class=\"tt-subtitle-accordeon\">M\u1edf c\u1eeda cho c\u00e1c v\u0103n ph\u00f2ng t\u1ea1i Tokyo, H\u00e0 N\u1ed9i v\u00e0 Th\u00e0nh ph\u1ed1 H\u1ed3 Ch\u00ed Minh<\/h4>\n<div class=\"empty-space marg-lg-b40\"><\/div>\n<div class=\"simple-text\">\n<p>M\u00f4 t\u1ea3 c\u00f4ng vi\u1ec7c:<\/p>\n<ul>\n<li>H\u1ed7 tr\u1ee3 c\u00e1c d\u1ef1 \u00e1n nghi\u00ean c\u1ee9u th\u1ecb tr\u01b0\u1eddng trong vi\u1ec7c th\u1ef1c hi\u1ec7n c\u00f4ng t\u00e1c th\u1ef1c \u0111\u1ecba, thu th\u1eadp v\u00e0 x\u1eed l\u00fd d\u1eef li\u1ec7u v\u00e0 l\u1eadp b\u00e1o c\u00e1o<\/li>\n<li>Vi\u1ebft tin t\u1ee9c ng\u1eafn c\u1eadp nh\u1eadt th\u00f4ng tin th\u1ecb tr\u01b0\u1eddng cho c\u00e1c k\u00eanh truy\u1ec1n th\u00f4ng c\u1ee7a c\u00f4ng ty<\/li>\n<li>C\u00e1c nhi\u1ec7m v\u1ee5 kh\u00e1c theo y\u00eau c\u1ea7u<\/li>\n<\/ul>\n<p>Quy\u1ec1n l\u1ee3i th\u1ef1c t\u1eadp:<\/p>\n<ul>\n<li>C\u00f3 c\u01a1 h\u1ed9i tham gia nh\u00f3m nghi\u00ean c\u1ee9u, c\u00f3 \u0111\u01b0\u1ee3c kinh nghi\u1ec7m \u0111\u1ea7u ti\u00ean trong l\u0129nh v\u1ef1c n\u00e0y<\/li>\n<li>Tham gia c\u00e1c bu\u1ed5i \u0111\u00e0o t\u1ea1o n\u1ed9i b\u1ed9<\/li>\n<li>Th\u1ef1c h\u00e0nh k\u1ef9 n\u0103ng ti\u1ebfng Anh v\u00e0\/ho\u1eb7c ti\u1ebfng Nh\u1eadt trong kinh doanh v\u00e0 h\u1ecdc c\u00e1ch c\u01b0 x\u1eed chu\u1ea9n m\u1ef1c trong kinh doanh<\/li>\n<li>Nh\u1eadn \u0111\u01b0\u1ee3c s\u1ef1 h\u01b0\u1edbng d\u1eabn t\u1eeb nh\u1eefng ng\u01b0\u1eddi c\u00f3 kinh nghi\u1ec7m<\/li>\n<li>C\u01a1 h\u1ed9i tr\u1edf th\u00e0nh nh\u00e2n vi\u00ean ch\u00ednh th\u1ee9c sau th\u1eddi gian th\u1ef1c t\u1eadp<\/li>\n<li>Ch\u01b0\u01a1ng tr\u00ecnh th\u1ef1c t\u1eadp c\u00f3 l\u01b0\u01a1ng<\/li>\n<\/ul>\n<\/div>\n<\/div>\n\n\t\t<\/div>\n\t<\/div>\n<\/div><\/div><div class=\"vc_tta-panel\" id=\"1627462750444-2f6961ec-95bf\" data-vc-content=\".vc_tta-panel-body\"><div class=\"vc_tta-panel-heading\"><h4 class=\"vc_tta-panel-title vc_tta-controls-icon-position-right\"><a href=\"#1627462750444-2f6961ec-95bf\" data-vc-accordion data-vc-container=\".vc_tta-container\"><span class=\"vc_tta-title-text\">Gi\u00e1m \u0111\u1ed1c CNTT<\/span><i class=\"vc_tta-controls-icon vc_tta-controls-icon-triangle\"><\/i><\/a><\/h4><\/div><div class=\"vc_tta-panel-body\">\n\t<div class=\"wpb_text_column wpb_content_element\" >\n\t\t<div class=\"wpb_wrapper\">\n\t\t\t<div class=\"quality_requirement\">\n<h4 class=\"tt-subtitle-accordeon\">M\u1edf c\u1eeda cho v\u0103n ph\u00f2ng H\u00e0 N\u1ed9i v\u00e0 Th\u00e0nh ph\u1ed1 H\u1ed3 Ch\u00ed Minh<\/h4>\n<div class=\"empty-space marg-lg-b40\"><\/div>\n<div class=\"simple-text\">\n<p>M\u00f4 t\u1ea3 c\u00f4ng vi\u1ec7c:<\/p>\n<ul>\n<li>Duy tr\u00ec v\u00e0 c\u1eadp nh\u1eadt c\u00e1c k\u00eanh truy\u1ec1n th\u00f4ng c\u1ee7a c\u00f4ng ty<\/li>\n<li>Ph\u00e1t tri\u1ec3n v\u00e0 qu\u1ea3n l\u00fd trang web c\u00f4ng ty<\/li>\n<li>Qu\u1ea3n l\u00fd h\u1ec7 th\u1ed1ng CNTT v\u00e0 thi\u1ebft b\u1ecb c\u1ee7a c\u00f4ng ty<\/li>\n<li>H\u1ed7 tr\u1ee3 c\u00e1c ho\u1ea1t \u0111\u1ed9ng ti\u1ebfp th\u1ecb k\u1ef9 thu\u1eadt s\u1ed1<\/li>\n<li>C\u00e1c c\u00f4ng vi\u1ec7c h\u1ed7 tr\u1ee3 CNTT kh\u00e1c theo y\u00eau c\u1ea7u c\u1ee7a c\u1ea5p tr\u00ean<\/li>\n<\/ul>\n<\/div>\n<\/div>\n\n\t\t<\/div>\n\t<\/div>\n<\/div><\/div><div class=\"vc_tta-panel\" id=\"1627462750568-7a976e59-0e27\" data-vc-content=\".vc_tta-panel-body\"><div class=\"vc_tta-panel-heading\"><h4 class=\"vc_tta-panel-title vc_tta-controls-icon-position-right\"><a href=\"#1627462750568-7a976e59-0e27\" data-vc-accordion data-vc-container=\".vc_tta-container\"><span class=\"vc_tta-title-text\">Chuy\u00ean vi\u00ean t\u01b0 v\u1ea5n th\u1ecb tr\u01b0\u1eddng li\u00ean k\u1ebft | Chuy\u00ean vi\u00ean t\u01b0 v\u1ea5n th\u1ecb tr\u01b0\u1eddng | Ph\u00e1t tri\u1ec3n kinh doanh<\/span><i class=\"vc_tta-controls-icon vc_tta-controls-icon-triangle\"><\/i><\/a><\/h4><\/div><div class=\"vc_tta-panel-body\">\n\t<div class=\"wpb_text_column wpb_content_element\" >\n\t\t<div class=\"wpb_wrapper\">\n\t\t\t<h4 class=\"tt-subtitle-accordeon\">M\u1edf c\u1eeda cho v\u0103n ph\u00f2ng H\u00e0 N\u1ed9i v\u00e0 Th\u00e0nh ph\u1ed1 H\u1ed3 Ch\u00ed Minh<\/h4>\n<div class=\"simple-text\">\n<p>C\u00e1c \u1ee9ng vi\u00ean quan t\u00e2m vui l\u00f2ng g\u1eedi CV v\u00e0 th\u01b0 xin vi\u1ec7c cho ch\u00fang t\u00f4i theo \u0111\u1ecba ch\u1ec9 hr@b-company.jp\n<\/p><\/div>\n\n\t\t<\/div>\n\t<\/div>\n<\/div><\/div><\/div><\/div><\/div><\/div><\/div><\/div><\/div><\/div>","protected":false},"excerpt":{"rendered":"Sidebar Market Research Market Entry Consulting Public Sector Business Tour Marketing Support Business Database Service Business Matching Business Support Have Enquiry If you are interested in career opportunity at B&amp;Company and want to join a dynamic &amp; professional team, you are welcome to send a CV and cover letter to us at hr@b-company.jp. Contact us","protected":false},"author":1,"featured_media":0,"parent":0,"menu_order":0,"comment_status":"closed","ping_status":"closed","template":"","meta":[],"yoast_head":"<!-- This site is optimized with the Yoast SEO Premium plugin v15.1.2 - https:\/\/yoast.com\/wordpress\/plugins\/seo\/ -->\n<title>Careers - B-Company<\/title>\n<meta name=\"robots\" content=\"index, follow, max-snippet:-1, max-image-preview:large, max-video-preview:-1\" \/>\n<link rel=\"canonical\" href=\"https:\/\/b-company.jp\/vi\/careers\/\" \/>\n<meta property=\"og:locale\" content=\"vi_VN\" \/>\n<meta property=\"og:type\" content=\"article\" \/>\n<meta property=\"og:title\" content=\"Careers - B-Company\" \/>\n<meta property=\"og:url\" content=\"https:\/\/b-company.jp\/vi\/careers\/\" \/>\n<meta property=\"og:site_name\" content=\"B-Company\" \/>\n<meta property=\"article:modified_time\" content=\"2021-07-28T09:02:32+00:00\" \/>\n<meta name=\"twitter:card\" content=\"summary_large_image\" \/>\n<script type=\"application\/ld+json\" class=\"yoast-schema-graph\">{\"@context\":\"https:\/\/schema.org\",\"@graph\":[{\"@type\":\"WebSite\",\"@id\":\"https:\/\/b-company.jp\/vi\/#website\",\"url\":\"https:\/\/b-company.jp\/vi\/\",\"name\":\"B-Company\",\"description\":\"Vietnam Market Research &amp; Investment Consulting\",\"potentialAction\":[{\"@type\":\"SearchAction\",\"target\":\"https:\/\/b-company.jp\/vi\/?s={search_term_string}\",\"query-input\":\"required name=search_term_string\"}],\"inLanguage\":\"vi\"},{\"@type\":\"WebPage\",\"@id\":\"https:\/\/b-company.jp\/careers\/#webpage\",\"url\":\"https:\/\/b-company.jp\/careers\/\",\"name\":\"Careers - B-Company\",\"isPartOf\":{\"@id\":\"https:\/\/b-company.jp\/vi\/#website\"},\"datePublished\":\"2017-07-24T08:21:00+00:00\",\"dateModified\":\"2021-07-28T09:02:32+00:00\",\"inLanguage\":\"vi\",\"potentialAction\":[{\"@type\":\"ReadAction\",\"target\":[\"https:\/\/b-company.jp\/careers\/\"]}]}]}<\/script>\n<!-- \/ Yoast SEO Premium plugin. -->","_links":{"self":[{"href":"https:\/\/b-company.jp\/vi\/wp-json\/wp\/v2\/pages\/282"}],"collection":[{"href":"https:\/\/b-company.jp\/vi\/wp-json\/wp\/v2\/pages"}],"about":[{"href":"https:\/\/b-company.jp\/vi\/wp-json\/wp\/v2\/types\/page"}],"author":[{"embeddable":true,"href":"https:\/\/b-company.jp\/vi\/wp-json\/wp\/v2\/users\/1"}],"replies":[{"embeddable":true,"href":"https:\/\/b-company.jp\/vi\/wp-json\/wp\/v2\/comments?post=282"}],"version-history":[{"count":0,"href":"https:\/\/b-company.jp\/vi\/wp-json\/wp\/v2\/pages\/282\/revisions"}],"wp:attachment":[{"href":"https:\/\/b-company.jp\/vi\/wp-json\/wp\/v2\/media?parent=282"}],"curies":[{"name":"wp","href":"https:\/\/api.w.org\/{rel}","templated":true}]}}