{"id":274,"date":"2017-07-24T08:13:00","date_gmt":"2017-07-24T08:13:00","guid":{"rendered":"http:\/\/www.themechampion.com\/demo\/consultexlst\/?page_id=274"},"modified":"2024-12-27T09:38:46","modified_gmt":"2024-12-27T02:38:46","slug":"our-team","status":"publish","type":"page","link":"https:\/\/b-company.jp\/vi\/about-us\/our-team\/","title":{"rendered":"\u0110\u1ed9i ng\u0169 c\u1ee7a ch\u00fang t\u00f4i"},"content":{"rendered":"<div class=\"vc_row wpb_row vc_row-fluid topourphilosophy\"><div class=\"col-md-push-8 col-lg-push-9 full-width-responsive catUpperCase aboutus wpb_column vc_column_container vc_col-sm-3\"><div class=\"vc_column-inner\"><div class=\"wpb_wrapper\"><div class=\"mobileSearch large\">\n\tThanh b\u00ean\t<i class=\"fa fa-angle-down\"><\/i>\n<\/div>\n<aside class=\"blogAside\" style=\"display: none;\">\n\t<ul class=\"categoryList normall\">\n\t\t\n\t\t\t\t\t\t\t\t\t<li class=\"\"><a href=\"https:\/\/b-company.jp\/vi\/about-us\/who-we-are\/\">Ch\u00fang t\u00f4i l\u00e0 ai<\/a><\/li>\n\t\t\n\t\t\t\t\t\t\t\t\t<li class=\"activeCat\"><a href=\"https:\/\/b-company.jp\/vi\/about-us\/our-team\/\">\u0110\u1ed9i ng\u0169 c\u1ee7a ch\u00fang t\u00f4i<\/a><\/li>\n\t\t\n\t\t\t\t\t\t\t\t\t<li class=\"\"><a href=\"https:\/\/b-company.jp\/vi\/about-us\/network-and-partners\/\">M\u1ea1ng l\u01b0\u1edbi &amp; \u0110\u1ed1i t\u00e1c<\/a><\/li>\n\t\t\n\t\t\t\t\t\t\t\t\t<li class=\"\"><a href=\"https:\/\/b-company.jp\/vi\/about-us\/bc-on-the-press\/\">B&amp;Company tr\u00ean b\u00e1o ch\u00ed<\/a><\/li>\n\t\t\n\t\t\t\t\t\t\t\t\t<li class=\"\"><a href=\"https:\/\/b-company.jp\/vi\/about-us\/our-profile\/\">H\u1ed3 s\u01a1 c\u00f4ng ty<\/a><\/li>\n\t\t\t<\/ul>\n\t<div class=\"faq_query\">\n\t\t<h4 class=\"tt-faq-title\">Li\u00ean h\u1ec7<\/h4>\n\t\t<div class=\"simple-text\">\n\t\t\t<p>Vui l\u00f2ng \u0111\u1eebng ng\u1ea7n ng\u1ea1i li\u00ean h\u1ec7 v\u1edbi ch\u00fang t\u00f4i n\u1ebfu b\u1ea1n c\u00f3 b\u1ea5t k\u1ef3 th\u1eafc m\u1eafc n\u00e0o. Ch\u00fang t\u00f4i ch\u1ec9 c\u00e1ch b\u1ea1n m\u1ed9t CLICK!<\/p>\n\t\t<\/div>\n\t\t<a href=\"https:\/\/b-company.jp\/vi\/contact-us\/\">Li\u00ean h\u1ec7<\/a>\n\t<\/div>\n<\/aside>\n<\/div><\/div><\/div><div class=\"col-lg-pull-3 col-md-pull-4 full-width-responsive wpb_column vc_column_container vc_col-sm-9\"><div class=\"vc_column-inner\"><div class=\"wpb_wrapper\">\n\t<div class=\"wpb_text_column wpb_content_element\" >\n\t\t<div class=\"wpb_wrapper\">\n\t\t\t<div class=\"mainServicesContent\">\n<div class=\"tt-news\"><img decoding=\"async\" class=\"alignnone size-full wp-image-260 img-responsive\" src=\"http:\/\/b-company.jp\/wp-content\/uploads\/2020\/07\/Our-Team.png\" alt=\"\" width=\"840\" data-no-auto-translation=\"\" \/><\/div>\n<div class=\"overview_content\">\n<h4 class=\"tt-quality-title\">M\u1ed8T T\u1eacP TH\u1ec2 \u0110A D\u1ea0NG V\u1ec0 QU\u1ed0C T\u1ecaCH, NG\u00d4N NG\u1eee, CHUY\u00caN M\u00d4N V\u00c0 KINH NGHI\u1ec6M<\/h4>\n<div class=\"simple-text\">\n<p>\u0110\u1ed9i ng\u0169 t\u1ea1i B&amp;Company \u0111\u1ebfn t\u1eeb Vi\u1ec7t Nam v\u00e0 Nh\u1eadt B\u1ea3n, \u0111\u01b0\u1ee3c \u0111\u00e0o t\u1ea1o t\u1eeb nhi\u1ec1u n\u01a1i tr\u00ean th\u1ebf gi\u1edbi bao g\u1ed3m Nh\u1eadt B\u1ea3n, Vi\u1ec7t Nam, Ph\u00e1p, Anh, \u0110\u1ee9c, H\u00e0n Qu\u1ed1c, Hoa K\u1ef3 \u2026, \u0111i\u1ec1u n\u00e0y khi\u1ebfn ch\u00fang t\u00f4i c\u1edfi m\u1edf v\u00e0 th\u00edch \u1ee9ng v\u1edbi h\u1ee3p t\u00e1c li\u00ean v\u0103n h\u00f3a c\u0169ng nh\u01b0 c\u00e1c c\u00e1ch ti\u1ebfp c\u1eadn \u0111a chi\u1ec1u trong \u0111\u1ea7u t\u01b0 chi\u1ebfn l\u01b0\u1ee3c v\u00e0 gi\u1ea3i quy\u1ebft v\u1ea5n \u0111\u1ec1.<\/p>\n<p>V\u1edbi kinh nghi\u1ec7m trong l\u0129nh v\u1ef1c nghi\u00ean c\u1ee9u th\u1ecb tr\u01b0\u1eddng v\u00e0 t\u01b0 v\u1ea5n \u0111\u1ea7u t\u01b0, \u0111\u1ed9i ng\u0169 c\u1ee7a ch\u00fang t\u00f4i \u0111\u00e3 x\u00e2y d\u1ef1ng \u0111\u01b0\u1ee3c n\u1ec1n t\u1ea3ng v\u1eefng ch\u1eafc v\u1ec1 m\u1ea1ng l\u01b0\u1edbi v\u00e0 chuy\u00ean m\u00f4n trong nhi\u1ec1u ng\u00e0nh ngh\u1ec1 bao g\u1ed3m Y t\u1ebf &amp; Ch\u0103m s\u00f3c s\u1ee9c kh\u1ecfe, T\u00e0i ch\u00ednh Ng\u00e2n h\u00e0ng, X\u00e2y d\u1ef1ng &amp; B\u1ea5t \u0111\u1ed9ng s\u1ea3n, Th\u1ef1c ph\u1ea9m &amp; \u0110\u1ed3 u\u1ed1ng, Gi\u00e1o d\u1ee5c &amp; \u0110\u00e0o t\u1ea1o, S\u1ea3n xu\u1ea5t, C\u00f4ng ngh\u1ec7 th\u00f4ng tin\u2026\n<\/p><\/div>\n<\/div>\n<\/div>\n\n\t\t<\/div>\n\t<\/div>\n\t<div class=\"vc_separator wpb_content_element vc_sep_width_100 type_1  vc_custom_1596628636756 vc_separator_no_text\">\n\t\t<span class=\"vc_sep_holder vc_sep_holder_l\"><span class=\"vc_sep_line\"><\/span><\/span>\n\t\t\t\t<span class=\"vc_sep_holder vc_sep_holder_r\"><span class=\"vc_sep_line\"><\/span><\/span>\n\t<\/div>\n\t\n\n\t<div class=\"wpb_text_column wpb_content_element\" >\n\t\t<div class=\"wpb_wrapper\">\n\t\t\t<div class=\"partner_content\">\n<div class=\"row\">\n<div class=\"col-md-3 col-sm-3\"><img decoding=\"async\" class=\"img-responsive\" src=\"https:\/\/b-company.jp\/wp-content\/uploads\/2017\/08\/Untitled.png\" alt=\"\" width=\"285\" height=\"330\" data-no-auto-translation=\"\" \/><\/div>\n<div class=\"col-md-9 col-sm-9\">\n<h4 class=\"tt-partner-title\">Ohta Shigemasa \u2013 Nh\u00e0 s\u00e1ng l\u1eadp &amp; T\u1ed5ng gi\u00e1m \u0111\u1ed1c \u0111i\u1ec1u h\u00e0nh<\/h4>\n<div class=\"simple-text\">\u2022 Th\u1ea1c s\u0129 Khoa h\u1ecdc To\u00e1n h\u1ecdc (\u0110\u1ea1i h\u1ecdc Tokyo)<br \/>\n\u2022 C\u1ef1u c\u1ed1 v\u1ea5n kinh doanh t\u1ea1i McKinsey and Company Inc.<br \/>\n\u2022 H\u01a1n 20 n\u0103m kinh nghi\u1ec7m t\u01b0 v\u1ea5n kinh doanh t\u1ea1i th\u1ecb tr\u01b0\u1eddng Ch\u00e2u \u00c1 v\u00e0 Ch\u00e2u M\u1ef9, \u0111\u1eb7c bi\u1ec7t l\u00e0 Nh\u1eadt B\u1ea3n, Trung Qu\u1ed1c, Vi\u1ec7t Nam v\u00e0 Th\u00e1i Lan trong nhi\u1ec1u l\u0129nh v\u1ef1c bao g\u1ed3m Chuy\u1ec3n \u0111\u1ed5i s\u1ed1, CNTT, Kh\u1edfi nghi\u1ec7p, Chi\u1ebfn l\u01b0\u1ee3c c\u00f4ng, S\u1ea3n xu\u1ea5t, F&amp;B\u2026<br \/>\n\u2022 C\u1ed1 v\u1ea5n cho c\u00e1c doanh nghi\u1ec7p v\u1eeba v\u00e0 nh\u1ecf trong ph\u00e1t tri\u1ec3n th\u1ecb tr\u01b0\u1eddng qu\u1ed1c t\u1ebf v\u00e0 n\u01b0\u1edbc ngo\u00e0i \u2013 T\u1ed5 ch\u1ee9c Doanh nghi\u1ec7p v\u1eeba v\u00e0 nh\u1ecf v\u00e0 \u0110\u1ed5i m\u1edbi khu v\u1ef1c, NH\u1eacT B\u1ea2N (SME Support, NH\u1eacT B\u1ea2N)<br \/>\n\u2022 C\u1ed1 v\u1ea5n \u0111\u1eb7c bi\u1ec7t cho T\u1ec9nh Osaka v\u00e0 Th\u00e0nh ph\u1ed1 Osaka (ch\u1ecbu tr\u00e1ch nhi\u1ec7m c\u1ea3i c\u00e1ch ch\u00ednh ph\u1ee7 v\u00e0 doanh nghi\u1ec7p)<br \/>\n\u2022 Th\u00e0nh vi\u00ean c\u1ee7a \u1ee6y ban nghi\u00ean c\u1ee9u qu\u1ed1c gia v\u1ec1 v\u1ee5 tai n\u1ea1n Nh\u00e0 m\u00e1y \u0111i\u1ec7n h\u1ea1t nh\u00e2n Fukushima c\u1ee7a TEPCO<br \/>\n<strong>H\u1ed3 s\u01a1 \u0111\u1ea7u t\u01b0 <\/strong><br \/>\n\u2022 Danh m\u1ee5c \u0111\u1ea7u t\u01b0 bao g\u1ed3m 30 c\u00f4ng ty trong nhi\u1ec1u l\u0129nh v\u1ef1c (C\u00f4ng ngh\u1ec7 th\u00f4ng tin, th\u1ef1c ph\u1ea9m &amp; \u0111\u1ed3 u\u1ed1ng, nh\u00e0 h\u00e0ng, t\u00e0i ch\u00ednh, \u0111\u1ea7u t\u01b0 m\u1ea1o hi\u1ec3m\u2026), trong \u0111\u00f3 c\u00f3 5 c\u00f4ng ty \u0111\u00e3 IPO<br \/>\n\u2022 Th\u00e0nh vi\u00ean c\u1ee7a \u1ee6y ban \u0111\u1ea7u t\u01b0 c\u1ee7a m\u1ed9t c\u00f4ng ty \u0111\u1ea7u t\u01b0 m\u1ea1o hi\u1ec3m<\/div>\n<\/div>\n<\/div>\n<\/div>\n<div class=\"partner_content\">\n<div class=\"row\">\n<div class=\"col-md-3 col-sm-3\"><img decoding=\"async\" class=\"img-responsive\" src=\"https:\/\/b-company.jp\/wp-content\/uploads\/2017\/08\/linh-web.png\" alt=\"\" width=\"285\" height=\"330\" data-no-auto-translation=\"\" \/><\/div>\n<div class=\"col-md-9 col-sm-9\">\n<h4 class=\"tt-partner-title\">Linh \u0110\u00e0o \u2013 Gi\u00e1m \u0111\u1ed1c qu\u1ea3n l\u00fd chi\u1ebfn l\u01b0\u1ee3c<\/h4>\n<div class=\"simple-text\">\u2022 Th\u1ea1c s\u0129 Qu\u1ea3n tr\u1ecb Kinh doanh Qu\u1ed1c t\u1ebf t\u1eeb \u0110\u1ea1i h\u1ecdc Khoa h\u1ecdc \u1ee8ng d\u1ee5ng Bremen (\u0110\u1ee9c) v\u00e0 \u0110\u1ea1i h\u1ecdc Hertfordshire (Anh)<br \/>\n\u2022 C\u1eed nh\u00e2n Kinh t\u1ebf v\u00e0 Kinh doanh qu\u1ed1c t\u1ebf T\u1ed1t nghi\u1ec7p \u0110\u1ea1i h\u1ecdc Ngo\u1ea1i th\u01b0\u01a1ng H\u00e0 N\u1ed9i<br \/>\n\u2022 12 n\u0103m kinh nghi\u1ec7m trong qu\u1ea3n l\u00fd d\u1ef1 \u00e1n nghi\u00ean c\u1ee9u th\u1ecb tr\u01b0\u1eddng, t\u01b0 v\u1ea5n chi\u1ebfn l\u01b0\u1ee3c kinh doanh v\u00e0 ti\u1ebfp th\u1ecb<br \/>\n\u2022 Gi\u1ea3ng vi\u00ean &amp; Gi\u00e1m \u0111\u1ed1c Ch\u01b0\u01a1ng tr\u00ecnh Quan h\u1ec7 c\u00f4ng ch\u00fang t\u1ea1i \u0110\u1ea1i h\u1ecdc Hoa Sen<br \/>\n\u2022 Chuy\u00ean gia t\u01b0 v\u1ea5n \u0111\u1ed9c l\u1eadp cho nhi\u1ec1u d\u1ef1 \u00e1n ph\u00e1t tri\u1ec3n c\u1ee7a c\u00e1c t\u1ed5 ch\u1ee9c qu\u1ed1c t\u1ebf v\u00e0 c\u00e1c t\u1ed5 ch\u1ee9c phi ch\u00ednh ph\u1ee7, h\u1ed7 tr\u1ee3 c\u00e1c doanh nghi\u1ec7p x\u00e3 h\u1ed9i<br \/>\n\u2022 Kinh nghi\u1ec7m l\u00e0m vi\u1ec7c \u0111a d\u1ea1ng v\u1edbi kh\u00e1ch h\u00e0ng v\u00e0 d\u1ef1 \u00e1n t\u1eeb nhi\u1ec1u l\u0129nh v\u1ef1c kh\u00e1c nhau bao g\u1ed3m Quan h\u1ec7 ch\u00ednh ph\u1ee7, Gi\u00e1o d\u1ee5c &amp; \u0111\u00e0o t\u1ea1o, Y t\u1ebf &amp; ch\u0103m s\u00f3c s\u1ee9c kh\u1ecfe, FMCG, Th\u1ef1c ph\u1ea9m &amp; \u0111\u1ed3 u\u1ed1ng, S\u1ea3n xu\u1ea5t, Kh\u00e1ch s\u1ea1n, \u0110\u1ed5i m\u1edbi &amp; c\u00f4ng ngh\u1ec7\u2026<\/div>\n<\/div>\n<\/div>\n<\/div>\n<div class=\"partner_content\">\n<div class=\"row\">\n<div class=\"col-md-3 col-sm-3\"><img decoding=\"async\" class=\"img-responsive\" src=\"https:\/\/b-company.jp\/wp-content\/uploads\/2017\/08\/chi-web.png\" alt=\"\" width=\"285\" height=\"330\" data-no-auto-translation=\"\" \/><\/div>\n<div class=\"col-md-9 col-sm-9\">\n<h4 class=\"tt-partner-title\">Chi Dao \u2013 Tr\u01b0\u1edfng ph\u00f2ng nghi\u00ean c\u1ee9u cao c\u1ea5p<\/h4>\n<div class=\"simple-text\">\u2022 Th\u1ea1c s\u0129 Qu\u1ea3n l\u00fd Chi\u1ebfn l\u01b0\u1ee3c, Tr\u01b0\u1eddng Kinh doanh Sau \u0111\u1ea1i h\u1ecdc Michael Smurfit, UCD, Ireland<br \/>\n\u2022 Tr\u01b0\u1edfng ph\u00f2ng nghi\u00ean c\u1ee9u c\u1ea5p cao t\u1ea1i B&amp;Company Vi\u1ec7t Nam, m\u1ed9t c\u00f4ng ty nghi\u00ean c\u1ee9u th\u1ecb tr\u01b0\u1eddng v\u00e0 t\u01b0 v\u1ea5n h\u00e0ng \u0111\u1ea7u Nh\u1eadt B\u1ea3n<br \/>\n\u2022 \u0110\u00e3 t\u1eebng l\u00e0m c\u00e1n b\u1ed9 ch\u01b0\u01a1ng tr\u00ecnh c\u1ea5p cao v\u00e0 c\u1ed1 v\u1ea5n t\u1ea1i Trung t\u00e2m h\u1ed7 tr\u1ee3 s\u00e1ng ki\u1ebfn x\u00e3 h\u1ed9i (CSIP), v\u00e0 c\u1ed1 v\u1ea5n cho c\u00e1c t\u1ed5 ch\u1ee9c phi ch\u00ednh ph\u1ee7 Vi\u1ec7t Nam v\u00e0 qu\u1ed1c t\u1ebf v\u1ec1 doanh nghi\u1ec7p x\u00e3 h\u1ed9i\/doanh nghi\u1ec7p t\u00e1c \u0111\u1ed9ng x\u00e3 h\u1ed9i<br \/>\n\u2022 H\u01a1n 12 n\u0103m kinh nghi\u1ec7m trong vi\u1ec7c \u0111i\u1ec1u ph\u1ed1i v\u00e0 t\u01b0 v\u1ea5n c\u00e1c d\u1ef1 \u00e1n \u01b0\u01a1m t\u1ea1o doanh nghi\u1ec7p x\u00e3 h\u1ed9i, h\u1ed7 tr\u1ee3 doanh nghi\u1ec7p bao tr\u00f9m trong nhi\u1ec1u l\u0129nh v\u1ef1c t\u1ea1i Vi\u1ec7t Nam; 5 n\u0103m kinh nghi\u1ec7m trong nghi\u00ean c\u1ee9u th\u1ecb tr\u01b0\u1eddng &amp; t\u01b0 v\u1ea5n \u0111\u1ea7u t\u01b0, chuy\u00ean s\u00e2u cho doanh nghi\u1ec7p n\u01b0\u1edbc ngo\u00e0i v\u00e0o Vi\u1ec7t Nam; 02 n\u0103m kinh nghi\u1ec7m gi\u1ea3ng d\u1ea1y t\u1ea1i tr\u01b0\u1eddng \u0111\u1ea1i h\u1ecdc v\u1ec1 c\u00e1c ch\u1ee7 \u0111\u1ec1 nghi\u00ean c\u1ee9u th\u1ecb tr\u01b0\u1eddng v\u00e0 kinh doanh c\u01a1 b\u1ea3n<br \/>\n\u2022 L\u0129nh v\u1ef1c chuy\u00ean m\u00f4n: ch\u01b0\u01a1ng tr\u00ecnh \u01b0\u01a1m t\u1ea1o doanh nghi\u1ec7p x\u00e3 h\u1ed9i, m\u00f4 h\u00ecnh kinh doanh t\u1ea1o ra t\u00e1c \u0111\u1ed9ng v\u00e0 bao tr\u00f9m, \u0111o l\u01b0\u1eddng t\u00e1c \u0111\u1ed9ng x\u00e3 h\u1ed9i, qu\u1ea3n l\u00fd v\u00e0 l\u1eadp k\u1ebf ho\u1ea1ch chi\u1ebfn l\u01b0\u1ee3c cho c\u00e1c doanh nghi\u1ec7p v\u1eeba v\u00e0 nh\u1ecf, nghi\u00ean c\u1ee9u v\u00e0 t\u01b0 v\u1ea5n cho c\u00e1c t\u1ed5 ch\u1ee9c t\u01b0 nh\u00e2n v\u00e0 c\u00f4ng c\u1ed9ng<\/div>\n<\/div>\n<\/div>\n<\/div>\n<div class=\"partner_content\">\n<div class=\"row\">\n<div class=\"col-md-3 col-sm-3\"><img decoding=\"async\" class=\"img-responsive\" src=\"https:\/\/b-company.jp\/wp-content\/uploads\/2017\/08\/duong-web.png\" alt=\"\" width=\"285\" height=\"330\" data-no-auto-translation=\"\" \/><\/div>\n<div class=\"col-md-9 col-sm-9\">\n<h4 class=\"tt-partner-title\">D\u01b0\u01a1ng Nguy\u00ean \u2013 Gi\u00e1m \u0111\u1ed1c nghi\u00ean c\u1ee9u c\u1ea5p cao<\/h4>\n<div class=\"simple-text\">\u2022 Th\u1ea1c s\u0129 Qu\u1ea3n tr\u1ecb Kinh doanh Qu\u1ed1c t\u1ebf c\u1ee7a \u0110\u1ea1i h\u1ecdc Qu\u1ed1c t\u1ebf Nh\u1eadt B\u1ea3n (ADB Scholar)<br \/>\n\u2022 C\u1eed nh\u00e2n, \u0110\u1ea1i h\u1ecdc Sunderland<br \/>\n\u2022 8 n\u0103m kinh nghi\u1ec7m trong nghi\u00ean c\u1ee9u th\u1ecb tr\u01b0\u1eddng v\u00e0 ph\u00e2n t\u00edch th\u1ed1ng k\u00ea trong nhi\u1ec1u l\u0129nh v\u1ef1c (FMCG, N\u00f4ng nghi\u1ec7p, \u00d4 t\u00f4\u2026) v\u00e0 trong c\u00e1c d\u1ef1 \u00e1n li\u00ean quan \u0111\u1ebfn ch\u00ednh ph\u1ee7<br \/>\n\u2022 Nh\u00e0 nghi\u00ean c\u1ee9u v\u00e0 \u0111i\u1ec1u ph\u1ed1i vi\u00ean ch\u00ednh cho c\u00e1c d\u1ef1 \u00e1n m\u1edf r\u1ed9ng th\u1ecb tr\u01b0\u1eddng SME Nh\u1eadt B\u1ea3n t\u1ea1i Vi\u1ec7t Nam v\u00e0 k\u1ebft n\u1ed1i kinh doanh v\u1edbi c\u00e1c c\u00f4ng ty Vi\u1ec7t Nam<\/div>\n<\/div>\n<\/div>\n<\/div>\n<div class=\"partner_content\">\n<div class=\"row\">\n<div class=\"col-md-3 col-sm-3\"><img decoding=\"async\" class=\"img-responsive\" src=\"https:\/\/b-company.jp\/wp-content\/uploads\/2017\/08\/hoang-web.png\" alt=\"\" width=\"285\" height=\"330\" data-no-auto-translation=\"\" \/><\/div>\n<div class=\"col-md-9 col-sm-9\">\n<h4 class=\"tt-partner-title\">Ho\u00e0ng L\u00ea \u2013 Tr\u01b0\u1edfng ph\u00f2ng nghi\u00ean c\u1ee9u cao c\u1ea5p<\/h4>\n<div class=\"simple-text\">\u2022 T\u1ed1t nghi\u1ec7p C\u1eed nh\u00e2n T\u00e0i ch\u00ednh Ng\u00e2n h\u00e0ng tr\u01b0\u1eddng \u0110\u1ea1i h\u1ecdc Kinh t\u1ebf Qu\u1ed1c d\u00e2n<br \/>\n\u2022 H\u01a1n 7 n\u0103m kinh nghi\u1ec7m trong l\u0129nh v\u1ef1c nghi\u00ean c\u1ee9u th\u1ecb tr\u01b0\u1eddng v\u00e0 t\u01b0 v\u1ea5n v\u1edbi vai tr\u00f2 t\u00edch c\u1ef1c trong nhi\u1ec1u d\u1ef1 \u00e1n v\u00e0 ph\u01b0\u01a1ng ph\u00e1p kh\u00e1c nhau, bao g\u1ed3m \u0111\u1ecbnh l\u01b0\u1ee3ng, \u0111\u1ecbnh t\u00ednh, t\u1eeb kh\u1ea3o s\u00e1t ng\u01b0\u1eddi ti\u00eau d\u00f9ng \u0111\u1ebfn chuy\u00ean gia doanh nghi\u1ec7p v\u00e0 c\u00f4ng nghi\u1ec7p<br \/>\n\u2022 Kinh nghi\u1ec7m \u0111a d\u1ea1ng t\u00edch l\u0169y trong nhi\u1ec1u d\u1ef1 \u00e1n bao g\u1ed3m Nghi\u00ean c\u1ee9u v\u1ec1 c\u00e1ch s\u1eed d\u1ee5ng v\u00e0 th\u00e1i \u0111\u1ed9 (U&amp;A), Kh\u1ea3o s\u00e1t, Ki\u1ec3m tra s\u1ee9c kh\u1ecfe th\u01b0\u01a1ng hi\u1ec7u, ph\u00e2n kh\u00fac, th\u1eed nghi\u1ec7m s\u1ea3n ph\u1ea9m, th\u1eed nghi\u1ec7m kh\u00e1i ni\u1ec7m v\u1edbi ng\u01b0\u1eddi ti\u00eau d\u00f9ng v\u00e0 ph\u1ecfng v\u1ea5n chuy\u00ean s\u00e2u v\u1edbi c\u00e1c doanh nghi\u1ec7p, t\u1ed5 ch\u1ee9c v\u00e0 l\u00e3nh \u0111\u1ea1o c\u00e1c t\u1ed5 ch\u1ee9c \u0111\u1ec3 thu th\u1eadp th\u00f4ng tin chuy\u00ean s\u00e2u v\u1ec1 nhi\u1ec1u ng\u00e0nh v\u00e0 danh m\u1ee5c kh\u00e1c nhau, t\u1eeb FMCG, c\u00f4ng ngh\u1ec7, ch\u0103m s\u00f3c s\u1ee9c kh\u1ecfe, b\u1ea5t \u0111\u1ed9ng s\u1ea3n, v.v.<br \/>\n\u2022 K\u1ef9 n\u0103ng qu\u1ea3n l\u00fd d\u1ef1 \u00e1n m\u1ea1nh m\u1ebd trong nhi\u1ec1u d\u1ef1 \u00e1n v\u1edbi nhi\u1ec1u kh\u00e1ch h\u00e0ng l\u1edbn nh\u01b0 Mitsubishi Corp, Panasonic, Techcombank, Sun Life, Deloittte, JETRO, OXFAM, v.v.<\/div>\n<\/div>\n<\/div>\n<\/div>\n<div class=\"partner_content\">\n<div class=\"row\">\n<div class=\"col-md-3 col-sm-3\"><img decoding=\"async\" class=\"img-responsive\" src=\"https:\/\/b-company.jp\/wp-content\/uploads\/2017\/08\/viet-web.png\" alt=\"\" width=\"285\" height=\"330\" data-no-auto-translation=\"\" \/><\/div>\n<div class=\"col-md-9 col-sm-9\">\n<h4 class=\"tt-partner-title\">Viet Nguyen \u2013 Tr\u01b0\u1edfng ph\u00f2ng nghi\u00ean c\u1ee9u cao c\u1ea5p<\/h4>\n<div class=\"simple-text\">\u2022 C\u1eed nh\u00e2n T\u00e0i ch\u00ednh Ng\u00e2n h\u00e0ng, \u0110\u1ea1i h\u1ecdc H\u00e0 N\u1ed9i<br \/>\n\u2022 10 n\u0103m kinh nghi\u1ec7m nghi\u00ean c\u1ee9u th\u1ecb tr\u01b0\u1eddng trong nhi\u1ec1u ng\u00e0nh (Ng\u00e2n h\u00e0ng &amp; T\u00e0i ch\u00ednh, S\u1ea3n xu\u1ea5t, D\u1ecbch v\u1ee5\u2026)<br \/>\n\u2022 Tr\u1ea3i nghi\u1ec7m Ph\u00e2n t\u00edch d\u1eef li\u1ec7u &amp; Tr\u00ed tu\u1ec7 kinh doanh<br \/>\n\u2022 Kinh nghi\u1ec7m kinh doanh v\u00e0 qu\u1ea3n l\u00fd trong m\u1ed9t c\u00f4ng ty c\u00f4ng ngh\u1ec7 t\u00e0i ch\u00ednh qu\u1ed1c t\u1ebf \u0111ang ph\u00e1t tri\u1ec3n nhanh ch\u00f3ng, ho\u1ea1t \u0111\u1ed9ng tr\u00ean nhi\u1ec1u \u0111\u1ecba \u0111i\u1ec3m \u0111\u1ecba l\u00fd, cung c\u1ea5p nhi\u1ec1u ph\u01b0\u01a1ng th\u1ee9c thanh to\u00e1n cho c\u00e1c nh\u00e0 cung c\u1ea5p d\u1ecbch v\u1ee5 v\u00e0 kinh doanh tr\u1ef1c tuy\u1ebfn<\/div>\n<\/div>\n<\/div>\n<\/div>\n<div class=\"partner_content\">\n<div class=\"row\">\n<div class=\"col-md-3 col-sm-3\"><img decoding=\"async\" class=\"img-responsive\" src=\"https:\/\/b-company.jp\/wp-content\/uploads\/2017\/08\/quynh-web.png\" alt=\"\" width=\"285\" height=\"330\" data-no-auto-translation=\"\" \/><\/div>\n<div class=\"col-md-9 col-sm-9\">\n<h4 class=\"tt-partner-title\">Qu\u1ef3nh Tr\u1ea7n \u2013 Tr\u01b0\u1edfng ph\u00f2ng nghi\u00ean c\u1ee9u cao c\u1ea5p<\/h4>\n<div class=\"simple-text\">\u2022 Th\u1ea1c s\u0129 Kinh t\u1ebf t\u1ea1i \u0110\u1ea1i h\u1ecdc Nagoya, Nh\u1eadt B\u1ea3n<br \/>\n\u2022 C\u1eed nh\u00e2n Kinh t\u1ebf &amp; Kinh doanh qu\u1ed1c t\u1ebf, \u0110\u1ea1i h\u1ecdc Ngo\u1ea1i th\u01b0\u01a1ng H\u00e0 N\u1ed9i<br \/>\n\u2022 5 n\u0103m kinh nghi\u1ec7m trong nghi\u00ean c\u1ee9u th\u1ecb tr\u01b0\u1eddng v\u00e0 k\u1ebft n\u1ed1i kinh doanh cho c\u00e1c doanh nghi\u1ec7p v\u1eeba v\u00e0 nh\u1ecf Nh\u1eadt B\u1ea3n m\u1edf r\u1ed9ng kinh doanh t\u1ea1i Vi\u1ec7t Nam<br \/>\n\u2022 4 n\u0103m kinh nghi\u1ec7m trong qu\u1ea3n l\u00fd y t\u1ebf &amp; b\u1ec7nh vi\u1ec7n, chuy\u1ec3n giao c\u00f4ng ngh\u1ec7 y t\u1ebf<br \/>\n\u2022 Kinh nghi\u1ec7m \u0111i\u1ec1u ph\u1ed1i\/qu\u1ea3n l\u00fd c\u00e1c d\u1ef1 \u00e1n c\u1ee7a c\u00e1c t\u1ed5 ch\u1ee9c ch\u00ednh ph\u1ee7 Nh\u1eadt B\u1ea3n<\/div>\n<\/div>\n<\/div>\n<\/div>\n<div class=\"partner_content\">\n<div class=\"row\">\n<div class=\"col-md-3 col-sm-3\"><img decoding=\"async\" class=\"alignnone size-medium wp-image-18907\" src=\"https:\/\/b-company.jp\/wp-content\/uploads\/2022\/06\/Kohei-Kaneuchi-Formal_Square-e1735266697831-257x300.jpg\" alt=\"\" width=\"257\" height=\"300\" srcset=\"https:\/\/b-company.jp\/wp-content\/uploads\/2022\/06\/Kohei-Kaneuchi-Formal_Square-e1735266697831-257x300.jpg 257w, https:\/\/b-company.jp\/wp-content\/uploads\/2022\/06\/Kohei-Kaneuchi-Formal_Square-e1735266697831-270x314.jpg 270w, https:\/\/b-company.jp\/wp-content\/uploads\/2022\/06\/Kohei-Kaneuchi-Formal_Square-e1735266697831.jpg 686w\" sizes=\"(max-width: 257px) 100vw, 257px\" data-no-auto-translation=\"\" \/><\/div>\n<div class=\"col-md-9 col-sm-9\">\n<h4 class=\"tt-partner-title\">Kohei Kaneuchi \u2013 Gi\u00e1m \u0111\u1ed1c ph\u00e1t tri\u1ec3n kinh doanh<\/h4>\n<div class=\"simple-text\">\u2022 T\u1ed1t nghi\u1ec7p \u0110\u1ea1i h\u1ecdc Chuo, Khoa Lu\u1eadt<br \/>\n\u2022 H\u01a1n 7 n\u0103m kinh nghi\u1ec7m trong nghi\u00ean c\u1ee9u th\u1ecb tr\u01b0\u1eddng v\u00e0 ph\u00e1t tri\u1ec3n kinh doanh<br \/>\n\u2022 3 n\u0103m kinh nghi\u1ec7m l\u00e0m \u0111i\u1ec1u ph\u1ed1i vi\u00ean t\u1ea1i V\u0103n ph\u00f2ng JETRO H\u1ed3 Ch\u00ed Minh<\/div>\n<\/div>\n<\/div>\n<div>\n<div class=\"col-md-9 col-sm-9\">\n<div class=\"simple-text\"><\/div>\n<\/div>\n<\/div>\n<\/div>\n\n\t\t<\/div>\n\t<\/div>\n<\/div><\/div><\/div><\/div>","protected":false},"excerpt":{"rendered":"Thanh b\u00ean Ch\u00fang t\u00f4i l\u00e0 ai \u0110\u1ed9i ng\u0169 c\u1ee7a ch\u00fang t\u00f4i M\u1ea1ng l\u01b0\u1edbi &amp; \u0110\u1ed1i t\u00e1c BC tr\u00ean b\u00e1o ch\u00ed H\u1ed3 s\u01a1 c\u1ee7a ch\u00fang t\u00f4i Li\u00ean h\u1ec7 Vui l\u00f2ng \u0111\u1eebng ng\u1ea7n ng\u1ea1i li\u00ean h\u1ec7 v\u1edbi ch\u00fang t\u00f4i n\u1ebfu b\u1ea1n c\u00f3 b\u1ea5t k\u1ef3 th\u1eafc m\u1eafc n\u00e0o. Ch\u00fang t\u00f4i ch\u1ec9 c\u00e1ch b\u1ea1n m\u1ed9t CLICK! Li\u00ean h\u1ec7 v\u1edbi ch\u00fang t\u00f4i M\u1ed8T \u0110\u1ed8I NG\u0168 \u0110A D\u1ea0NG V\u1ec0 QU\u1ed0C T\u1ecaCH, NG\u00d4N NG\u1eee, CHUY\u00caN M\u00d4N V\u00c0 KINH NGHI\u1ec6M \u0110\u1ed9i ng\u0169 t\u1ea1i B&amp;Company l\u00e0 nh\u1eefng c\u00e1 nh\u00e2n","protected":false},"author":1,"featured_media":0,"parent":10,"menu_order":0,"comment_status":"closed","ping_status":"closed","template":"","meta":[],"yoast_head":"<!-- This site is optimized with the Yoast SEO Premium plugin v15.1.2 - https:\/\/yoast.com\/wordpress\/plugins\/seo\/ -->\n<title>Our Team - B-Company - Investment Consulting - Vietnam<\/title>\n<meta name=\"description\" content=\"The Team at B&amp;Company are individuals of Vietnamese and Japanese who received education from different parts of the world including Japan, Vietnam, France, UK, Germany, Rep. of Korea, USA\" \/>\n<meta name=\"robots\" content=\"index, follow, max-snippet:-1, max-image-preview:large, max-video-preview:-1\" \/>\n<link rel=\"canonical\" href=\"https:\/\/b-company.jp\/vi\/about-us\/our-team\/\" \/>\n<meta property=\"og:locale\" content=\"vi_VN\" \/>\n<meta property=\"og:type\" content=\"article\" \/>\n<meta property=\"og:title\" content=\"Our Team - B-Company - Investment Consulting - Vietnam\" \/>\n<meta property=\"og:description\" content=\"The Team at B&amp;Company are individuals of Vietnamese and Japanese who received education from different parts of the world including Japan, Vietnam, France, UK, Germany, Rep. of Korea, USA\" \/>\n<meta property=\"og:url\" content=\"https:\/\/b-company.jp\/vi\/about-us\/our-team\/\" \/>\n<meta property=\"og:site_name\" content=\"B-Company\" \/>\n<meta property=\"article:modified_time\" content=\"2024-12-27T02:38:46+00:00\" \/>\n<meta property=\"og:image\" content=\"http:\/\/b-company.jp\/wp-content\/uploads\/2020\/07\/Our-Team.png\" \/>\n<meta name=\"twitter:card\" content=\"summary_large_image\" \/>\n<script type=\"application\/ld+json\" class=\"yoast-schema-graph\">{\"@context\":\"https:\/\/schema.org\",\"@graph\":[{\"@type\":\"WebSite\",\"@id\":\"https:\/\/b-company.jp\/vi\/#website\",\"url\":\"https:\/\/b-company.jp\/vi\/\",\"name\":\"B-Company\",\"description\":\"Vietnam Market Research &amp; Investment Consulting\",\"potentialAction\":[{\"@type\":\"SearchAction\",\"target\":\"https:\/\/b-company.jp\/vi\/?s={search_term_string}\",\"query-input\":\"required name=search_term_string\"}],\"inLanguage\":\"vi\"},{\"@type\":\"ImageObject\",\"@id\":\"https:\/\/b-company.jp\/about-us\/our-team\/#primaryimage\",\"inLanguage\":\"vi\",\"url\":\"http:\/\/b-company.jp\/wp-content\/uploads\/2020\/07\/Our-Team.png\"},{\"@type\":\"WebPage\",\"@id\":\"https:\/\/b-company.jp\/about-us\/our-team\/#webpage\",\"url\":\"https:\/\/b-company.jp\/about-us\/our-team\/\",\"name\":\"Our Team - B-Company - Investment Consulting - Vietnam\",\"isPartOf\":{\"@id\":\"https:\/\/b-company.jp\/vi\/#website\"},\"primaryImageOfPage\":{\"@id\":\"https:\/\/b-company.jp\/about-us\/our-team\/#primaryimage\"},\"datePublished\":\"2017-07-24T08:13:00+00:00\",\"dateModified\":\"2024-12-27T02:38:46+00:00\",\"description\":\"The Team at B&Company are individuals of Vietnamese and Japanese who received education from different parts of the world including Japan, Vietnam, France, UK, Germany, Rep. of Korea, USA\",\"inLanguage\":\"vi\",\"potentialAction\":[{\"@type\":\"ReadAction\",\"target\":[\"https:\/\/b-company.jp\/about-us\/our-team\/\"]}]}]}<\/script>\n<!-- \/ Yoast SEO Premium plugin. -->","_links":{"self":[{"href":"https:\/\/b-company.jp\/vi\/wp-json\/wp\/v2\/pages\/274"}],"collection":[{"href":"https:\/\/b-company.jp\/vi\/wp-json\/wp\/v2\/pages"}],"about":[{"href":"https:\/\/b-company.jp\/vi\/wp-json\/wp\/v2\/types\/page"}],"author":[{"embeddable":true,"href":"https:\/\/b-company.jp\/vi\/wp-json\/wp\/v2\/users\/1"}],"replies":[{"embeddable":true,"href":"https:\/\/b-company.jp\/vi\/wp-json\/wp\/v2\/comments?post=274"}],"version-history":[{"count":30,"href":"https:\/\/b-company.jp\/vi\/wp-json\/wp\/v2\/pages\/274\/revisions"}],"predecessor-version":[{"id":14709,"href":"https:\/\/b-company.jp\/vi\/wp-json\/wp\/v2\/pages\/274\/revisions\/14709"}],"up":[{"embeddable":true,"href":"https:\/\/b-company.jp\/vi\/wp-json\/wp\/v2\/pages\/10"}],"wp:attachment":[{"href":"https:\/\/b-company.jp\/vi\/wp-json\/wp\/v2\/media?parent=274"}],"curies":[{"name":"wp","href":"https:\/\/api.w.org\/{rel}","templated":true}]}}