{"id":259,"date":"2017-07-24T07:25:56","date_gmt":"2017-07-24T07:25:56","guid":{"rendered":"http:\/\/www.themechampion.com\/demo\/consultexlst\/?page_id=259"},"modified":"2024-07-26T10:26:55","modified_gmt":"2024-07-26T03:26:55","slug":"who-we-are","status":"publish","type":"page","link":"https:\/\/b-company.jp\/vi\/about-us\/who-we-are\/","title":{"rendered":"Ch\u00fang t\u00f4i l\u00e0 ai"},"content":{"rendered":"<div class=\"vc_row wpb_row vc_row-fluid topourphilosophy\"><div class=\"col-md-push-8 col-lg-push-9 full-width-responsive catUpperCase aboutus wpb_column vc_column_container vc_col-sm-3\"><div class=\"vc_column-inner\"><div class=\"wpb_wrapper\"><div class=\"mobileSearch large\">\n\tThanh b\u00ean\t<i class=\"fa fa-angle-down\"><\/i>\n<\/div>\n<aside class=\"blogAside\" style=\"display: none;\">\n\t<ul class=\"categoryList normall\">\n\t\t\n\t\t\t\t\t\t\t\t\t<li class=\"activeCat\"><a href=\"https:\/\/b-company.jp\/vi\/about-us\/who-we-are\/\">Ch\u00fang t\u00f4i l\u00e0 ai<\/a><\/li>\n\t\t\n\t\t\t\t\t\t\t\t\t<li class=\"\"><a href=\"https:\/\/b-company.jp\/vi\/about-us\/our-team\/\">\u0110\u1ed9i ng\u0169 c\u1ee7a ch\u00fang t\u00f4i<\/a><\/li>\n\t\t\n\t\t\t\t\t\t\t\t\t<li class=\"\"><a href=\"https:\/\/b-company.jp\/vi\/about-us\/network-and-partners\/\">M\u1ea1ng l\u01b0\u1edbi &amp; \u0110\u1ed1i t\u00e1c<\/a><\/li>\n\t\t\n\t\t\t\t\t\t\t\t\t<li class=\"\"><a href=\"https:\/\/b-company.jp\/vi\/about-us\/bc-on-the-press\/\">B&amp;Company tr\u00ean b\u00e1o ch\u00ed<\/a><\/li>\n\t\t\n\t\t\t\t\t\t\t\t\t<li class=\"\"><a href=\"https:\/\/b-company.jp\/vi\/about-us\/our-profile\/\">H\u1ed3 s\u01a1 c\u00f4ng ty<\/a><\/li>\n\t\t\t<\/ul>\n\t<div class=\"faq_query\">\n\t\t<h4 class=\"tt-faq-title\">Li\u00ean h\u1ec7<\/h4>\n\t\t<div class=\"simple-text\">\n\t\t\t<p>Vui l\u00f2ng \u0111\u1eebng ng\u1ea7n ng\u1ea1i li\u00ean h\u1ec7 v\u1edbi ch\u00fang t\u00f4i n\u1ebfu b\u1ea1n c\u00f3 b\u1ea5t k\u1ef3 th\u1eafc m\u1eafc n\u00e0o. Ch\u00fang t\u00f4i ch\u1ec9 c\u00e1ch b\u1ea1n m\u1ed9t CLICK!<\/p>\n\t\t<\/div>\n\t\t<a href=\"https:\/\/b-company.jp\/vi\/contact-us\/\">Li\u00ean h\u1ec7<\/a>\n\t<\/div>\n<\/aside>\n<\/div><\/div><\/div><div class=\"col-lg-pull-3 col-md-pull-4 full-width-responsive wpb_column vc_column_container vc_col-sm-9\"><div class=\"vc_column-inner\"><div class=\"wpb_wrapper\">\n\t<div class=\"wpb_text_column wpb_content_element\" >\n\t\t<div class=\"wpb_wrapper\">\n\t\t\t<div class=\"mainServicesContent\">\n<div class=\"tt-news\"><img decoding=\"async\" class=\"alignnone size-full wp-image-260 img-responsive\" src=\"http:\/\/b-company.jp\/wp-content\/uploads\/2020\/07\/Who-we-are.png\" alt=\"\" width=\"840\" data-no-auto-translation=\"\" \/><\/div>\n<\/div>\n\n\t\t<\/div>\n\t<\/div>\n\n\t<div class=\"wpb_text_column wpb_content_element\" >\n\t\t<div class=\"wpb_wrapper\">\n\t\t\t<div class=\"mainServicesContent\">\n<div class=\"overview_content\">\n<h4 class=\"tt-quality-title\">Ch\u00fang t\u00f4i l\u00e0 c\u00f4ng ty nghi\u00ean c\u1ee9u th\u1ecb tr\u01b0\u1eddng &amp; t\u01b0 v\u1ea5n \u0111\u1ea7u t\u01b0 \u0111\u1ebfn t\u1eeb Nh\u1eadt B\u1ea3n<\/h4>\n<div class=\"empty-space marg-lg-b40\"><\/div>\n<div class=\"simple-text\">\n<div>\n<div class=\"copy-paste-block\">\n<p>\u0110\u01b0\u1ee3c th\u00e0nh l\u1eadp t\u1ea1i Tokyo (Nh\u1eadt B\u1ea3n) v\u00e0o n\u0103m 1997 v\u1edbi t\u01b0 c\u00e1ch l\u00e0 c\u00f4ng ty nghi\u00ean c\u1ee9u th\u1ecb tr\u01b0\u1eddng v\u00e0 t\u01b0 v\u1ea5n \u0111\u1ea7u t\u01b0 n\u01b0\u1edbc ngo\u00e0i, ch\u00fang t\u00f4i \u0111\u00e3 m\u1edf r\u1ed9ng sang Vi\u1ec7t Nam t\u1eeb n\u0103m 2008 v\u1edbi 2 v\u0103n ph\u00f2ng t\u1ea1i H\u00e0 N\u1ed9i v\u00e0 H\u1ed3 Ch\u00ed Minh. Trong h\u01a1n 2 th\u1eadp k\u1ef7 qua, ch\u00fang t\u00f4i \u0111\u00e3 h\u1ed7 tr\u1ee3 nhi\u1ec1u kh\u00e1ch h\u00e0ng thu\u1ed9c nhi\u1ec1u l\u0129nh v\u1ef1c kh\u00e1c nhau trong vi\u1ec7c \u0111\u01b0a ra c\u00e1c quy\u1ebft \u0111\u1ecbnh \u0111\u1ea7u t\u01b0 t\u1ea1i m\u1ed9t trong nh\u1eefng trung t\u00e2m n\u0103ng \u0111\u1ed9ng v\u00e0 m\u1edbi n\u1ed5i b\u1eadc nh\u1ea5t \u1edf \u0110\u00f4ng Nam \u00c1.<\/p>\n<p>Ch\u00fang t\u00f4i cung c\u1ea5p d\u1ecbch v\u1ee5 nghi\u00ean c\u1ee9u th\u1ecb tr\u01b0\u1eddng v\u00e0 t\u01b0 v\u1ea5n \u0111\u1ea7u t\u01b0 cho kh\u00e1ch h\u00e0ng nh\u1eb1m h\u1ed7 tr\u1ee3 qu\u00e1 tr\u00ecnh ra quy\u1ebft \u0111\u1ecbnh chi\u1ebfn l\u01b0\u1ee3c v\u00e0 th\u00e0nh l\u1eadp doanh nghi\u1ec7p t\u1ea1i Vi\u1ec7t Nam. Ch\u00fang t\u00f4i c\u0169ng cung c\u1ea5p d\u1ecbch v\u1ee5 t\u1ea1i Nh\u1eadt B\u1ea3n v\u00e0 c\u00e1c th\u1ecb tr\u01b0\u1eddng \u0110\u00f4ng \u00c1 kh\u00e1c nh\u1edd v\u00e0o m\u1ea1ng l\u01b0\u1edbi v\u00e0 quan h\u1ec7 \u0111\u1ed1i t\u00e1c trong khu v\u1ef1c.<\/p>\n<p>L\u00e0 m\u1ed9t th\u00e0nh vi\u00ean c\u1ee7a ESOMAR, ch\u00fang t\u00f4i th\u1ef1c hi\u1ec7n c\u00e1c d\u1ef1 \u00e1n t\u01b0 v\u1ea5n \u0111\u1ea7u t\u01b0 v\u00e0 nghi\u00ean c\u1ee9u th\u1ecb tr\u01b0\u1eddng v\u1edbi cam k\u1ebft m\u1ea1nh m\u1ebd v\u1ec1 ki\u1ec3m so\u00e1t ch\u1ea5t l\u01b0\u1ee3ng v\u00e0 \u0111\u1ea1o \u0111\u1ee9c. Ch\u00fang t\u00f4i c\u0169ng \u0111\u1ea7u t\u01b0 v\u00e0o c\u01a1 s\u1edf nghi\u00ean c\u1ee9u bao g\u1ed3m ph\u00f2ng th\u1ea3o lu\u1eadn nh\u00f3m v\u00e0 n\u1ec1n t\u1ea3ng kh\u1ea3o s\u00e1t tr\u1ef1c tuy\u1ebfn.<\/p>\n<p>Nh\u1eefng ph\u01b0\u01a1ng ph\u00e1p nghi\u00ean c\u1ee9u c\u1ee7a ch\u00fang t\u00f4i bao g\u1ed3m nghi\u00ean c\u1ee9u \u0111\u1ecbnh l\u01b0\u1ee3ng (b\u1ea3ng c\u00e2u h\u1ecfi, ph\u1ecfng v\u1ea5n), nghi\u00ean c\u1ee9u \u0111\u1ecbnh t\u00ednh (ph\u1ecfng v\u1ea5n chuy\u00ean s\u00e2u, th\u1ea3o lu\u1eadn nh\u00f3m), nghi\u00ean c\u1ee9u t\u1ea1i b\u00e0n, kh\u1ea3o th\u1ef1c t\u1ebf,\u2026<\/p>\n<\/div>\n<\/div>\n<\/div>\n<\/div>\n<\/div>\n\n\t\t<\/div>\n\t<\/div>\n\n\t<div class=\"wpb_text_column wpb_content_element\" >\n\t\t<div class=\"wpb_wrapper\">\n\t\t\t<div class=\"mainServicesContent\">\n<div class=\"company_history\">\n<div class=\"row\">\n<div class=\"col-md-2 col-sm-2\">\n<div class=\"year\">\n<h4 class=\"tt-quality-title\">1997<\/h4>\n<\/div>\n<\/div>\n<div class=\"col-md-10 col-sm-10\">\n<div class=\"content\">\n<h5>TH\u00c0NH L\u1eacP B&amp;COMPANY T\u1ea0I NH\u1eacT B\u1ea2N<\/h5>\n<\/div>\n<\/div>\n<\/div>\n<div class=\"empty-space marg-lg-b40\"><\/div>\n<div class=\"row\">\n<div class=\"col-md-2 col-sm-2\">\n<div class=\"year\">\n<h4 class=\"tt-quality-title\">2001<\/h4>\n<\/div>\n<\/div>\n<div class=\"col-md-10 col-sm-10\">\n<div class=\"content\">\n<h5>\u0110\u1ea6U T\u01af V\u1ed0N LI\u00caN DOANH L\u1ea6N \u0110\u1ea6U TI\u00caN<\/h5>\n<\/div>\n<\/div>\n<\/div>\n<div class=\"empty-space marg-lg-b40\"><\/div>\n<div class=\"row\">\n<div class=\"col-md-2 col-sm-2\">\n<div class=\"year\">\n<h4 class=\"tt-quality-title\">2005<\/h4>\n<\/div>\n<\/div>\n<div class=\"col-md-10 col-sm-10\">\n<div class=\"content\">\n<h5>TI\u1ebeP T\u1ee4C \u0110\u1ea6U T\u01af RA N\u01af\u1edaC NGO\u00c0I &amp; KHAI TH\u00c1C D\u1ecaCH V\u1ee4 N\u01af\u1edaC NGO\u00c0I<\/h5>\n<\/div>\n<\/div>\n<\/div>\n<div class=\"empty-space marg-lg-b40\"><\/div>\n<div class=\"row\">\n<div class=\"col-md-2 col-sm-2\">\n<div class=\"year\">\n<h4 class=\"tt-quality-title\">2006<\/h4>\n<\/div>\n<\/div>\n<div class=\"col-md-10 col-sm-10\">\n<div class=\"content\">\n<h5>\u0110\u1ea6U T\u01af V\u1ed0N LI\u00caN DOANH V\u00c0O M\u1ed8T C\u00d4NG TY T\u1ea0I VI\u1ec6T NAM<\/h5>\n<\/div>\n<\/div>\n<\/div>\n<div class=\"empty-space marg-lg-b40\"><\/div>\n<div class=\"row\">\n<div class=\"col-md-2 col-sm-2\">\n<div class=\"year\">\n<h4 class=\"tt-quality-title\">2007<\/h4>\n<\/div>\n<\/div>\n<div class=\"col-md-10 col-sm-10\">\n<div class=\"content\">\n<h5>RA M\u1eaeT D\u1ecaCH V\u1ee4 T\u01af V\u1ea4N T\u00c0I CH\u00cdNH<\/h5>\n<\/div>\n<\/div>\n<\/div>\n<div class=\"empty-space marg-lg-b40\"><\/div>\n<div class=\"row\">\n<div class=\"col-md-2 col-sm-2\">\n<div class=\"year\">\n<h4 class=\"tt-quality-title\">2008<\/h4>\n<\/div>\n<\/div>\n<div class=\"col-md-10 col-sm-10\">\n<div class=\"content\">\n<h5>TH\u00c0NH L\u1eacP B&amp;COMPANY T\u1ea0I VI\u1ec6T NAM &amp; \u0110\u1ed0I T\u00c1C CHI\u1ebeN L\u01af\u1ee2C T\u1ea0I TH\u01af\u1ee2NG H\u1ea2I &amp; TH\u00c1I LAN<\/h5>\n<\/div>\n<\/div>\n<\/div>\n<div class=\"empty-space marg-lg-b40\"><\/div>\n<div class=\"row\">\n<div class=\"col-md-2 col-sm-2\">\n<div class=\"year\">\n<h4 class=\"tt-quality-title\">2009<\/h4>\n<\/div>\n<\/div>\n<div class=\"col-md-10 col-sm-10\">\n<div class=\"content\">\n<h5>\u0110A D\u1ea0NG H\u00d3A D\u1ecaCH V\u1ee4 T\u1ea0I VI\u1ec6T NAM &amp; B\u1eaeT \u0110\u1ea6U H\u1ee2P T\u00c1C V\u1edaI TR\u01af\u1edcNG \u0110\u1ea0I H\u1eccC NGO\u1ea0I TH\u01af\u01a0NG<\/h5>\n<\/div>\n<\/div>\n<\/div>\n<div class=\"empty-space marg-lg-b40\"><\/div>\n<div class=\"row\">\n<div class=\"col-md-2 col-sm-2\">\n<div class=\"year\">\n<h4 class=\"tt-quality-title\">2010<\/h4>\n<\/div>\n<\/div>\n<div class=\"col-md-10 col-sm-10\">\n<div class=\"content\">\n<h5>H\u1ee2P T\u00c1C V\u1edaI VIETNAM ECONOMIC NEWS<\/h5>\n<\/div>\n<\/div>\n<\/div>\n<div class=\"empty-space marg-lg-b40\"><\/div>\n<div class=\"row\">\n<div class=\"col-md-2 col-sm-2\">\n<div class=\"year\">\n<h4 class=\"tt-quality-title\">2011<\/h4>\n<\/div>\n<\/div>\n<div class=\"col-md-10 col-sm-10\">\n<div class=\"content\">\n<h5 style=\"text-align: top;\">H\u1ee2P T\u00c1C V\u1edaI FINANCE FACSIMILE NEWS \u2013 NH\u1eacT B\u1ea2N &amp; TR\u1ede TH\u00c0NH TH\u00c0NH VI\u00caN CH\u00cdNH TH\u1ee8C C\u1ee6A ESOMAR<\/h5>\n<\/div>\n<\/div>\n<\/div>\n<div class=\"empty-space marg-lg-b40\"><\/div>\n<div class=\"row\">\n<div class=\"col-md-2 col-sm-2\">\n<div class=\"year\">\n<h4 class=\"tt-quality-title\">2012<\/h4>\n<\/div>\n<\/div>\n<div class=\"col-md-10 col-sm-10\">\n<div class=\"content\">\n<h5>QU\u1ea2NG B\u00c1 GIAN H\u00c0NG VI\u1ec6T NAM T\u1ea0I ITPRO EXPO (NIKKEI BP GROUP)<\/h5>\n<\/div>\n<\/div>\n<\/div>\n<div class=\"empty-space marg-lg-b40\"><\/div>\n<div class=\"row\">\n<div class=\"col-md-2 col-sm-2\">\n<div class=\"year\">\n<h4 class=\"tt-quality-title\">2013<\/h4>\n<\/div>\n<\/div>\n<div class=\"col-md-10 col-sm-10\">\n<div class=\"content\">\n<h5>KHAI TH\u00c1C D\u1ecaCH V\u1ee4 T\u01af V\u1ea4N M\u1ede R\u1ed8NG KINH DOANH T\u1ea0I C\u00c1C QU\u1ed0C GIA M\u1edaI N\u1ed4I<\/h5>\n<\/div>\n<\/div>\n<\/div>\n<div class=\"empty-space marg-lg-b40\"><\/div>\n<div class=\"row\">\n<div class=\"col-md-2 col-sm-2\">\n<div class=\"year\">\n<h4 class=\"tt-quality-title\">2014<\/h4>\n<\/div>\n<\/div>\n<div class=\"col-md-10 col-sm-10\">\n<div class=\"content\">\n<h5>TH\u00c0NH L\u1eacP V\u0102N PH\u00d2NG T\u1ea0I TH\u00c0NH PH\u1ed0 H\u1ed2 CH\u00cd MINH<\/h5>\n<\/div>\n<\/div>\n<\/div>\n<\/div>\n<\/div>\n\n\t\t<\/div>\n\t<\/div>\n<\/div><\/div><\/div><\/div><div class=\"vc_row wpb_row vc_row-fluid\"><div class=\"wpb_column vc_column_container vc_col-sm-12\"><div class=\"vc_column-inner\"><div class=\"wpb_wrapper\">\n\t<div class=\"wpb_text_column wpb_content_element\" >\n\t\t<div class=\"wpb_wrapper\">\n\t\t\t\n\t\t<\/div>\n\t<\/div>\n<\/div><\/div><\/div><\/div>","protected":false},"excerpt":{"rendered":"Thanh b\u00ean Ch\u00fang t\u00f4i l\u00e0 ai \u0110\u1ed9i ng\u0169 c\u1ee7a ch\u00fang t\u00f4i M\u1ea1ng l\u01b0\u1edbi &amp; \u0110\u1ed1i t\u00e1c BC tr\u00ean b\u00e1o ch\u00ed H\u1ed3 s\u01a1 c\u1ee7a ch\u00fang t\u00f4i Li\u00ean h\u1ec7 Vui l\u00f2ng \u0111\u1eebng ng\u1ea7n ng\u1ea1i li\u00ean h\u1ec7 v\u1edbi ch\u00fang t\u00f4i n\u1ebfu b\u1ea1n c\u00f3 b\u1ea5t k\u1ef3 th\u1eafc m\u1eafc n\u00e0o. Ch\u00fang t\u00f4i ch\u1ec9 c\u00e1ch b\u1ea1n m\u1ed9t CLICK! Li\u00ean h\u1ec7 v\u1edbi ch\u00fang t\u00f4i M\u1ed9t c\u00f4ng ty t\u01b0 v\u1ea5n chi\u1ebfn l\u01b0\u1ee3c &amp; nghi\u00ean c\u1ee9u \u0111\u1ed9c quy\u1ec1n t\u1eeb Nh\u1eadt B\u1ea3n \u0110\u01b0\u1ee3c th\u00e0nh l\u1eadp t\u1ea1i Nh\u1eadt B\u1ea3n v\u00e0o n\u0103m 1997 v\u1edbi t\u01b0 c\u00e1ch l\u00e0 m\u1ed9t th\u1ecb tr\u01b0\u1eddng","protected":false},"author":1,"featured_media":0,"parent":10,"menu_order":0,"comment_status":"closed","ping_status":"closed","template":"","meta":[],"yoast_head":"<!-- This site is optimized with the Yoast SEO Premium plugin v15.1.2 - https:\/\/yoast.com\/wordpress\/plugins\/seo\/ -->\n<title>Who We Are - B-Company - Market research- Vietnam<\/title>\n<meta name=\"description\" content=\"Founded in Japan in 1997 as a market research and oversea investment consulting firm based in Tokyo, we had expanded into Vietnam since 2008 with 2 offices in the country\u2019s major cities, Hanoi and Ho Chi Minh City\" \/>\n<meta name=\"robots\" content=\"index, follow, max-snippet:-1, max-image-preview:large, max-video-preview:-1\" \/>\n<link rel=\"canonical\" href=\"https:\/\/b-company.jp\/vi\/about-us\/who-we-are\/\" \/>\n<meta property=\"og:locale\" content=\"vi_VN\" \/>\n<meta property=\"og:type\" content=\"article\" \/>\n<meta property=\"og:title\" content=\"Who We Are - B-Company - Market research- Vietnam\" \/>\n<meta property=\"og:description\" content=\"Founded in Japan in 1997 as a market research and oversea investment consulting firm based in Tokyo, we had expanded into Vietnam since 2008 with 2 offices in the country\u2019s major cities, Hanoi and Ho Chi Minh City\" \/>\n<meta property=\"og:url\" content=\"https:\/\/b-company.jp\/vi\/about-us\/who-we-are\/\" \/>\n<meta property=\"og:site_name\" content=\"B-Company\" \/>\n<meta property=\"article:modified_time\" content=\"2024-07-26T03:26:55+00:00\" \/>\n<meta property=\"og:image\" content=\"http:\/\/b-company.jp\/wp-content\/uploads\/2020\/07\/Who-we-are.png\" \/>\n<meta name=\"twitter:card\" content=\"summary_large_image\" \/>\n<script type=\"application\/ld+json\" class=\"yoast-schema-graph\">{\"@context\":\"https:\/\/schema.org\",\"@graph\":[{\"@type\":\"WebSite\",\"@id\":\"https:\/\/b-company.jp\/vi\/#website\",\"url\":\"https:\/\/b-company.jp\/vi\/\",\"name\":\"B-Company\",\"description\":\"Vietnam Market Research &amp; Investment Consulting\",\"potentialAction\":[{\"@type\":\"SearchAction\",\"target\":\"https:\/\/b-company.jp\/vi\/?s={search_term_string}\",\"query-input\":\"required name=search_term_string\"}],\"inLanguage\":\"vi\"},{\"@type\":\"ImageObject\",\"@id\":\"https:\/\/b-company.jp\/about-us\/who-we-are\/#primaryimage\",\"inLanguage\":\"vi\",\"url\":\"http:\/\/b-company.jp\/wp-content\/uploads\/2020\/07\/Who-we-are.png\"},{\"@type\":\"WebPage\",\"@id\":\"https:\/\/b-company.jp\/about-us\/who-we-are\/#webpage\",\"url\":\"https:\/\/b-company.jp\/about-us\/who-we-are\/\",\"name\":\"Who We Are - B-Company - Market research- Vietnam\",\"isPartOf\":{\"@id\":\"https:\/\/b-company.jp\/vi\/#website\"},\"primaryImageOfPage\":{\"@id\":\"https:\/\/b-company.jp\/about-us\/who-we-are\/#primaryimage\"},\"datePublished\":\"2017-07-24T07:25:56+00:00\",\"dateModified\":\"2024-07-26T03:26:55+00:00\",\"description\":\"Founded in Japan in 1997 as a market research and oversea investment consulting firm based in Tokyo, we had expanded into Vietnam since 2008 with 2 offices in the country\\u2019s major cities, Hanoi and Ho Chi Minh City\",\"inLanguage\":\"vi\",\"potentialAction\":[{\"@type\":\"ReadAction\",\"target\":[\"https:\/\/b-company.jp\/about-us\/who-we-are\/\"]}]}]}<\/script>\n<!-- \/ Yoast SEO Premium plugin. -->","_links":{"self":[{"href":"https:\/\/b-company.jp\/vi\/wp-json\/wp\/v2\/pages\/259"}],"collection":[{"href":"https:\/\/b-company.jp\/vi\/wp-json\/wp\/v2\/pages"}],"about":[{"href":"https:\/\/b-company.jp\/vi\/wp-json\/wp\/v2\/types\/page"}],"author":[{"embeddable":true,"href":"https:\/\/b-company.jp\/vi\/wp-json\/wp\/v2\/users\/1"}],"replies":[{"embeddable":true,"href":"https:\/\/b-company.jp\/vi\/wp-json\/wp\/v2\/comments?post=259"}],"version-history":[{"count":4,"href":"https:\/\/b-company.jp\/vi\/wp-json\/wp\/v2\/pages\/259\/revisions"}],"predecessor-version":[{"id":15625,"href":"https:\/\/b-company.jp\/vi\/wp-json\/wp\/v2\/pages\/259\/revisions\/15625"}],"up":[{"embeddable":true,"href":"https:\/\/b-company.jp\/vi\/wp-json\/wp\/v2\/pages\/10"}],"wp:attachment":[{"href":"https:\/\/b-company.jp\/vi\/wp-json\/wp\/v2\/media?parent=259"}],"curies":[{"name":"wp","href":"https:\/\/api.w.org\/{rel}","templated":true}]}}