{"id":209,"date":"2017-07-17T12:08:18","date_gmt":"2017-07-17T12:08:18","guid":{"rendered":"http:\/\/www.themechampion.com\/demo\/consultexlst\/?page_id=209"},"modified":"2020-06-25T03:19:16","modified_gmt":"2020-06-25T03:19:16","slug":"project2","status":"publish","type":"page","link":"https:\/\/b-company.jp\/vi\/project2\/","title":{"rendered":"D\u1ef1 \u00e1n 2"},"content":{"rendered":"<div class=\"vc_row wpb_row vc_row-fluid portfolio1 contentpadding\"><div class=\"wpb_column vc_column_container vc_col-sm-12\"><div class=\"vc_column-inner\"><div class=\"wpb_wrapper\"><h3 style=\"text-align: left\" class=\"vc_custom_heading tt-tittle\" >C\u00f4ng vi\u1ec7c c\u1ee7a ch\u00fang t\u00f4i<\/h3>\n\t<div class=\"wpb_text_column wpb_content_element\" >\n\t\t<div class=\"wpb_wrapper\">\n\t\t\t<div class=\"simple-text\">sed quia consequuntur magni dolores eos quiratione voluptatem sequi nesciunt. Neque porro quisquam est, qui dolorem ipsum quia dolor sit amet, consectetur, adipisci velit. sed quia non numquam quiratione voluptatem sequi nesciunt.<\/div>\n\n\t\t<\/div>\n\t<\/div>\n<div class=\"row\">  <div class=\"grid-sm-6 grid-md-3\">\n                   <div class=\"single-project-blog\">\n\t\t\t\t          <div class=\"tumbWrapper\">\n\t\t\t\t\t\t\t<a href=\"#\" class=\"imgTumb imgWrapper bgShadow\">\n\t\t\t\t\t\t\t    <img width=\"270\" height=\"224\" src=\"https:\/\/b-company.jp\/wp-content\/uploads\/2017\/07\/project-feature.jpg\" class=\"img-responsive wp-post-image\" alt=\"\" decoding=\"async\" loading=\"lazy\" data-no-auto-translation=\"\" \/>\n\t\t\t\t\t\t\t<\/a>\n\t\t\t\t\t\t\t\t<div class=\"overlay\">\n\t\t\t\t\t\t\t\t\t<a href=\"https:\/\/b-company.jp\/vi\/projects\/vietnam-mobile-payment-market-towards-a-data-society\/\" class=\"expand\">\n\t\t\t\t\t\t\t\t\t<h3>Thanh to\u00e1n di \u0111\u1ed9ng Vi\u1ec7t Nam h\u01b0\u1edbng t\u1edbi x\u00e3 h\u1ed9i d\u1eef li\u1ec7u<\/h3>\n\t\t\t\t\t\t\t\t\t<div class=\"border-line\"><\/div>\t\t\t\t\t\t\t\t\t\t \n\t\t\t\t\t\t\t\t\t<\/a>\t\t\t\t\t\t\t\t\t\t \n\t\t\t\t\t\t\t\t<\/div>\n\t\t\t\t\t     <\/div>\n\t\t\t\t   <\/div>\n                <\/div><div class=\"grid-sm-6 grid-md-3\">\n                   <div class=\"single-project-blog\">\n\t\t\t\t          <div class=\"tumbWrapper\">\n\t\t\t\t\t\t\t<a href=\"#\" class=\"imgTumb imgWrapper bgShadow\">\n\t\t\t\t\t\t\t    <img width=\"270\" height=\"224\" src=\"https:\/\/b-company.jp\/wp-content\/uploads\/2020\/12\/new-city-car-model.jpg\" class=\"img-responsive wp-post-image\" alt=\"\" decoding=\"async\" loading=\"lazy\" data-no-auto-translation=\"\" \/>\n\t\t\t\t\t\t\t<\/a>\n\t\t\t\t\t\t\t\t<div class=\"overlay\">\n\t\t\t\t\t\t\t\t\t<a href=\"https:\/\/b-company.jp\/vi\/projects\/product-concept-test-evaluation-on-new-city-car-model\/\" class=\"expand\">\n\t\t\t\t\t\t\t\t\t<h3>Ki\u1ec3m tra kh\u00e1i ni\u1ec7m s\u1ea3n ph\u1ea9m: \u0110\u00e1nh gi\u00e1 m\u1eabu xe th\u00e0nh ph\u1ed1 m\u1edbi<\/h3>\n\t\t\t\t\t\t\t\t\t<div class=\"border-line\"><\/div>\t\t\t\t\t\t\t\t\t\t \n\t\t\t\t\t\t\t\t\t<\/a>\t\t\t\t\t\t\t\t\t\t \n\t\t\t\t\t\t\t\t<\/div>\n\t\t\t\t\t     <\/div>\n\t\t\t\t   <\/div>\n                <\/div><div class=\"grid-sm-6 grid-md-3\">\n                   <div class=\"single-project-blog\">\n\t\t\t\t          <div class=\"tumbWrapper\">\n\t\t\t\t\t\t\t<a href=\"#\" class=\"imgTumb imgWrapper bgShadow\">\n\t\t\t\t\t\t\t    <img width=\"270\" height=\"224\" src=\"https:\/\/b-company.jp\/wp-content\/uploads\/2017\/07\/MUFG.jpg\" class=\"img-responsive wp-post-image\" alt=\"\" decoding=\"async\" loading=\"lazy\" data-no-auto-translation=\"\" \/>\n\t\t\t\t\t\t\t<\/a>\n\t\t\t\t\t\t\t\t<div class=\"overlay\">\n\t\t\t\t\t\t\t\t\t<a href=\"https:\/\/b-company.jp\/vi\/projects\/data-collection-survey-for-improvement-of-housing-finance\/\" class=\"expand\">\n\t\t\t\t\t\t\t\t\t<h3>Kh\u1ea3o s\u00e1t thu th\u1eadp d\u1eef li\u1ec7u \u0111\u1ec3 c\u1ea3i thi\u1ec7n t\u00e0i ch\u00ednh nh\u00e0 \u1edf<\/h3>\n\t\t\t\t\t\t\t\t\t<div class=\"border-line\"><\/div>\t\t\t\t\t\t\t\t\t\t \n\t\t\t\t\t\t\t\t\t<\/a>\t\t\t\t\t\t\t\t\t\t \n\t\t\t\t\t\t\t\t<\/div>\n\t\t\t\t\t     <\/div>\n\t\t\t\t   <\/div>\n                <\/div><div class=\"grid-sm-6 grid-md-3\">\n                   <div class=\"single-project-blog\">\n\t\t\t\t          <div class=\"tumbWrapper\">\n\t\t\t\t\t\t\t<a href=\"#\" class=\"imgTumb imgWrapper bgShadow\">\n\t\t\t\t\t\t\t    <img width=\"270\" height=\"224\" src=\"https:\/\/b-company.jp\/wp-content\/uploads\/2017\/07\/brand-asia-feature-1.jpg\" class=\"img-responsive wp-post-image\" alt=\"\" decoding=\"async\" loading=\"lazy\" data-no-auto-translation=\"\" \/>\n\t\t\t\t\t\t\t<\/a>\n\t\t\t\t\t\t\t\t<div class=\"overlay\">\n\t\t\t\t\t\t\t\t\t<a href=\"https:\/\/b-company.jp\/vi\/projects\/brand-asia-an-inclusive-evaluation-on-major-brands\/\" class=\"expand\">\n\t\t\t\t\t\t\t\t\t<h3>Brand Asia \u2013 \u0110\u00e1nh gi\u00e1 to\u00e0n di\u1ec7n v\u1ec1 c\u00e1c th\u01b0\u01a1ng hi\u1ec7u l\u1edbn<\/h3>\n\t\t\t\t\t\t\t\t\t<div class=\"border-line\"><\/div>\t\t\t\t\t\t\t\t\t\t \n\t\t\t\t\t\t\t\t\t<\/a>\t\t\t\t\t\t\t\t\t\t \n\t\t\t\t\t\t\t\t<\/div>\n\t\t\t\t\t     <\/div>\n\t\t\t\t   <\/div>\n                <\/div><div class=\"clear\"><\/div><div class=\"grid-sm-6 grid-md-3\">\n                   <div class=\"single-project-blog\">\n\t\t\t\t          <div class=\"tumbWrapper\">\n\t\t\t\t\t\t\t<a href=\"#\" class=\"imgTumb imgWrapper bgShadow\">\n\t\t\t\t\t\t\t    <img width=\"270\" height=\"224\" src=\"https:\/\/b-company.jp\/wp-content\/uploads\/2017\/07\/brand-asia-feature-1.jpg\" class=\"img-responsive wp-post-image\" alt=\"\" decoding=\"async\" loading=\"lazy\" data-no-auto-translation=\"\" \/>\n\t\t\t\t\t\t\t<\/a>\n\t\t\t\t\t\t\t\t<div class=\"overlay\">\n\t\t\t\t\t\t\t\t\t<a href=\"https:\/\/b-company.jp\/vi\/projects\/brand-asia-an-inclusive-evaluation-on-major-brands-jp\/\" class=\"expand\">\n\t\t\t\t\t\t\t\t\t<h3>\u30d6\u30e9\u30f3\u30c9\u30fb\u30a2\u30b8\u30a2: \u4f01\u696d\u30d6\u30e9\u30f3\u30c9\u4fa1\u5024\u8a55\u4fa1\u8abf\u67fb<\/h3>\n\t\t\t\t\t\t\t\t\t<div class=\"border-line\"><\/div>\t\t\t\t\t\t\t\t\t\t \n\t\t\t\t\t\t\t\t\t<\/a>\t\t\t\t\t\t\t\t\t\t \n\t\t\t\t\t\t\t\t<\/div>\n\t\t\t\t\t     <\/div>\n\t\t\t\t   <\/div>\n                <\/div><div class=\"grid-sm-6 grid-md-3\">\n                   <div class=\"single-project-blog\">\n\t\t\t\t          <div class=\"tumbWrapper\">\n\t\t\t\t\t\t\t<a href=\"#\" class=\"imgTumb imgWrapper bgShadow\">\n\t\t\t\t\t\t\t    <img width=\"270\" height=\"224\" src=\"https:\/\/b-company.jp\/wp-content\/uploads\/2017\/07\/MUFG.jpg\" class=\"img-responsive wp-post-image\" alt=\"\" decoding=\"async\" loading=\"lazy\" data-no-auto-translation=\"\" \/>\n\t\t\t\t\t\t\t<\/a>\n\t\t\t\t\t\t\t\t<div class=\"overlay\">\n\t\t\t\t\t\t\t\t\t<a href=\"https:\/\/b-company.jp\/vi\/projects\/data-collection-survey-for-improvement-of-housing-finance-jp\/\" class=\"expand\">\n\t\t\t\t\t\t\t\t\t<h3>\u4f4f\u5b85\u91d1\u878d\u306e\u6539\u5584\u306b\u5411\u3051\u305f\u30c7\u30fc\u30bf\u53ce\u96c6\u8abf\u67fb<\/h3>\n\t\t\t\t\t\t\t\t\t<div class=\"border-line\"><\/div>\t\t\t\t\t\t\t\t\t\t \n\t\t\t\t\t\t\t\t\t<\/a>\t\t\t\t\t\t\t\t\t\t \n\t\t\t\t\t\t\t\t<\/div>\n\t\t\t\t\t     <\/div>\n\t\t\t\t   <\/div>\n                <\/div><div class=\"grid-sm-6 grid-md-3\">\n                   <div class=\"single-project-blog\">\n\t\t\t\t          <div class=\"tumbWrapper\">\n\t\t\t\t\t\t\t<a href=\"#\" class=\"imgTumb imgWrapper bgShadow\">\n\t\t\t\t\t\t\t    <img width=\"270\" height=\"224\" src=\"https:\/\/b-company.jp\/wp-content\/uploads\/2017\/07\/project-feature.jpg\" class=\"img-responsive wp-post-image\" alt=\"\" decoding=\"async\" loading=\"lazy\" data-no-auto-translation=\"\" \/>\n\t\t\t\t\t\t\t<\/a>\n\t\t\t\t\t\t\t\t<div class=\"overlay\">\n\t\t\t\t\t\t\t\t\t<a href=\"https:\/\/b-company.jp\/vi\/projects\/vietnam-mobile-payment-market-towards-a-data-society-jp\/\" class=\"expand\">\n\t\t\t\t\t\t\t\t\t<h3>\u30d9\u30c8\u30ca\u30e0\u306e\u30e2\u30d0\u30a4\u30eb\u6c7a\u6e08\u3068\u30c7\u30fc\u30bf\u793e\u4f1a\u306e\u53ef\u80fd\u6027<\/h3>\n\t\t\t\t\t\t\t\t\t<div class=\"border-line\"><\/div>\t\t\t\t\t\t\t\t\t\t \n\t\t\t\t\t\t\t\t\t<\/a>\t\t\t\t\t\t\t\t\t\t \n\t\t\t\t\t\t\t\t<\/div>\n\t\t\t\t\t     <\/div>\n\t\t\t\t   <\/div>\n                <\/div><\/div>      \t\t<\/div><\/div><\/div><\/div>","protected":false},"excerpt":{"rendered":"\u80cc\u666f\u904e\u53bb\u6570\u5341\u5e74\u306b\u308f\u305f\u308a\u30c7\u30b8\u30bf\u30eb\u5909\u9769\u306e\u6ce2\u306f\u30d3\u30b8\u30cd\u30b9\u3092\u5927\u304d\u304f\u5909\u3048\u3066\u304d\u307e\u3057\u305f\u3002\u3053\u306e\u6d41\u308c\u306e\u4e2d\u3067\u3001\u3068\u308a\u308f\u3051\u6c7a\u6e08\u306e\u30bd\u30ea\u30e5\u30fc\u30b7\u30e7\u30f3\u3084\u30d7\u30e9\u30c3\u30c8\u30d5\u30a9\u30fc\u30e0\u304c\u3088\u308a\u5927\u304d\u306a\u5f79\u5272\u3092\u62c5\u3044\u3064\u3064\u3042\u308a\u307e\u3059\u3002\u5404\u56fd\u3067\u30e2\u30d0\u30a4\u30eb\u6c7a\u6e08\u304c\u4e00\u6c17. \u30d9\u30c8\u30ca\u30e0\u306b\u3064\u3044\u3066\u306f\u3001\u30a4\u30f3\u30bf\u30fc\u30cd\u30c3\u30c8\u3084\u30b9\u30de\u30fc\u30c8\u30d5\u30a9\u30f3\u306e\u666e\u53ca\u7387\u304c\u9ad8\u304f\u82e5\u5e74\u9f62\u5c64\u304c\u591a\u3044\u3053\u3068\u3084\u3001\u91d1\u878d\u5305\u6442\u304c\u307e\u3060\u9032\u3093\u3067\u3044\u306a\u3044\u3053\u3068\u306a\u3069\u3001\u30e2\u30d0\u30a4\u30eb\u6c7a\u53ca\u3059\u308b\u6761\u4ef6\u304c\u6574\u3063\u3066\u3044\u307e\u3059\u3002\u4e00\u65b9\u3001\u30e2\u30d0\u30a4\u30eb\u6c7a\u6e08\u5e02\u5834B\u1ea1n c\u00f3 th\u1ec3 l\u00e0m \u0111i\u1ec1u \u0111\u00f3 b\u1eb1ng c\u00e1ch s\u1eed d\u1ee5ng n\u00f3. B\u1ea1n c\u00f3 th\u1ec3 l\u00e0m \u0111i\u1ec1u \u0111\u00f3 kh\u00f4ng? \u3001\u5c0f\u58f2\u3001ICT\u306e\u5404\u4f01\u696d\u3092\u30b0\u30eb\u30fc\u30d7\u4f1a\u793e\u306b\u6301\u3064\u3053\u3068\u304b\u3089\u3001\u3053\u306e\u5206\u91ce\u306e\u53ef\u80fd\u6027\u3068\u91cd\u8981\u6027C\u00f4ng ty B&amp;Compan y\u306f\u3001\u4ee5\u4e0b\u306e\u76ee\u7684\u3092\u4e3b\u306b\u3001\u30d9\u30c8\u30ca\u30e0\u3067\u306e\u30e2\u30d0\u30a4\u30eb\u6c7a\u6e08\u306b\u95a2\u3059\u308b\u8abf\u67fb\u3092\u5b9f\u65bd\u3057\u307e\u3057\u305f\u3002 \u30d9\u30c8\u30ca\u30e0\u3067\u306e\u30c7\u30b8\u30bf\u30eb\u6c7a\u6e08\u306e\u72b6\u6cc1\u3092\u628a\u63e1\u3057\u3001\u4e2d\u9577\u671f\u7684\u306a\u30d3\u30b8\u30e7\u30f3\u306b\u57fa\u3065\u3044\u3066\u5f53\u9762\u306e\u6226\u8853\u3092\u7b56\u5b9a\u3059\u308bB\u1ea1n c\u00f3 th\u1ec3 l\u00e0m \u0111i\u1ec1u \u0111\u00f3 kh\u00f4ng? \u672c\u4e8b\u696d\u3078\u306e\u30af\u30e9\u30a4\u30a2\u30f3\u30c8\u306e\u53c2\u5165\u53ef\u80fd\u6027\u3092\u8a55\u4fa1\u3057\u3001\u30d1\u30fc\u30c8\u30ca\u30fc\u5019\u88dc\u3068\u306e\u5354\u529b\u95a2\u4fc2\u3092\u69cb\u7bc9\u3059\u308b\u9867\u5ba2 : \u975e\u516c\u958b \u5206\u91ce : \u5e02\u5834\u8abf\u67fb\u3001\u30b3\u30f3\u30b5\u30eb\u30c6\u30a3\u30f3\u30b0 \u696d\u754c : \u30d5\u30a3\u30f3\u30c6\u30c3\u30af \u671f\u9593 : 2018\u5e74  \u8ab2\u984c\u63a1\u7528\u3057\u305f\u65b9\u6cd5\u7d50\u679c\u8ab2\u984c\u672c\u30d7\u30ed\u30b8\u30a7\u30af\u30c8\u306f\u3001\u5305\u62ec\u7684\u306a\u5e02\u5834\u8abf\u67fb\u3084\u65e2\u5b58\u30fb\u6f5c\u5728\u4e8b\u696d\u8005\u306e\u8a55\u4fa1\u3060\u3051.\u30e0\u3067\u306f\u30e2\u30d0\u30a4\u30eb\u6c7a\u6e08\u304c\u65b0\u305f\u306a\u5206\u91ce\u3067\u3042\u308b\u305f\u3081\u3001\u4ed6\u56fd\u306e\u4e8b\u4f8b\u3092\u5206\u6790\u3057\u3001 B\u1ea1n c\u00f3 th\u1ec3 t\u00ecm th\u1ea5y n\u00f3 \u1edf \u0111\u00e2y. \u3053\u308c\u3089\u306e\u305f\u3081\u3001\u8abf\u67fb\u30c1\u30fc\u30e0\uff08\u30af\u30e9\u30a4\u30a2\u30f3\u30c8\u3068\u5f0a\u793e\u306e\u65e5\u672c\u30fb\u4e2d\u56fd\u30fb\u30d9\u30c8\u30ca\u30e0)\u306f\u8ab2\u984c\u3092\u5207\u308a\u5206\u3051\u305f\u4e0a\u3067\u7dca\u5bc6\u306b\u9023\u643a\u3057\u3001\u30c7\u30b9\u30af\u8abf\u67fb\u3084\u5f53\u5c40\u3001\u696d\u754c\u5c02\u9580\u5bb6\u30a4\u30f3\u30bf\u30d3\u30e5\u30fc\u7b49\u306e\u8abf\u67fb\u3092\u5b9f\u65bd\u3057\u307e\u3057\u305f\u3002 \u63a1\u7528\u3057\u305f\u65b9\u6cd5B&amp;Company C\u00f4ng ty B\u1ea1n c\u00f3 th\u1ec3 t\u00ecm th\u1ea5y n\u00f3 \u1edf \u0111\u00e2y.\u8a2d\u8a08(\u8abf\u67fb\u8a08\u753b\u7b56\u5b9a) 4)\u8907\u6570\u306e\u5178\u578b\u7684\u306a\u4e8b\u4f8b\u3092\u62bd\u51fa 2) \u30d9\u30c8\u30ca\u30e0\u306e\u30e2\u30d0\u30a4\u30eb\u6c7a\u6e08\u5e02\u5834\u306e\u72b6\u6cc1\u3092\u5206\u6790\u3059\u308b 3)\u30d9\u30c8\u30ca\u30e0\u306e\u30e2\u30d0\u30a4\u30eb\u6c7a\u6e08\u5e02\u5834\u306e\u5c06\u6765\u52d5\u5411\u3092\u4e88\u6e2c\u3059\u308b 4)\u30d9\u30c8\u30ca\u30e0\u306e\u30e2\u30d0\u30a4\u30eb\u6c7a\u6e08\u5e02\u5834\u3067\u306e\u6226\u7565\u30b7\u30e7\u30f3\u3092\u62bd\u51fa\u3059\u308b \u56fd\u5225\u306e\u72b6\u6cc1\u3092\u30d1\u30bf\u30fc\u30f3\u5206\u3051\u3057\u30d9\u30c8\u30ca\u30e0\u306b\u9069\u3059\u308b\u4e8b\u4f8b\u3092\u62bd\u51fa\u3057\u307e\u3057\u305f\u3002 \u3067\u306f\u30d9\u30c8\u30ca\u30e0\u73fe\u5730\u8abf\u67fb\u3068\u3057\u3066\u3001\u30c7\u30b9\u30af\u30ea\u30b5\u30fc\u30c1\u3001\u653f\u5e9c\u5f53\u5c40\u3084\u4e3b\u8981\u6c7a\u6e08\u4f01\u696d\u3078\u306e\u30a4\u30f3\u30bf\u30d3\u30e5\u30fc\u3001\u5c0f\u898f\u6a21\u5c0f\u58f2\u696d\u8005\u3084\u6d88\u8cbb\u8005\u306e\u30a2\u30f3\u30b1\u30fc\u30c8\u3001\u30b0\u30eb\u30fc\u30d7\u30c7\u30a3\u30b9\u30ab\u30c3\u30b7\u30e7\u30f3\u306a\u3069\u3001\u591a\u304f\u306e\u624b\u6cd5\u3092\u7d44\u307f\u5408\u308f\u305b\u3066\u5b9f\u65bd\u3057\u307e\u3057\u305f\u3002\u5b9f\u67fb\uff08\u30d5\u30a3\u30fc\u30eb\u30c9\u30ef\u30fc\u30af\uff09 \u30d7\u30ed\u30b8\u30a7\u30af\u30c8\u30c1\u30fc\u30e0\u3092\u5c0f\u30b0\u30eb\u30fc\u30d7\u306b\u5206\u3051\u3066\u4e26\u884c\u3057\u3066\u8abf\u67fb\u3092\u5b9f\u65bd\u3002\u9031\u306b1\u5ea6\u306e\u30df\u30fc\u30c6\u30a3\u30f3\u30b0\u306b.\u5019\u88dc\u306e\u78ba\u4fdd\u306b\u306f\u793e\u5185\u5916\u306e\u4eba\u8108\u3092\u6d3b\u7528\u3057\u307e\u3057\u305f\u3002 \u30ec\u30dd\u30fc\u30c6\u30a3\u30f3\u30b0\uff08\u30b3\u30f3\u30b5\u30eb\u30c6\u30a3\u30f3\u30b0\uff09\u4e2d\u9593\u30fb\u6700\u7d42\u5831\u544a\u306b\u52a0\u3048\u3001\u9069\u5b9c\u30af\u30e9\u30a4\u30a2\u30f3\u30c8\u3068\u5f0a\u793e\u306f\u9032\u6357\u72b6\u6cc1\u3084\u5f97\u3089\u308c\u305f\u7d50\u679c\u3092\u5171\u6709\u3001\u30aa\u30fc\u30d7\u30f3\u306a\u8b70\u8ad6\u3092\u884c\u3044\u65b9\u5411\u6027\u3092\u3059\u308a\u5408\u308f\u305b\u307e\u3057\u305f\u3002\u7d50\u679c \u30b0\u30ed\u30fc\u30d0\u30eb\u306a\u30e2\u30d0\u30a4\u30eb\u6c7a\u6e08\u5e02\u5834\u306e\u72b6\u6cc1\u30fb\u5178\u578b\u4e8b\u4f8b B\u1ea1n c\u00f3 th\u1ec3 l\u00e0m \u0111i\u1ec1u \u0111\u00f3 kh\u00f4ng?\u3066\u3044\u308b\u304c\u305d\u306e\u65b9\u5411\u6027\u3092\u6c7a\u3081\u308b\u8981\u56e0\u3092\u8abf\u3079\u308b\u3068\u3001\u5404\u56fd\u306e\u91d1\u878d\u30a4\u30f3\u30d5\u30e9\u306e\u6574\u5099\u3001\u73fe\u91d1\u4ee5\u5916\u306e\u6c7a\u6e08\u65b9\u6cd5\u306e\u6d78\u900f\u3001IT\u30ea\u30c6\u30e9\u30b7\u30fc\u3001\u9700\u8981\u306a\u3069\u306b\u5fdc\u3058\u3066\u3001\u69d8\u3005\u306a\u6210\u529f\u30e2\u30c7\u30eb\u304c\u5b58\u5728\u3057\u305f\u3002\u4ee5\u4e0b\u30014\u3064\u306e\u30e2\u30c7\u30eb\u306b\u96c6\u7d04\u3067\u304d\u305f\u3002 1) \u0110\u01b0\u1ee3c cung c\u1ea5p b\u1edfi NFC:\u8ddd\u96e2\u7121\u7dda\u901a\u4fe1)\u6280\u8853\u306e\u5c0e\u5165\u30b3\u30b9\u30c8\u304c\u76f8\u5bfe\u7684\u306b\u5b89\u3044\u5148\u9032\u56fd\u3067\u591a\u3044\u3002 2) \u4e2d\u56fd\u30e2\u30c7\u30eb: Trung t\u00e2m \u0111\u00e0o t\u1ea1o\u56fd\u3067\u591a\u304f\u898b\u3089\u308c\u308b\u3002QR\u30b3\u30fc\u30c9\u304c\u3001\u4fa1\u683c\u306e\u4f4e\u3055\u3068\u6280\u8853\u306e\u7c21\u6613\u3055\u304b\u3089\u57fa\u76e4\u3068\u306a\u3063\u3066\u3044\u308b\u3002 3) EU\u30e2\u30c7\u30eb:\u9280\u884c\u3067\u63d0\u4f9b\u3055\u308c\u308b\u30b5\u30fc\u30d3\u30b9\u306e1\u3064\u3068\u3057\u3066\u30e2\u30d0\u30a4\u30eb\u6c7a\u6e08\u304c\u5e83\u304c\u3063\u305f\u3002\u9280\u884c\u306e\u666e\u53ca\u7387\u304c\u9ad8\u3044\u5148\u9032\u56fd\u3067\u591a\u304f\u898b\u3089\u308c\u308b\u3002 4) T\u00ean ti\u1ebfng Anh: MNO\uff08\u30e2\u30d0\u30a4\u30eb\u30cd\u30c3\u30c8\u30ef\u30fc\u30af\u30aa\u30da\u30ec\u30fc\u30bf\u30fc)\u304c\u30b9\u30de\u30fc\u30c8\u30d5\u30a9\u30f3\u3084\u9280\u884c\u53e3\u5ea7\u3092\u6301\u305f\u306a\u3044\u4f4e\u6240\u5f97\u5c64\u3067\u3082\u4f7f\u3048\u308b\u643a\u5e2f\u96fb\u8a71\u30d9\u30fc\u30b9\u306e\u6280\u8853\u3092\u6d3b\u7528\u3057\u305f\u30e2\u30d0\u30a4\u30eb\u6c7a\u6e08\u30b5\u30fc\u30d3\u30b9\u3092\u63d0\u4f9b\u3057\u3066\u3044\u308b\u3002\u30d9\u30c8\u30ca\u30e0\u306e\u30e2\u30d0\u30a4\u30eb\u6c7a\u6e08\u5e02\u5834\u306e\u72b6\u6cc1\u30fb\u5c06\u6765\u52d5\u5411 \u63a8\u9032\u8981\u56e0:\u82e5\u5e74\u5c64\u304c\u65b0\u3057\u3044\u6280\u8853\u306b\u9069\u5fdc\u3057\u3066\u3044\u3066\u3001\u30b9\u30de\u30fc\u30c8\u30d5\u30a9\u30f3\u5229\u7528\u3084E\u30b3\u30de\u30fc\u30b9\u306e\u5b89\u5b9a\u7684\u306a\u62e1\u5927\u304c\u30e2\u30d0\u30a4\u30eb\u6c7a\u6e08\u306e\u305f\u3081\u306e\u5927\u304d\u306a\u30d7\u30e9\u30b9\u8981\u56e0\u3002\u307e\u305f\u3001\u30d9\u30c8\u30ca\u30e0\u653f\u5e9c\u306f\u975e\u73fe\u91d1\u6c7a\u6e08\u306e1\u3064\u3068\u3057\u3066\u30e2\u30d0\u30a4\u30eb\u6c7a\u6e08\u3092\u62e1\u5927\u3057\u3088\u3046\u3068\u3057\u3066\u3044\u308b\u3002 \u8ab2\u984c: B\u1ea1n c\u00f3 th\u1ec3 l\u00e0m \u0111i\u1ec1u \u0111\u00f3 kh\u00f4ng? B\u1ea1n c\u00f3 th\u1ec3 l\u00e0m \u0111i\u1ec1u \u0111\u00f3 b\u1eb1ng c\u00e1ch s\u1eed d\u1ee5ng n\u00f3.","protected":false},"author":1,"featured_media":0,"parent":0,"menu_order":0,"comment_status":"closed","ping_status":"closed","template":"","meta":[],"yoast_head":"<!-- This site is optimized with the Yoast SEO Premium plugin v15.1.2 - https:\/\/yoast.com\/wordpress\/plugins\/seo\/ -->\n<title>Project 2 - B-Company<\/title>\n<meta name=\"robots\" content=\"index, follow, max-snippet:-1, max-image-preview:large, max-video-preview:-1\" \/>\n<link rel=\"canonical\" href=\"https:\/\/b-company.jp\/vi\/project2\/\" \/>\n<meta property=\"og:locale\" content=\"vi_VN\" \/>\n<meta property=\"og:type\" content=\"article\" \/>\n<meta property=\"og:title\" content=\"Project 2 - B-Company\" \/>\n<meta property=\"og:url\" content=\"https:\/\/b-company.jp\/vi\/project2\/\" \/>\n<meta property=\"og:site_name\" content=\"B-Company\" \/>\n<meta property=\"article:modified_time\" content=\"2020-06-25T03:19:16+00:00\" \/>\n<meta name=\"twitter:card\" content=\"summary_large_image\" \/>\n<script type=\"application\/ld+json\" class=\"yoast-schema-graph\">{\"@context\":\"https:\/\/schema.org\",\"@graph\":[{\"@type\":\"WebSite\",\"@id\":\"https:\/\/b-company.jp\/vi\/#website\",\"url\":\"https:\/\/b-company.jp\/vi\/\",\"name\":\"B-Company\",\"description\":\"Vietnam Market Research &amp; Investment Consulting\",\"potentialAction\":[{\"@type\":\"SearchAction\",\"target\":\"https:\/\/b-company.jp\/vi\/?s={search_term_string}\",\"query-input\":\"required name=search_term_string\"}],\"inLanguage\":\"vi\"},{\"@type\":\"WebPage\",\"@id\":\"https:\/\/b-company.jp\/project2\/#webpage\",\"url\":\"https:\/\/b-company.jp\/project2\/\",\"name\":\"Project 2 - B-Company\",\"isPartOf\":{\"@id\":\"https:\/\/b-company.jp\/vi\/#website\"},\"datePublished\":\"2017-07-17T12:08:18+00:00\",\"dateModified\":\"2020-06-25T03:19:16+00:00\",\"inLanguage\":\"vi\",\"potentialAction\":[{\"@type\":\"ReadAction\",\"target\":[\"https:\/\/b-company.jp\/project2\/\"]}]}]}<\/script>\n<!-- \/ Yoast SEO Premium plugin. -->","_links":{"self":[{"href":"https:\/\/b-company.jp\/vi\/wp-json\/wp\/v2\/pages\/209"}],"collection":[{"href":"https:\/\/b-company.jp\/vi\/wp-json\/wp\/v2\/pages"}],"about":[{"href":"https:\/\/b-company.jp\/vi\/wp-json\/wp\/v2\/types\/page"}],"author":[{"embeddable":true,"href":"https:\/\/b-company.jp\/vi\/wp-json\/wp\/v2\/users\/1"}],"replies":[{"embeddable":true,"href":"https:\/\/b-company.jp\/vi\/wp-json\/wp\/v2\/comments?post=209"}],"version-history":[{"count":0,"href":"https:\/\/b-company.jp\/vi\/wp-json\/wp\/v2\/pages\/209\/revisions"}],"wp:attachment":[{"href":"https:\/\/b-company.jp\/vi\/wp-json\/wp\/v2\/media?parent=209"}],"curies":[{"name":"wp","href":"https:\/\/api.w.org\/{rel}","templated":true}]}}