{"id":20293,"date":"2025-03-18T22:49:46","date_gmt":"2025-03-18T15:49:46","guid":{"rendered":"https:\/\/b-company.jp\/?page_id=20293"},"modified":"2025-05-28T15:22:35","modified_gmt":"2025-05-28T08:22:35","slug":"newsletter-subscription","status":"publish","type":"page","link":"https:\/\/b-company.jp\/vi\/newsletter-subscription\/","title":{"rendered":"\u0110\u0103ng k\u00fd nh\u1eadn b\u1ea3n tin"},"content":{"rendered":"<div class=\"vc_row wpb_row vc_row-fluid\"><div class=\"wpb_column vc_column_container vc_col-sm-12\"><div class=\"vc_column-inner\"><div class=\"wpb_wrapper\">\n\t<div class=\"wpb_text_column wpb_content_element\" >\n\t\t<div class=\"wpb_wrapper\">\n\t\t\t<h3>\n\n\t\t<\/div>\n\t<\/div>\n<\/div><\/div><\/div><\/div><div class=\"vc_row wpb_row vc_row-fluid\"><div class=\"wpb_column vc_column_container vc_col-sm-12\"><div class=\"vc_column-inner\"><div class=\"wpb_wrapper\">\n\t<div class=\"wpb_text_column wpb_content_element\" >\n\t\t<div class=\"wpb_wrapper\">\n\t\t\t<p><strong>\u0110\u0103ng k\u00fd nh\u1eadn B\u1ea3n tin B&amp;Company \u2013 C\u1eadp nh\u1eadt th\u00f4ng tin th\u1ecb tr\u01b0\u1eddng t\u1ea1i Vi\u1ec7t Nam<\/strong><\/h3>\n<p>\u0110\u01b0\u1ee3c th\u00e0nh l\u1eadp t\u1ea1i Nh\u1eadt B\u1ea3n v\u00e0o n\u0103m 2001 v\u1edbi t\u01b0 c\u00e1ch l\u00e0 m\u1ed9t trong nh\u1eefng c\u00f4ng ty nghi\u00ean c\u1ee9u th\u1ecb tr\u01b0\u1eddng v\u00e0 t\u01b0 v\u1ea5n \u0111\u1ea7u t\u01b0 Nh\u1eadt B\u1ea3n \u0111\u1ea7u ti\u00ean t\u1ea1i Vi\u1ec7t Nam, B&amp;Company \u0111\u00e3 h\u1ed7 tr\u1ee3 kh\u00e1ch h\u00e0ng trong nhi\u1ec1u l\u0129nh v\u1ef1c \u0111\u01b0a ra quy\u1ebft \u0111\u1ecbnh \u0111\u1ea7u t\u01b0 chi\u1ebfn l\u01b0\u1ee3c. Hi\u1ec7n t\u1ea1i, B&amp;Company th\u01b0\u1eddng xuy\u00ean xu\u1ea5t b\u1ea3n c\u00e1c b\u00e0i vi\u1ebft tr\u00ean <span style=\"text-decoration: underline;\"><a href=\"https:\/\/b-company.jp\/vi\/news\/\">trang web c\u00f4ng ty<\/a><\/span> cung c\u1ea5p th\u00f4ng tin th\u1ecb tr\u01b0\u1eddng mi\u1ec5n ph\u00ed t\u1ea1i Vi\u1ec7t Nam.<\/p>\n<p>B\u1eb1ng c\u00e1ch \u0111\u0103ng k\u00fd v\u00e0o <strong>B\u1ea3n tin B&amp;Company<\/strong>, b\u1ea1n s\u1ebd nh\u1eadn \u0111\u01b0\u1ee3c nh\u1eefng l\u1ee3i \u00edch c\u00f3 gi\u00e1 tr\u1ecb:<\/p>\n<p class=\"translation-block\"><strong>\u2013 C\u1eadp nh\u1eadt th\u01b0\u1eddng xuy\u00ean h\u00e0ng th\u00e1ng, mi\u1ec5n ph\u00ed<\/strong> , cung c\u1ea5p th\u00f4ng tin chi ti\u1ebft c\u00f3 gi\u00e1 tr\u1ecb v\u1ec1 nh\u1eefng ph\u00e1t tri\u1ec3n v\u00e0 xu h\u01b0\u1edbng m\u1edbi nh\u1ea5t t\u1ea1i Vi\u1ec7t Nam.<\/p>\n<p class=\"translation-block\"><strong>\u2013 Th\u00f4ng tin \u0111a d\u1ea1ng v\u1ec1 th\u1ecb tr\u01b0\u1eddng Vi\u1ec7t Nam<\/strong> bao g\u1ed3m \u0111\u00e1nh gi\u00e1 ng\u00e0nh, xu h\u01b0\u1edbng kinh t\u1ebf, danh s\u00e1ch h\u1ed9i th\u1ea3o v\u00e0 tri\u1ec3n l\u00e3m s\u1eafp t\u1edbi, v\u00e0 c\u00e1c c\u01a1 h\u1ed9i \u0111\u1ea7u t\u01b0 c\u00f3 l\u1ee3i cho c\u00e1c nh\u00e0 \u0111\u1ea7u t\u01b0 kinh doanh t\u1ea1i Vi\u1ec7t Nam<\/p>\n\n\t\t<\/div>\n\t<\/div>\n<\/div><\/div><\/div><\/div><div class=\"vc_row wpb_row vc_row-fluid bc-newsletter-subscription-iframe\"><div class=\"wpb_column vc_column_container vc_col-sm-12\"><div class=\"vc_column-inner\"><div class=\"wpb_wrapper\">\n\t<div class=\"wpb_raw_code wpb_content_element wpb_raw_html\" >\n\t\t<div class=\"wpb_wrapper\">\n\t\t\t<iframe width=\"540\" height=\"305\" src=\"https:\/\/386dc580.sibforms.com\/serve\/MUIFAJnB7HYeCkDj_WWvzcFME9oW0zyCgJMSTLOWP5mkqJlNbsjT7XGYQPP3GpiCRO3NWThiUc-UYPuH048iYGIJLystZVTHlFx_M7VcHrRkUx17v6FcD1iYkhZvh2Ar37EG7AhVPHuTpY6e0e0ZFz3cMAvn17a9zVkdvtmyktBDSvs7ssAkjNn1WE5wsjF7ZBn0X_JreD_u396C\" frameborder=\"0\" scrolling=\"auto\" allowfullscreen style=\"display: block;margin-left: auto;margin-right: auto;max-width: 100%;\"><\/iframe>\n\t\t<\/div>\n\t<\/div>\n<\/div><\/div><\/div><\/div><div class=\"vc_row wpb_row vc_row-fluid\"><div class=\"wpb_column vc_column_container vc_col-sm-12\"><div class=\"vc_column-inner\"><div class=\"wpb_wrapper\">\n\t<div class=\"wpb_text_column wpb_content_element\" >\n\t\t<div class=\"wpb_wrapper\">\n\t\t\t<p>&nbsp;<\/p>\n<p><strong><img decoding=\"async\" class=\"wp-image-20622 aligncenter\" src=\"https:\/\/b-company.jp\/wp-content\/uploads\/2025\/04\/Screenshot-2025-04-02-133924-300x214.png\" alt=\"\" width=\"642\" height=\"458\" srcset=\"https:\/\/b-company.jp\/wp-content\/uploads\/2025\/04\/Screenshot-2025-04-02-133924-300x214.png 300w, https:\/\/b-company.jp\/wp-content\/uploads\/2025\/04\/Screenshot-2025-04-02-133924-768x547.png 768w, https:\/\/b-company.jp\/wp-content\/uploads\/2025\/04\/Screenshot-2025-04-02-133924-18x12.png 18w, https:\/\/b-company.jp\/wp-content\/uploads\/2025\/04\/Screenshot-2025-04-02-133924.png 968w\" sizes=\"(max-width: 642px) 100vw, 642px\" data-no-auto-translation=\"\" \/><\/strong><\/p>\n\n\t\t<\/div>\n\t<\/div>\n<\/div><\/div><\/div><\/div>","protected":false},"excerpt":{"rendered":"\u0110\u0103ng k\u00fd nh\u1eadn B\u1ea3n tin B&amp;Company \u2013 C\u1eadp nh\u1eadt th\u00f4ng tin th\u1ecb tr\u01b0\u1eddng t\u1ea1i Vi\u1ec7t Nam \u0110\u01b0\u1ee3c th\u00e0nh l\u1eadp t\u1ea1i Nh\u1eadt B\u1ea3n v\u00e0o n\u0103m 2001 v\u1edbi t\u01b0 c\u00e1ch l\u00e0 m\u1ed9t trong nh\u1eefng c\u00f4ng ty nghi\u00ean c\u1ee9u th\u1ecb tr\u01b0\u1eddng v\u00e0 t\u01b0 v\u1ea5n \u0111\u1ea7u t\u01b0 Nh\u1eadt B\u1ea3n \u0111\u1ea7u ti\u00ean t\u1ea1i Vi\u1ec7t Nam, B&amp;Company \u0111\u00e3 h\u1ed7 tr\u1ee3 kh\u00e1ch h\u00e0ng trong nhi\u1ec1u l\u0129nh v\u1ef1c \u0111\u01b0a ra quy\u1ebft \u0111\u1ecbnh \u0111\u1ea7u t\u01b0 chi\u1ebfn l\u01b0\u1ee3c. Hi\u1ec7n t\u1ea1i, B&amp;Company th\u01b0\u1eddng xuy\u00ean xu\u1ea5t b\u1ea3n c\u00e1c b\u00e0i vi\u1ebft tr\u00ean trang web c\u1ee7a c\u00f4ng ty \u0111\u1ec3 cung c\u1ea5p th\u00f4ng tin th\u1ecb tr\u01b0\u1eddng mi\u1ec5n ph\u00ed","protected":false},"author":10,"featured_media":0,"parent":0,"menu_order":0,"comment_status":"closed","ping_status":"closed","template":"","meta":[],"yoast_head":"<!-- This site is optimized with the Yoast SEO Premium plugin v15.1.2 - https:\/\/yoast.com\/wordpress\/plugins\/seo\/ -->\n<title>Newsletter Subscription - B-Company<\/title>\n<meta name=\"robots\" content=\"index, follow, max-snippet:-1, max-image-preview:large, max-video-preview:-1\" \/>\n<link rel=\"canonical\" href=\"https:\/\/b-company.jp\/vi\/newsletter-subscription\/\" \/>\n<meta property=\"og:locale\" content=\"vi_VN\" \/>\n<meta property=\"og:type\" content=\"article\" \/>\n<meta property=\"og:title\" content=\"Newsletter Subscription - B-Company\" \/>\n<meta property=\"og:url\" content=\"https:\/\/b-company.jp\/vi\/newsletter-subscription\/\" \/>\n<meta property=\"og:site_name\" content=\"B-Company\" \/>\n<meta property=\"article:modified_time\" content=\"2025-05-28T08:22:35+00:00\" \/>\n<meta property=\"og:image\" content=\"https:\/\/b-company.jp\/wp-content\/uploads\/2025\/04\/Screenshot-2025-04-02-133924-300x214.png\" \/>\n<meta name=\"twitter:card\" content=\"summary_large_image\" \/>\n<script type=\"application\/ld+json\" class=\"yoast-schema-graph\">{\"@context\":\"https:\/\/schema.org\",\"@graph\":[{\"@type\":\"WebSite\",\"@id\":\"https:\/\/b-company.jp\/vi\/#website\",\"url\":\"https:\/\/b-company.jp\/vi\/\",\"name\":\"B-Company\",\"description\":\"Vietnam Market Research &amp; Investment Consulting\",\"potentialAction\":[{\"@type\":\"SearchAction\",\"target\":\"https:\/\/b-company.jp\/vi\/?s={search_term_string}\",\"query-input\":\"required name=search_term_string\"}],\"inLanguage\":\"vi\"},{\"@type\":\"ImageObject\",\"@id\":\"https:\/\/b-company.jp\/newsletter-subscription\/#primaryimage\",\"inLanguage\":\"vi\",\"url\":\"https:\/\/b-company.jp\/wp-content\/uploads\/2025\/04\/Screenshot-2025-04-02-133924.png\",\"width\":968,\"height\":690},{\"@type\":\"WebPage\",\"@id\":\"https:\/\/b-company.jp\/newsletter-subscription\/#webpage\",\"url\":\"https:\/\/b-company.jp\/newsletter-subscription\/\",\"name\":\"Newsletter Subscription - B-Company\",\"isPartOf\":{\"@id\":\"https:\/\/b-company.jp\/vi\/#website\"},\"primaryImageOfPage\":{\"@id\":\"https:\/\/b-company.jp\/newsletter-subscription\/#primaryimage\"},\"datePublished\":\"2025-03-18T15:49:46+00:00\",\"dateModified\":\"2025-05-28T08:22:35+00:00\",\"inLanguage\":\"vi\",\"potentialAction\":[{\"@type\":\"ReadAction\",\"target\":[\"https:\/\/b-company.jp\/newsletter-subscription\/\"]}]}]}<\/script>\n<!-- \/ Yoast SEO Premium plugin. -->","_links":{"self":[{"href":"https:\/\/b-company.jp\/vi\/wp-json\/wp\/v2\/pages\/20293"}],"collection":[{"href":"https:\/\/b-company.jp\/vi\/wp-json\/wp\/v2\/pages"}],"about":[{"href":"https:\/\/b-company.jp\/vi\/wp-json\/wp\/v2\/types\/page"}],"author":[{"embeddable":true,"href":"https:\/\/b-company.jp\/vi\/wp-json\/wp\/v2\/users\/10"}],"replies":[{"embeddable":true,"href":"https:\/\/b-company.jp\/vi\/wp-json\/wp\/v2\/comments?post=20293"}],"version-history":[{"count":16,"href":"https:\/\/b-company.jp\/vi\/wp-json\/wp\/v2\/pages\/20293\/revisions"}],"predecessor-version":[{"id":21558,"href":"https:\/\/b-company.jp\/vi\/wp-json\/wp\/v2\/pages\/20293\/revisions\/21558"}],"wp:attachment":[{"href":"https:\/\/b-company.jp\/vi\/wp-json\/wp\/v2\/media?parent=20293"}],"curies":[{"name":"wp","href":"https:\/\/api.w.org\/{rel}","templated":true}]}}