{"id":18716,"date":"2024-12-13T22:07:48","date_gmt":"2024-12-13T15:07:48","guid":{"rendered":"https:\/\/b-company.jp\/?page_id=18716"},"modified":"2024-12-13T22:14:04","modified_gmt":"2024-12-13T15:14:04","slug":"thank-you","status":"publish","type":"page","link":"https:\/\/b-company.jp\/vi\/thank-you\/","title":{"rendered":"C\u1ea3m \u01a1n"},"content":{"rendered":"<div class=\"vc_row wpb_row vc_row-fluid\"><div class=\"wpb_column vc_column_container vc_col-sm-12\"><div class=\"vc_column-inner\"><div class=\"wpb_wrapper\">\n\t<div class=\"wpb_text_column wpb_content_element\" >\n\t\t<div class=\"wpb_wrapper\">\n\t\t\t<p><span style=\"color: #7f7f7f; font-size: 12pt;\">C\u1ea3m \u01a1n b\u1ea1n \u0111\u00e3 li\u00ean h\u1ec7 v\u1edbi ch\u00fang t\u00f4i. Ng\u01b0\u1eddi ph\u1ee5 tr\u00e1ch c\u1ee7a ch\u00fang t\u00f4i s\u1ebd li\u00ean h\u1ec7 v\u1edbi b\u1ea1n s\u1edbm nh\u1ea5t c\u00f3 th\u1ec3.<\/span><br \/>\n<span style=\"color: #7f7f7f; font-size: 12pt;\">N\u1ebfu b\u1ea1n c\u1ea7n x\u00e1c nh\u1eadn nhanh, vui l\u00f2ng li\u00ean h\u1ec7: (84) 24 3978 5165<\/span><\/p>\n\n\t\t<\/div>\n\t<\/div>\n<div class=\"vc_empty_space\"   style=\"height: 80px\"><span class=\"vc_empty_space_inner\"><\/span><\/div><\/div><\/div><\/div><\/div>","protected":false},"excerpt":{"rendered":"C\u1ea3m \u01a1n b\u1ea1n \u0111\u00e3 li\u00ean h\u1ec7 v\u1edbi ch\u00fang t\u00f4i. Ng\u01b0\u1eddi ph\u1ee5 tr\u00e1ch c\u1ee7a ch\u00fang t\u00f4i s\u1ebd li\u00ean h\u1ec7 v\u1edbi b\u1ea1n s\u1edbm nh\u1ea5t c\u00f3 th\u1ec3. N\u1ebfu b\u1ea1n c\u1ea7n x\u00e1c nh\u1eadn nhanh, vui l\u00f2ng li\u00ean h\u1ec7: (84) 24 3978 5165","protected":false},"author":10,"featured_media":0,"parent":0,"menu_order":0,"comment_status":"closed","ping_status":"closed","template":"","meta":{"footnotes":""},"class_list":["post-18716","page","type-page","status-publish","hentry"],"yoast_head":"<!-- This site is optimized with the Yoast SEO Premium plugin v26.4 (Yoast SEO v26.4) - https:\/\/yoast.com\/wordpress\/plugins\/seo\/ -->\n<title>Thank you - B-Company<\/title>\n<meta name=\"robots\" content=\"index, follow, max-snippet:-1, max-image-preview:large, max-video-preview:-1\" \/>\n<link rel=\"canonical\" href=\"https:\/\/b-company.jp\/vi\/thank-you\/\" \/>\n<meta property=\"og:locale\" content=\"vi_VN\" \/>\n<meta property=\"og:type\" content=\"article\" \/>\n<meta property=\"og:title\" content=\"Thank you\" \/>\n<meta property=\"og:url\" content=\"https:\/\/b-company.jp\/vi\/thank-you\/\" \/>\n<meta property=\"og:site_name\" content=\"B-Company\" \/>\n<meta property=\"article:modified_time\" content=\"2024-12-13T15:14:04+00:00\" \/>\n<meta name=\"twitter:card\" content=\"summary_large_image\" \/>\n<script type=\"application\/ld+json\" class=\"yoast-schema-graph\">{\"@context\":\"https:\/\/schema.org\",\"@graph\":[{\"@type\":\"WebPage\",\"@id\":\"https:\/\/b-company.jp\/ja\/thank-you\/\",\"url\":\"https:\/\/b-company.jp\/ja\/thank-you\/\",\"name\":\"Thank you - B-Company\",\"isPartOf\":{\"@id\":\"https:\/\/b-company.jp\/vi\/#website\"},\"datePublished\":\"2024-12-13T15:07:48+00:00\",\"dateModified\":\"2024-12-13T15:14:04+00:00\",\"inLanguage\":\"vi\",\"potentialAction\":[{\"@type\":\"ReadAction\",\"target\":[\"https:\/\/b-company.jp\/ja\/thank-you\/\"]}]},{\"@type\":\"WebSite\",\"@id\":\"https:\/\/b-company.jp\/vi\/#website\",\"url\":\"https:\/\/b-company.jp\/vi\/\",\"name\":\"B-Company\",\"description\":\"Vietnam Market Research &amp; Investment Consulting\",\"potentialAction\":[{\"@type\":\"SearchAction\",\"target\":{\"@type\":\"EntryPoint\",\"urlTemplate\":\"https:\/\/b-company.jp\/vi\/?s={search_term_string}\"},\"query-input\":{\"@type\":\"PropertyValueSpecification\",\"valueRequired\":true,\"valueName\":\"search_term_string\"}}],\"inLanguage\":\"vi\"}]}<\/script>\n<!-- \/ Yoast SEO Premium plugin. -->","yoast_head_json":{"title":"C\u1ea3m \u01a1n - B-Company","robots":{"index":"index","follow":"follow","max-snippet":"max-snippet:-1","max-image-preview":"max-image-preview:large","max-video-preview":"max-video-preview:-1"},"canonical":"https:\/\/b-company.jp\/vi\/thank-you\/","og_locale":"vi_VN","og_type":"article","og_title":"Thank you","og_url":"https:\/\/b-company.jp\/vi\/thank-you\/","og_site_name":"B-Company","article_modified_time":"2024-12-13T15:14:04+00:00","twitter_card":"summary_large_image","schema":{"@context":"https:\/\/schema.org","@graph":[{"@type":"WebPage","@id":"https:\/\/b-company.jp\/ja\/thank-you\/","url":"https:\/\/b-company.jp\/ja\/thank-you\/","name":"C\u1ea3m \u01a1n - B-Company","isPartOf":{"@id":"https:\/\/b-company.jp\/vi\/#website"},"datePublished":"2024-12-13T15:07:48+00:00","dateModified":"2024-12-13T15:14:04+00:00","inLanguage":"vi","potentialAction":[{"@type":"ReadAction","target":["https:\/\/b-company.jp\/ja\/thank-you\/"]}]},{"@type":"WebSite","@id":"https:\/\/b-company.jp\/vi\/#website","url":"https:\/\/b-company.jp\/vi\/","name":"C\u00f4ng ty B","description":"Nghi\u00ean c\u1ee9u th\u1ecb tr\u01b0\u1eddng &amp; T\u01b0 v\u1ea5n \u0111\u1ea7u t\u01b0 Vi\u1ec7t Nam","potentialAction":[{"@type":"SearchAction","target":{"@type":"EntryPoint","urlTemplate":"https:\/\/b-company.jp\/vi\/?s={search_term_string}"},"query-input":{"@type":"PropertyValueSpecification","valueRequired":true,"valueName":"search_term_string"}}],"inLanguage":"vi"}]}},"_links":{"self":[{"href":"https:\/\/b-company.jp\/vi\/wp-json\/wp\/v2\/pages\/18716","targetHints":{"allow":["GET"]}}],"collection":[{"href":"https:\/\/b-company.jp\/vi\/wp-json\/wp\/v2\/pages"}],"about":[{"href":"https:\/\/b-company.jp\/vi\/wp-json\/wp\/v2\/types\/page"}],"author":[{"embeddable":true,"href":"https:\/\/b-company.jp\/vi\/wp-json\/wp\/v2\/users\/10"}],"replies":[{"embeddable":true,"href":"https:\/\/b-company.jp\/vi\/wp-json\/wp\/v2\/comments?post=18716"}],"version-history":[{"count":7,"href":"https:\/\/b-company.jp\/vi\/wp-json\/wp\/v2\/pages\/18716\/revisions"}],"predecessor-version":[{"id":18723,"href":"https:\/\/b-company.jp\/vi\/wp-json\/wp\/v2\/pages\/18716\/revisions\/18723"}],"wp:attachment":[{"href":"https:\/\/b-company.jp\/vi\/wp-json\/wp\/v2\/media?parent=18716"}],"curies":[{"name":"wp","href":"https:\/\/api.w.org\/{rel}","templated":true}]}}