{"id":14075,"date":"2024-06-07T15:56:14","date_gmt":"2024-06-07T08:56:14","guid":{"rendered":"https:\/\/b-company.jp\/?page_id=14075"},"modified":"2024-09-13T20:34:31","modified_gmt":"2024-09-13T13:34:31","slug":"privacy-statement","status":"publish","type":"page","link":"https:\/\/b-company.jp\/vi\/privacy-statement\/","title":{"rendered":"Tuy\u00ean b\u1ed1 v\u1ec1 quy\u1ec1n ri\u00eang t\u01b0"},"content":{"rendered":"<div class=\"vc_row wpb_row vc_row-fluid\"><div class=\"wpb_column vc_column_container vc_col-sm-12\"><div class=\"vc_column-inner\"><div class=\"wpb_wrapper\">\n\t<div class=\"wpb_text_column wpb_content_element  wpb_animate_when_almost_visible wpb_fadeIn fadeIn\" >\n\t\t<div class=\"wpb_wrapper\">\n\t\t\t<p>B&amp;Company Inc (sau \u0111\u00e2y g\u1ecdi l\u00e0 \u201cc\u00f4ng ty ch\u00fang t\u00f4i\u201d) x\u1eed l\u00fd c\u00e1c th\u00f4ng tin c\u00e1 nh\u00e2n sau \u0111\u00e2y c\u1ee7a ng\u01b0\u1eddi d\u00f9ng trong c\u00e1c d\u1ecbch v\u1ee5 \u0111\u01b0\u1ee3c cung c\u1ea5p tr\u00ean trang web n\u00e0y (sau \u0111\u00e2y g\u1ecdi l\u00e0 \u201cd\u1ecbch v\u1ee5 n\u00e0y\u201d). Theo \u0111\u00f3, ch\u00fang t\u00f4i \u0111\u00e3 thi\u1ebft l\u1eadp ch\u00ednh s\u00e1ch b\u1ea3o m\u1eadt (sau \u0111\u00e2y g\u1ecdi l\u00e0 \u201cch\u00ednh s\u00e1ch n\u00e0y\u201d).<\/p>\n\n\t\t<\/div>\n\t<\/div>\n<h2 style=\"text-align: center\" class=\"vc_custom_heading wpb_animate_when_almost_visible wpb_fadeIn fadeIn\" >Gi\u1ea3i th\u00edch v\u00e0 \u0110\u1ecbnh ngh\u0129a<\/h2><\/div><\/div><\/div><\/div><div class=\"vc_row wpb_row vc_row-fluid\"><div class=\"wpb_column vc_column_container vc_col-sm-12\"><div class=\"vc_column-inner\"><div class=\"wpb_wrapper\"><h3 style=\"text-align: left\" class=\"vc_custom_heading wpb_animate_when_almost_visible wpb_fadeIn fadeIn\" >\u0110i\u1ec1u 1 (Th\u00f4ng tin c\u00e1 nh\u00e2n)<\/h3>\n\t<div class=\"wpb_text_column wpb_content_element  wpb_animate_when_almost_visible wpb_fadeIn fadeIn\" >\n\t\t<div class=\"wpb_wrapper\">\n\t\t\t<p>B&amp;Company Inc (sau \u0111\u00e2y g\u1ecdi l\u00e0 \u201cc\u00f4ng ty ch\u00fang t\u00f4i\u201d) x\u1eed l\u00fd c\u00e1c th\u00f4ng tin c\u00e1 nh\u00e2n sau \u0111\u00e2y c\u1ee7a ng\u01b0\u1eddi d\u00f9ng trong c\u00e1c d\u1ecbch v\u1ee5 \u0111\u01b0\u1ee3c cung c\u1ea5p tr\u00ean trang web n\u00e0y (sau \u0111\u00e2y g\u1ecdi l\u00e0 \u201cd\u1ecbch v\u1ee5 n\u00e0y\u201d). Theo \u0111\u00f3, ch\u00fang t\u00f4i \u0111\u00e3 thi\u1ebft l\u1eadp ch\u00ednh s\u00e1ch b\u1ea3o m\u1eadt (sau \u0111\u00e2y g\u1ecdi l\u00e0 \u201cch\u00ednh s\u00e1ch n\u00e0y\u201d).<\/p>\n\n\t\t<\/div>\n\t<\/div>\n<\/div><\/div><\/div><\/div><div class=\"vc_row wpb_row vc_row-fluid\"><div class=\"wpb_column vc_column_container vc_col-sm-12\"><div class=\"vc_column-inner\"><div class=\"wpb_wrapper\"><h3 style=\"text-align: left\" class=\"vc_custom_heading wpb_animate_when_almost_visible wpb_fadeIn fadeIn\" >\u0110i\u1ec1u 3 (M\u1ee5c \u0111\u00edch thu th\u1eadp v\u00e0 s\u1eed d\u1ee5ng th\u00f4ng tin c\u00e1 nh\u00e2n)<\/h3>\n\t<div class=\"wpb_text_column wpb_content_element  wpb_animate_when_almost_visible wpb_fadeIn fadeIn\" >\n\t\t<div class=\"wpb_wrapper\">\n\t\t\t<p>C\u00e1c m\u1ee5c \u0111\u00edch ch\u00fang t\u00f4i thu th\u1eadp v\u00e0 s\u1eed d\u1ee5ng th\u00f4ng tin c\u00e1 nh\u00e2n nh\u01b0 sau:<\/p>\n<p>\u0110\u1ec3 cung c\u1ea5p v\u00e0 v\u1eadn h\u00e0nh c\u00e1c d\u1ecbch v\u1ee5 c\u1ee7a ch\u00fang t\u00f4i<br \/>\n\u0110\u1ec3 tr\u1ea3 l\u1eddi c\u00e1c c\u00e2u h\u1ecfi c\u1ee7a ng\u01b0\u1eddi d\u00f9ng (bao g\u1ed3m x\u00e1c minh danh t\u00ednh)<br \/>\nG\u1eedi email v\u1ec1 c\u00e1c t\u00ednh n\u0103ng m\u1edbi, c\u1eadp nh\u1eadt, chi\u1ebfn d\u1ecbch, v.v. c\u1ee7a d\u1ecbch v\u1ee5 m\u00e0 ng\u01b0\u1eddi d\u00f9ng \u0111ang s\u1eed d\u1ee5ng v\u00e0 c\u00e1c d\u1ecbch v\u1ee5 kh\u00e1c do C\u00f4ng ty cung c\u1ea5p<br \/>\n\u0110\u1ec3 li\u00ean h\u1ec7 v\u1edbi b\u1ea1n khi c\u1ea7n thi\u1ebft cho vi\u1ec7c b\u1ea3o tr\u00ec, th\u00f4ng b\u00e1o quan tr\u1ecdng, v.v.<br \/>\n\u0110\u1ec3 x\u00e1c \u0111\u1ecbnh ng\u01b0\u1eddi d\u00f9ng vi ph\u1ea1m c\u00e1c \u0111i\u1ec1u kho\u1ea3n s\u1eed d\u1ee5ng ho\u1eb7c c\u1ed1 g\u1eafng s\u1eed d\u1ee5ng d\u1ecbch v\u1ee5 cho m\u1ee5c \u0111\u00edch gian l\u1eadn ho\u1eb7c v\u00f4 l\u00fd v\u00e0 t\u1eeb ch\u1ed1i vi\u1ec7c h\u1ecd s\u1eed d\u1ee5ng d\u1ecbch v\u1ee5<br \/>\nCho ph\u00e9p ng\u01b0\u1eddi d\u00f9ng xem, thay \u0111\u1ed5i, x\u00f3a v\u00e0 ki\u1ec3m tra tr\u1ea1ng th\u00e1i s\u1eed d\u1ee5ng th\u00f4ng tin \u0111\u00e3 \u0111\u0103ng k\u00fd c\u1ee7a h\u1ecd<br \/>\n\u0110\u1ec3 t\u00ednh ph\u00ed ng\u01b0\u1eddi d\u00f9ng cho c\u00e1c d\u1ecbch v\u1ee5 tr\u1ea3 ph\u00ed<br \/>\nCho c\u00e1c m\u1ee5c \u0111\u00edch ng\u1eabu nhi\u00ean v\u1edbi c\u00e1c m\u1ee5c \u0111\u00edch tr\u00ean<\/p>\n\n\t\t<\/div>\n\t<\/div>\n<\/div><\/div><\/div><\/div><div class=\"vc_row wpb_row vc_row-fluid\"><div class=\"wpb_column vc_column_container vc_col-sm-12\"><div class=\"vc_column-inner\"><div class=\"wpb_wrapper\"><h3 style=\"text-align: left\" class=\"vc_custom_heading wpb_animate_when_almost_visible wpb_fadeIn fadeIn\" >\u0110i\u1ec1u 2 (Ph\u01b0\u01a1ng ph\u00e1p thu th\u1eadp th\u00f4ng tin c\u00e1 nh\u00e2n)<\/h3>\n\t<div class=\"wpb_text_column wpb_content_element  wpb_animate_when_almost_visible wpb_fadeIn fadeIn\" >\n\t\t<div class=\"wpb_wrapper\">\n\t\t\t<p>Ch\u00fang t\u00f4i c\u00f3 th\u1ec3 y\u00eau c\u1ea7u th\u00f4ng tin c\u00e1 nh\u00e2n nh\u01b0 t\u00ean, ng\u00e0y sinh, \u0111\u1ecba ch\u1ec9, s\u1ed1 \u0111i\u1ec7n tho\u1ea1i, \u0111\u1ecba ch\u1ec9 email, s\u1ed1 t\u00e0i kho\u1ea3n ng\u00e2n h\u00e0ng, s\u1ed1 th\u1ebb t\u00edn d\u1ee5ng, s\u1ed1 gi\u1ea5y ph\u00e9p l\u00e1i xe khi ng\u01b0\u1eddi d\u00f9ng \u0111\u0103ng k\u00fd s\u1eed d\u1ee5ng d\u1ecbch v\u1ee5. Ngo\u00e0i ra, th\u00f4ng tin li\u00ean quan \u0111\u1ebfn h\u1ed3 s\u01a1 giao d\u1ecbch v\u00e0 thanh to\u00e1n gi\u1eefa ng\u01b0\u1eddi d\u00f9ng v\u00e0 \u0111\u1ed1i t\u00e1c kinh doanh c\u1ee7a ch\u00fang t\u00f4i, bao g\u1ed3m th\u00f4ng tin c\u00e1 nh\u00e2n c\u1ee7a ng\u01b0\u1eddi d\u00f9ng, c\u00f3 th\u1ec3 \u0111\u01b0\u1ee3c thu th\u1eadp t\u1eeb &quot;\u0111\u1ed1i t\u00e1c&quot; nh\u01b0 nh\u00e0 cung c\u1ea5p th\u00f4ng tin, nh\u00e0 qu\u1ea3ng c\u00e1o v\u00e0 \u0111i\u1ec3m \u0111\u1ebfn ph\u00e2n ph\u1ed1i qu\u1ea3ng c\u00e1o.<\/p>\n\n\t\t<\/div>\n\t<\/div>\n<\/div><\/div><\/div><\/div><div class=\"vc_row wpb_row vc_row-fluid\"><div class=\"wpb_column vc_column_container vc_col-sm-12\"><div class=\"vc_column-inner\"><div class=\"wpb_wrapper\"><h3 style=\"text-align: left\" class=\"vc_custom_heading wpb_animate_when_almost_visible wpb_fadeIn fadeIn\" >\u0110i\u1ec1u 4 (Thay \u0111\u1ed5i m\u1ee5c \u0111\u00edch s\u1eed d\u1ee5ng)<\/h3>\n\t<div class=\"wpb_text_column wpb_content_element  wpb_animate_when_almost_visible wpb_fadeIn fadeIn\" >\n\t\t<div class=\"wpb_wrapper\">\n\t\t\t<p>C\u00f4ng ty ch\u1ec9 thay \u0111\u1ed5i m\u1ee5c \u0111\u00edch s\u1eed d\u1ee5ng th\u00f4ng tin c\u00e1 nh\u00e2n khi c\u00f3 l\u00fd do h\u1ee3p l\u00fd \u0111\u1ec3 c\u00f4ng nh\u1eadn r\u1eb1ng m\u1ee5c \u0111\u00edch m\u1edbi c\u00f3 li\u00ean quan \u0111\u1ebfn m\u1ee5c \u0111\u00edch ban \u0111\u1ea7u tr\u01b0\u1edbc khi thay \u0111\u1ed5i. N\u1ebfu m\u1ee5c \u0111\u00edch s\u1eed d\u1ee5ng thay \u0111\u1ed5i, m\u1ee5c \u0111\u00edch m\u1edbi s\u1ebd \u0111\u01b0\u1ee3c th\u00f4ng b\u00e1o cho ng\u01b0\u1eddi d\u00f9ng ho\u1eb7c c\u00f4ng b\u1ed1 tr\u00ean trang web n\u00e0y theo ph\u01b0\u01a1ng th\u1ee9c do C\u00f4ng ty quy \u0111\u1ecbnh.<\/p>\n\n\t\t<\/div>\n\t<\/div>\n<\/div><\/div><\/div><\/div><div class=\"vc_row wpb_row vc_row-fluid\"><div class=\"wpb_column vc_column_container vc_col-sm-12\"><div class=\"vc_column-inner\"><div class=\"wpb_wrapper\"><h3 style=\"text-align: left\" class=\"vc_custom_heading wpb_animate_when_almost_visible wpb_fadeIn fadeIn\" >\u0110i\u1ec1u 5 (Cung c\u1ea5p th\u00f4ng tin c\u00e1 nh\u00e2n cho b\u00ean th\u1ee9 ba)<\/h3>\n\t<div class=\"wpb_text_column wpb_content_element  wpb_animate_when_almost_visible wpb_fadeIn fadeIn\" >\n\t\t<div class=\"wpb_wrapper\">\n\t\t\t<p>A- Ch\u00fang t\u00f4i s\u1ebd kh\u00f4ng cung c\u1ea5p th\u00f4ng tin c\u00e1 nh\u00e2n cho b\u00ean th\u1ee9 ba m\u00e0 kh\u00f4ng c\u00f3 s\u1ef1 \u0111\u1ed3ng \u00fd tr\u01b0\u1edbc c\u1ee7a ng\u01b0\u1eddi d\u00f9ng, ngo\u1ea1i tr\u1eeb c\u00e1c tr\u01b0\u1eddng h\u1ee3p sau. Tuy nhi\u00ean, \u0111i\u1ec1u n\u00e0y kh\u00f4ng \u00e1p d\u1ee5ng khi \u0111\u01b0\u1ee3c Lu\u1eadt b\u1ea3o v\u1ec7 th\u00f4ng tin c\u00e1 nh\u00e2n v\u00e0 c\u00e1c lu\u1eadt v\u00e0 quy \u0111\u1ecbnh kh\u00e1c cho ph\u00e9p.<\/p>\n<p>Khi c\u1ea7n ph\u1ea3i b\u1ea3o v\u1ec7 t\u00ednh m\u1ea1ng, c\u01a1 th\u1ec3 ho\u1eb7c t\u00e0i s\u1ea3n c\u1ee7a m\u1ed9t ng\u01b0\u1eddi v\u00e0 kh\u00f3 c\u00f3 \u0111\u01b0\u1ee3c s\u1ef1 \u0111\u1ed3ng \u00fd c\u1ee7a ng\u01b0\u1eddi \u0111\u00f3<br \/>\nKhi \u0111\u1eb7c bi\u1ec7t c\u1ea7n thi\u1ebft \u0111\u1ec3 c\u1ea3i thi\u1ec7n s\u1ee9c kh\u1ecfe c\u1ed9ng \u0111\u1ed3ng ho\u1eb7c th\u00fac \u0111\u1ea9y s\u1ef1 ph\u00e1t tri\u1ec3n l\u00e0nh m\u1ea1nh c\u1ee7a tr\u1ebb em v\u00e0 kh\u00f3 c\u00f3 \u0111\u01b0\u1ee3c s\u1ef1 \u0111\u1ed3ng \u00fd c\u1ee7a ng\u01b0\u1eddi \u0111\u00f3<br \/>\nKhi c\u1ea7n thi\u1ebft cho m\u1ed9t t\u1ed5 ch\u1ee9c qu\u1ed1c gia, m\u1ed9t c\u01a1 quan c\u00f4ng quy\u1ec1n \u0111\u1ecba ph\u01b0\u01a1ng ho\u1eb7c m\u1ed9t ng\u01b0\u1eddi \u0111\u01b0\u1ee3c h\u1ecd \u1ee7y quy\u1ec1n h\u1ee3p t\u00e1c th\u1ef1c hi\u1ec7n c\u00e1c nhi\u1ec7m v\u1ee5 theo quy \u0111\u1ecbnh c\u1ee7a ph\u00e1p lu\u1eadt v\u00e0 vi\u1ec7c c\u00f3 \u0111\u01b0\u1ee3c s\u1ef1 \u0111\u1ed3ng \u00fd c\u1ee7a ng\u01b0\u1eddi \u0111\u00f3 c\u00f3 th\u1ec3 g\u00e2y tr\u1edf ng\u1ea1i cho vi\u1ec7c th\u1ef1c hi\u1ec7n c\u00e1c nhi\u1ec7m v\u1ee5 \u0111\u00f3<br \/>\nKhi c\u00e1c v\u1ea5n \u0111\u1ec1 sau \u0111\u00e2y \u0111\u00e3 \u0111\u01b0\u1ee3c th\u00f4ng b\u00e1o ho\u1eb7c c\u00f4ng b\u1ed1 tr\u01b0\u1edbc v\u00e0 C\u00f4ng ty \u0111\u00e3 th\u00f4ng b\u00e1o cho \u1ee6y ban B\u1ea3o v\u1ec7 Th\u00f4ng tin C\u00e1 nh\u00e2n:<br \/>\nBao g\u1ed3m vi\u1ec7c cung c\u1ea5p cho b\u00ean th\u1ee9 ba trong m\u1ee5c \u0111\u00edch s\u1eed d\u1ee5ng<br \/>\nC\u00e1c m\u1ee5c d\u1eef li\u1ec7u \u0111\u01b0\u1ee3c cung c\u1ea5p cho b\u00ean th\u1ee9 ba<br \/>\nPh\u01b0\u01a1ng ti\u1ec7n ho\u1eb7c ph\u01b0\u01a1ng ph\u00e1p cung c\u1ea5p cho b\u00ean th\u1ee9 ba<br \/>\nNg\u1eebng cung c\u1ea5p th\u00f4ng tin c\u00e1 nh\u00e2n cho b\u00ean th\u1ee9 ba theo y\u00eau c\u1ea7u c\u1ee7a ng\u01b0\u1eddi \u0111\u00f3<br \/>\nL\u00e0m th\u1ebf n\u00e0o \u0111\u1ec3 ch\u1ea5p nh\u1eadn y\u00eau c\u1ea7u c\u1ee7a ng\u01b0\u1eddi \u0111\u00f3<br \/>\nB- B\u1ea5t ch\u1ea5p c\u00e1c quy \u0111\u1ecbnh c\u1ee7a ph\u1ea7n tr\u01b0\u1edbc, trong c\u00e1c tr\u01b0\u1eddng h\u1ee3p sau \u0111\u00e2y, th\u00f4ng tin s\u1ebd \u0111\u01b0\u1ee3c cung c\u1ea5p cho b\u00ean th\u1ee9 ba:<\/p>\n<p>Khi ch\u00fang t\u00f4i thu\u00ea ngo\u00e0i to\u00e0n b\u1ed9 ho\u1eb7c m\u1ed9t ph\u1ea7n vi\u1ec7c x\u1eed l\u00fd th\u00f4ng tin c\u00e1 nh\u00e2n trong ph\u1ea1m vi c\u1ea7n thi\u1ebft \u0111\u1ec3 \u0111\u1ea1t \u0111\u01b0\u1ee3c m\u1ee5c \u0111\u00edch s\u1eed d\u1ee5ng<br \/>\nKhi th\u00f4ng tin c\u00e1 nh\u00e2n \u0111\u01b0\u1ee3c cung c\u1ea5p do vi\u1ec7c k\u1ebf th\u1eeba doanh nghi\u1ec7p ph\u00e1t sinh t\u1eeb vi\u1ec7c s\u00e1p nh\u1eadp ho\u1eb7c c\u00e1c l\u00fd do kh\u00e1c<br \/>\nKhi th\u00f4ng tin c\u00e1 nh\u00e2n \u0111\u01b0\u1ee3c chia s\u1ebb v\u1edbi m\u1ed9t ng\u01b0\u1eddi c\u1ee5 th\u1ec3, th\u1ef1c t\u1ebf s\u1eed d\u1ee5ng chung, c\u00e1c m\u1ee5c th\u00f4ng tin c\u00e1 nh\u00e2n \u0111\u01b0\u1ee3c s\u1eed d\u1ee5ng chung, ph\u1ea1m vi nh\u1eefng ng\u01b0\u1eddi s\u1eed d\u1ee5ng th\u00f4ng tin, m\u1ee5c \u0111\u00edch s\u1eed d\u1ee5ng c\u1ee7a nh\u1eefng ng\u01b0\u1eddi \u0111\u00f3 v\u00e0 t\u00ean ho\u1eb7c t\u00ean c\u1ee7a ng\u01b0\u1eddi ch\u1ecbu tr\u00e1ch nhi\u1ec7m qu\u1ea3n l\u00fd th\u00f4ng tin c\u00e1 nh\u00e2n \u0111\u01b0\u1ee3c th\u00f4ng b\u00e1o tr\u01b0\u1edbc cho ng\u01b0\u1eddi \u0111\u00f3 ho\u1eb7c \u0111\u01b0\u1ee3c \u0111\u1eb7t \u1edf tr\u1ea1ng th\u00e1i m\u00e0 ng\u01b0\u1eddi \u0111\u00f3 c\u00f3 th\u1ec3 d\u1ec5 d\u00e0ng bi\u1ebft \u0111\u01b0\u1ee3c<\/p>\n\n\t\t<\/div>\n\t<\/div>\n<\/div><\/div><\/div><\/div><div class=\"vc_row wpb_row vc_row-fluid\"><div class=\"wpb_column vc_column_container vc_col-sm-12\"><div class=\"vc_column-inner\"><div class=\"wpb_wrapper\"><h3 style=\"text-align: left\" class=\"vc_custom_heading wpb_animate_when_almost_visible wpb_fadeIn fadeIn\" >\u0110i\u1ec1u 6 (Ti\u1ebft l\u1ed9 th\u00f4ng tin c\u00e1 nh\u00e2n)<\/h3>\n\t<div class=\"wpb_text_column wpb_content_element  wpb_animate_when_almost_visible wpb_fadeIn fadeIn\" >\n\t\t<div class=\"wpb_wrapper\">\n\t\t\t<p>A- Khi ng\u01b0\u1eddi \u0111\u00f3 y\u00eau c\u1ea7u ti\u1ebft l\u1ed9 th\u00f4ng tin c\u00e1 nh\u00e2n, ch\u00fang t\u00f4i s\u1ebd ti\u1ebft l\u1ed9 th\u00f4ng tin \u0111\u00f3 cho ng\u01b0\u1eddi \u0111\u00f3 ngay l\u1eadp t\u1ee9c. Tuy nhi\u00ean, n\u1ebfu vi\u1ec7c ti\u1ebft l\u1ed9 thu\u1ed9c b\u1ea5t k\u1ef3 tr\u01b0\u1eddng h\u1ee3p n\u00e0o sau \u0111\u00e2y, ch\u00fang t\u00f4i c\u00f3 th\u1ec3 kh\u00f4ng ti\u1ebft l\u1ed9 to\u00e0n b\u1ed9 ho\u1eb7c m\u1ed9t ph\u1ea7n th\u00f4ng tin \u0111\u00f3 v\u00e0 n\u1ebfu ch\u00fang t\u00f4i quy\u1ebft \u0111\u1ecbnh kh\u00f4ng ti\u1ebft l\u1ed9, ch\u00fang t\u00f4i s\u1ebd th\u00f4ng b\u00e1o cho b\u1ea1n ngay l\u1eadp t\u1ee9c. Ph\u00ed 1.000 y\u00ean s\u1ebd \u0111\u01b0\u1ee3c t\u00ednh cho m\u1ed7i l\u1ea7n ti\u1ebft l\u1ed9 th\u00f4ng tin c\u00e1 nh\u00e2n.<\/p>\n<p>Khi c\u00f3 nguy c\u01a1 g\u00e2y t\u1ed5n h\u1ea1i \u0111\u1ebfn t\u00ednh m\u1ea1ng, th\u00e2n th\u1ec3, t\u00e0i s\u1ea3n ho\u1eb7c c\u00e1c quy\u1ec1n v\u00e0 l\u1ee3i \u00edch kh\u00e1c c\u1ee7a c\u00e1 nh\u00e2n ho\u1eb7c b\u00ean th\u1ee9 ba<br \/>\nKhi c\u00f3 nguy c\u01a1 c\u1ea3n tr\u1edf \u0111\u00e1ng k\u1ec3 vi\u1ec7c th\u1ef1c hi\u1ec7n \u0111\u00fang \u0111\u1eafn ho\u1ea1t \u0111\u1ed9ng kinh doanh c\u1ee7a ch\u00fang t\u00f4i<br \/>\nKhi n\u00f3 vi ph\u1ea1m c\u00e1c lu\u1eadt v\u00e0 quy \u0111\u1ecbnh kh\u00e1c<br \/>\nB- B\u1ea5t ch\u1ea5p c\u00e1c quy \u0111\u1ecbnh c\u1ee7a ph\u1ea7n tr\u01b0\u1edbc, theo quy \u0111\u1ecbnh, ch\u00fang t\u00f4i s\u1ebd kh\u00f4ng ti\u1ebft l\u1ed9 th\u00f4ng tin kh\u00e1c ngo\u00e0i th\u00f4ng tin c\u00e1 nh\u00e2n nh\u01b0 th\u00f4ng tin l\u1ecbch s\u1eed v\u00e0 th\u00f4ng tin \u0111\u1eb7c tr\u01b0ng.<\/p>\n\n\t\t<\/div>\n\t<\/div>\n<\/div><\/div><\/div><\/div><div class=\"vc_row wpb_row vc_row-fluid\"><div class=\"wpb_column vc_column_container vc_col-sm-12\"><div class=\"vc_column-inner\"><div class=\"wpb_wrapper\"><h3 style=\"text-align: left\" class=\"vc_custom_heading wpb_animate_when_almost_visible wpb_fadeIn fadeIn\" >\u0110i\u1ec1u 7 (Ch\u1ec9nh s\u1eeda v\u00e0 x\u00f3a th\u00f4ng tin c\u00e1 nh\u00e2n)<\/h3>\n\t<div class=\"wpb_text_column wpb_content_element  wpb_animate_when_almost_visible wpb_fadeIn fadeIn\" >\n\t\t<div class=\"wpb_wrapper\">\n\t\t\t<p>N\u1ebfu th\u00f4ng tin c\u00e1 nh\u00e2n do C\u00f4ng ty n\u1eafm gi\u1eef kh\u00f4ng ch\u00ednh x\u00e1c, ng\u01b0\u1eddi d\u00f9ng c\u00f3 th\u1ec3 y\u00eau c\u1ea7u C\u00f4ng ty s\u1eeda, th\u00eam ho\u1eb7c x\u00f3a th\u00f4ng tin c\u00e1 nh\u00e2n th\u00f4ng qua c\u00e1c th\u1ee7 t\u1ee5c do C\u00f4ng ty quy \u0111\u1ecbnh (sau \u0111\u00e2y g\u1ecdi l\u00e0 &quot;s\u1eeda, v.v.&quot;). N\u1ebfu ch\u00fang t\u00f4i nh\u1eadn \u0111\u01b0\u1ee3c y\u00eau c\u1ea7u n\u00eau tr\u00ean t\u1eeb ng\u01b0\u1eddi d\u00f9ng v\u00e0 x\u00e1c \u0111\u1ecbnh r\u1eb1ng c\u1ea7n ph\u1ea3i ph\u1ea3n h\u1ed3i y\u00eau c\u1ea7u, ch\u00fang t\u00f4i s\u1ebd s\u1eeda th\u00f4ng tin c\u00e1 nh\u00e2n ngay l\u1eadp t\u1ee9c. C\u00f4ng ty s\u1ebd th\u00f4ng b\u00e1o cho ng\u01b0\u1eddi d\u00f9ng ngay l\u1eadp t\u1ee9c khi th\u1ef1c hi\u1ec7n s\u1eeda, v.v., d\u1ef1a tr\u00ean c\u00e1c quy \u0111\u1ecbnh c\u1ee7a ph\u1ea7n tr\u01b0\u1edbc ho\u1eb7c khi ch\u00fang t\u00f4i quy\u1ebft \u0111\u1ecbnh kh\u00f4ng th\u1ef1c hi\u1ec7n s\u1eeda, v.v.<\/p>\n\n\t\t<\/div>\n\t<\/div>\n<\/div><\/div><\/div><\/div><div class=\"vc_row wpb_row vc_row-fluid\"><div class=\"wpb_column vc_column_container vc_col-sm-12\"><div class=\"vc_column-inner\"><div class=\"wpb_wrapper\"><h3 style=\"text-align: left\" class=\"vc_custom_heading wpb_animate_when_almost_visible wpb_fadeIn fadeIn\" >\u0110i\u1ec1u 8 (T\u1ea1m d\u1eebng s\u1eed d\u1ee5ng th\u00f4ng tin c\u00e1 nh\u00e2n, v.v.)<\/h3>\n\t<div class=\"wpb_text_column wpb_content_element  wpb_animate_when_almost_visible wpb_fadeIn fadeIn\" >\n\t\t<div class=\"wpb_wrapper\">\n\t\t\t<p>C\u00f4ng ty s\u1ebd ti\u1ebfn h\u00e0nh \u0111i\u1ec1u tra c\u1ea7n thi\u1ebft m\u00e0 kh\u00f4ng ch\u1eadm tr\u1ec5 n\u1ebfu ng\u01b0\u1eddi d\u00f9ng y\u00eau c\u1ea7u \u0111\u00ecnh ch\u1ec9 ho\u1eb7c x\u00f3a vi\u1ec7c s\u1eed d\u1ee5ng th\u00f4ng tin c\u00e1 nh\u00e2n v\u00ec th\u00f4ng tin \u0111\u00f3 \u0111\u01b0\u1ee3c x\u1eed l\u00fd v\u01b0\u1ee3t qu\u00e1 ph\u1ea1m vi m\u1ee5c \u0111\u00edch s\u1eed d\u1ee5ng ho\u1eb7c v\u00ec th\u00f4ng tin \u0111\u00f3 \u0111\u01b0\u1ee3c l\u1ea5y b\u1eb1ng c\u00e1c ph\u01b0\u01a1ng ti\u1ec7n gian l\u1eadn. N\u1ebfu ch\u00fang t\u00f4i x\u00e1c \u0111\u1ecbnh r\u1eb1ng c\u1ea7n ph\u1ea3i ph\u1ea3n h\u1ed3i y\u00eau c\u1ea7u d\u1ef1a tr\u00ean k\u1ebft qu\u1ea3 \u0111i\u1ec1u tra, ch\u00fang t\u00f4i s\u1ebd ngay l\u1eadp t\u1ee9c \u0111\u00ecnh ch\u1ec9 vi\u1ec7c s\u1eed d\u1ee5ng th\u00f4ng tin c\u00e1 nh\u00e2n. N\u1ebfu ch\u00fang t\u00f4i \u0111\u00ecnh ch\u1ec9 vi\u1ec7c s\u1eed d\u1ee5ng, v.v. d\u1ef1a tr\u00ean c\u00e1c \u0111i\u1ec1u kho\u1ea3n c\u1ee7a ph\u1ea7n tr\u01b0\u1edbc ho\u1eb7c n\u1ebfu ch\u00fang t\u00f4i quy\u1ebft \u0111\u1ecbnh kh\u00f4ng \u0111\u00ecnh ch\u1ec9 vi\u1ec7c s\u1eed d\u1ee5ng, ch\u00fang t\u00f4i s\u1ebd th\u00f4ng b\u00e1o cho ng\u01b0\u1eddi d\u00f9ng ngay l\u1eadp t\u1ee9c. B\u1ea5t ch\u1ea5p hai ph\u1ea7n tr\u01b0\u1edbc, n\u1ebfu ph\u1ea3i ch\u1ecbu chi ph\u00ed \u0111\u00e1ng k\u1ec3 cho vi\u1ec7c \u0111\u00ecnh ch\u1ec9 vi\u1ec7c s\u1eed d\u1ee5ng, v.v. ho\u1eb7c n\u1ebfu vi\u1ec7c \u0111\u00ecnh ch\u1ec9 vi\u1ec7c s\u1eed d\u1ee5ng, v.v. g\u1eb7p kh\u00f3 kh\u0103n, ch\u00fang t\u00f4i s\u1ebd th\u1ef1c hi\u1ec7n c\u00e1c bi\u1ec7n ph\u00e1p thay th\u1ebf c\u1ea7n thi\u1ebft \u0111\u1ec3 b\u1ea3o v\u1ec7 quy\u1ec1n v\u00e0 l\u1ee3i \u00edch c\u1ee7a ng\u01b0\u1eddi d\u00f9ng.<\/p>\n\n\t\t<\/div>\n\t<\/div>\n<\/div><\/div><\/div><\/div><div class=\"vc_row wpb_row vc_row-fluid\"><div class=\"wpb_column vc_column_container vc_col-sm-12\"><div class=\"vc_column-inner\"><div class=\"wpb_wrapper\"><h3 style=\"text-align: left\" class=\"vc_custom_heading wpb_animate_when_almost_visible wpb_fadeIn fadeIn\" >\u0110i\u1ec1u 9 (Thay \u0111\u1ed5i Ch\u00ednh s\u00e1ch b\u1ea3o m\u1eadt)<\/h3>\n\t<div class=\"wpb_text_column wpb_content_element  wpb_animate_when_almost_visible wpb_fadeIn fadeIn\" >\n\t\t<div class=\"wpb_wrapper\">\n\t\t\t<p>N\u1ed9i dung c\u1ee7a ch\u00ednh s\u00e1ch n\u00e0y c\u00f3 th\u1ec3 \u0111\u01b0\u1ee3c thay \u0111\u1ed5i m\u00e0 kh\u00f4ng c\u1ea7n th\u00f4ng b\u00e1o cho ng\u01b0\u1eddi d\u00f9ng, tr\u1eeb khi c\u00f3 quy \u0111\u1ecbnh kh\u00e1c c\u1ee7a lu\u1eadt ph\u00e1p v\u00e0 quy \u0111\u1ecbnh ho\u1eb7c c\u00e1c v\u1ea5n \u0111\u1ec1 kh\u00e1c \u0111\u01b0\u1ee3c n\u00eau trong ch\u00ednh s\u00e1ch n\u00e0y. Tr\u1eeb khi c\u00f3 quy \u0111\u1ecbnh kh\u00e1c c\u1ee7a C\u00f4ng ty, ch\u00ednh s\u00e1ch b\u1ea3o m\u1eadt \u0111\u00e3 s\u1eeda \u0111\u1ed5i s\u1ebd c\u00f3 hi\u1ec7u l\u1ef1c khi \u0111\u01b0\u1ee3c \u0111\u0103ng tr\u00ean trang web n\u00e0y.<\/p>\n\n\t\t<\/div>\n\t<\/div>\n<\/div><\/div><\/div><\/div><div class=\"vc_row wpb_row vc_row-fluid\"><div class=\"wpb_column vc_column_container vc_col-sm-12\"><div class=\"vc_column-inner\"><div class=\"wpb_wrapper\">\n\t<div class=\"wpb_text_column wpb_content_element  wpb_animate_when_almost_visible wpb_fadeIn fadeIn\" >\n\t\t<div class=\"wpb_wrapper\">\n\t\t\t<p>Th\u00f4ng tin li\u00ean l\u1ea1c<br \/>\nM\u1ecdi th\u1eafc m\u1eafc li\u00ean quan \u0111\u1ebfn ch\u00ednh s\u00e1ch n\u00e0y, vui l\u00f2ng li\u00ean h\u1ec7 v\u1edbi ch\u00fang t\u00f4i theo \u0111\u1ecba ch\u1ec9 sau:<\/p>\n<p>\u0110\u1ecba ch\u1ec9: 2F, T\u00f2a nh\u00e0 Decom, 2-17-6, Iwamoto-cho, Chiyoda-ku, TOKYO<br \/>\nT\u00ean c\u00f4ng ty: B&amp;Company Inc<br \/>\nPh\u00f2ng ban: Ph\u00f2ng t\u01b0 v\u1ea5n qu\u1ea3n l\u00fd<br \/>\n\u0110\u1ecba ch\u1ec9 email: contact@b-company.jp<\/p>\n\n\t\t<\/div>\n\t<\/div>\n<\/div><\/div><\/div><\/div>","protected":false},"excerpt":{"rendered":"B&amp;Company Inc (sau \u0111\u00e2y g\u1ecdi l\u00e0 &quot;c\u00f4ng ty ch\u00fang t\u00f4i&quot;) x\u1eed l\u00fd c\u00e1c th\u00f4ng tin c\u00e1 nh\u00e2n sau \u0111\u00e2y c\u1ee7a ng\u01b0\u1eddi d\u00f9ng trong c\u00e1c d\u1ecbch v\u1ee5 \u0111\u01b0\u1ee3c cung c\u1ea5p tr\u00ean trang web n\u00e0y (sau \u0111\u00e2y g\u1ecdi l\u00e0 &quot;d\u1ecbch v\u1ee5 n\u00e0y&quot;). Theo \u0111\u00f3, ch\u00fang t\u00f4i \u0111\u00e3 thi\u1ebft l\u1eadp ch\u00ednh s\u00e1ch b\u1ea3o m\u1eadt (sau \u0111\u00e2y g\u1ecdi l\u00e0 &quot;ch\u00ednh s\u00e1ch n\u00e0y&quot;). Gi\u1ea3i th\u00edch v\u00e0 \u0111\u1ecbnh ngh\u0129a\u0110i\u1ec1u 1 (Th\u00f4ng tin c\u00e1 nh\u00e2n) B&amp;Company Inc (sau \u0111\u00e2y g\u1ecdi l\u00e0 &quot;c\u00f4ng ty ch\u00fang t\u00f4i&quot;)","protected":false},"author":10,"featured_media":0,"parent":0,"menu_order":0,"comment_status":"closed","ping_status":"closed","template":"","meta":[],"yoast_head":"<!-- This site is optimized with the Yoast SEO Premium plugin v15.1.2 - https:\/\/yoast.com\/wordpress\/plugins\/seo\/ -->\n<title>Privacy Statement - B-Company<\/title>\n<meta name=\"robots\" content=\"index, follow, max-snippet:-1, max-image-preview:large, max-video-preview:-1\" \/>\n<link rel=\"canonical\" href=\"https:\/\/b-company.jp\/vi\/privacy-statement\/\" \/>\n<meta property=\"og:locale\" content=\"vi_VN\" \/>\n<meta property=\"og:type\" content=\"article\" \/>\n<meta property=\"og:title\" content=\"Privacy Statement - B-Company\" \/>\n<meta property=\"og:url\" content=\"https:\/\/b-company.jp\/vi\/privacy-statement\/\" \/>\n<meta property=\"og:site_name\" content=\"B-Company\" \/>\n<meta property=\"article:modified_time\" content=\"2024-09-13T13:34:31+00:00\" \/>\n<meta name=\"twitter:card\" content=\"summary_large_image\" \/>\n<script type=\"application\/ld+json\" class=\"yoast-schema-graph\">{\"@context\":\"https:\/\/schema.org\",\"@graph\":[{\"@type\":\"WebSite\",\"@id\":\"https:\/\/b-company.jp\/vi\/#website\",\"url\":\"https:\/\/b-company.jp\/vi\/\",\"name\":\"B-Company\",\"description\":\"Vietnam Market Research &amp; Investment Consulting\",\"potentialAction\":[{\"@type\":\"SearchAction\",\"target\":\"https:\/\/b-company.jp\/vi\/?s={search_term_string}\",\"query-input\":\"required name=search_term_string\"}],\"inLanguage\":\"vi\"},{\"@type\":\"WebPage\",\"@id\":\"https:\/\/b-company.jp\/privacy-statement\/#webpage\",\"url\":\"https:\/\/b-company.jp\/privacy-statement\/\",\"name\":\"Privacy Statement - B-Company\",\"isPartOf\":{\"@id\":\"https:\/\/b-company.jp\/vi\/#website\"},\"datePublished\":\"2024-06-07T08:56:14+00:00\",\"dateModified\":\"2024-09-13T13:34:31+00:00\",\"inLanguage\":\"vi\",\"potentialAction\":[{\"@type\":\"ReadAction\",\"target\":[\"https:\/\/b-company.jp\/privacy-statement\/\"]}]}]}<\/script>\n<!-- \/ Yoast SEO Premium plugin. -->","_links":{"self":[{"href":"https:\/\/b-company.jp\/vi\/wp-json\/wp\/v2\/pages\/14075"}],"collection":[{"href":"https:\/\/b-company.jp\/vi\/wp-json\/wp\/v2\/pages"}],"about":[{"href":"https:\/\/b-company.jp\/vi\/wp-json\/wp\/v2\/types\/page"}],"author":[{"embeddable":true,"href":"https:\/\/b-company.jp\/vi\/wp-json\/wp\/v2\/users\/10"}],"replies":[{"embeddable":true,"href":"https:\/\/b-company.jp\/vi\/wp-json\/wp\/v2\/comments?post=14075"}],"version-history":[{"count":1,"href":"https:\/\/b-company.jp\/vi\/wp-json\/wp\/v2\/pages\/14075\/revisions"}],"predecessor-version":[{"id":14076,"href":"https:\/\/b-company.jp\/vi\/wp-json\/wp\/v2\/pages\/14075\/revisions\/14076"}],"wp:attachment":[{"href":"https:\/\/b-company.jp\/vi\/wp-json\/wp\/v2\/media?parent=14075"}],"curies":[{"name":"wp","href":"https:\/\/api.w.org\/{rel}","templated":true}]}}