{"id":10361,"date":"2021-03-03T11:36:09","date_gmt":"2021-03-03T04:36:09","guid":{"rendered":"http:\/\/b-company.jp\/?page_id=10361"},"modified":"2024-10-14T15:57:53","modified_gmt":"2024-10-14T08:57:53","slug":"vietnam-enterprise-data","status":"publish","type":"page","link":"https:\/\/b-company.jp\/vi\/database\/vietnam-enterprise-data\/","title":{"rendered":"D\u1eef li\u1ec7u doanh nghi\u1ec7p Vi\u1ec7t Nam"},"content":{"rendered":"<div class=\"vc_row wpb_row vc_row-fluid vc_custom_1614746578214\"><div class=\"wpb_column vc_column_container vc_col-sm-12\"><div class=\"vc_column-inner\"><div class=\"wpb_wrapper\"><div class=\"vc_row wpb_row vc_inner vc_row-fluid\"><div class=\"wpb_column vc_column_container vc_col-sm-8\"><div class=\"vc_column-inner\"><div class=\"wpb_wrapper\"><h4 style=\"text-align: left\" class=\"vc_custom_heading tt-quality-title vc_custom_1614843666499\" >T\u1ea1i sao ch\u00fang t\u00f4i ph\u00e1t tri\u1ec3n D\u1eef li\u1ec7u Doanh nghi\u1ec7p Vi\u1ec7t Nam?<\/h4>\n\t<div class=\"wpb_text_column wpb_content_element  vc_custom_1614927414102\" >\n\t\t<div class=\"wpb_wrapper\">\n\t\t\t<div class=\"quality_requirement\">\n<div class=\"simple-text\">V\u1edbi \u0111\u1ecbnh v\u1ecb tr\u1edf th\u00e0nh \u0111\u1ed1i t\u00e1c \u0111\u00e1ng tin c\u1eady \u0111\u1ec3 h\u1ed7 tr\u1ee3 kh\u00e1ch h\u00e0ng m\u1edf r\u1ed9ng kinh doanh t\u1ea1i Vi\u1ec7t Nam, ch\u00fang t\u00f4i n\u1ed7 l\u1ef1c ph\u00e1t tri\u1ec3n <span style=\"color: #33c6e9;\"><strong>C\u01a1 s\u1edf d\u1eef li\u1ec7u doanh nghi\u1ec7p Vi\u1ec7t Nam<\/strong><\/span> c\u00f9ng v\u1edbi <span style=\"color: #33c6e9;\"><strong>D\u1ecbch v\u1ee5 k\u1ebft n\u1ed1i doanh nghi\u1ec7p<\/strong><\/span>.<\/div>\n<\/div>\n\n\t\t<\/div>\n\t<\/div>\n<h4 style=\"text-align: left\" class=\"vc_custom_heading tt-quality-title vc_custom_1726498140305\" >D\u1eef li\u1ec7u doanh nghi\u1ec7p Vi\u1ec7t Nam c\u1ee7a ch\u00fang t\u00f4i<\/h4>\n\t<div class=\"wpb_text_column wpb_content_element  vc_custom_1726498266706\" >\n\t\t<div class=\"wpb_wrapper\">\n\t\t\t<div class=\"bc_quality_requirement\">\n<ul>\n<li>Bao g\u1ed3m h\u01a1n <strong>900,000<\/strong> doanh nghi\u1ec7p<\/li>\n<li>B\u00eca v\u1ec1 <strong>90%<\/strong> c\u1ee7a doanh nghi\u1ec7p<\/li>\n<li>Bao g\u1ed3m doanh nghi\u1ec7p Vi\u1ec7t Nam v\u00e0 <strong>Doanh nghi\u1ec7p FDI<\/strong><\/li>\n<li>Bao ph\u1ee7 <strong>nhi\u1ec1u ng\u00e0nh c\u00f4ng nghi\u1ec7p kh\u00e1c nhau<\/strong> ch\u1eb3ng h\u1ea1n nh\u01b0 s\u1ea3n xu\u1ea5t, b\u00e1n l\u1ebb, ch\u0103m s\u00f3c s\u1ee9c kh\u1ecfe, d\u1ecbch v\u1ee5, v.v.<\/li>\n<\/ul>\n<\/div>\n\n\t\t<\/div>\n\t<\/div>\n<h4 style=\"text-align: center\" class=\"vc_custom_heading tt-quality-title tt-quality-title-bc vc_custom_1726498573707\" >G\u00f3i d\u1ecbch v\u1ee5 c\u1ee7a ch\u00fang t\u00f4i<\/h4>\n\t<div class=\"wpb_text_column wpb_content_element  bc-vnenterprise-content-row\" >\n\t\t<div class=\"wpb_wrapper\">\n\t\t\t<div class=\"row col-list\">\n<div class=\"col-sm-4 col-item\">\n<h3 class=\"m-title\" style=\"text-align: center;\"><img decoding=\"async\" class=\"img-responsive aligncenter\" src=\"http:\/\/b-company.jp\/wp-content\/uploads\/2021\/03\/number-1-1.svg\" alt=\"\" data-no-auto-translation=\"\" \/><\/h3>\n<h5 class=\"m-title\" style=\"text-align: center;\">C\u00f3 th\u1ec3 t\u00f9y ch\u1ec9nh<br \/>\nc\u00f3 tri\u1ec3n v\u1ecdng<br \/>\nDanh s\u00e1ch \u0111\u1ed1i t\u00e1c kinh doanh<\/h5>\n<p>&nbsp;<\/p>\n<div class=\"simple-text\" style=\"text-align: center;\"><a class=\"c-btn\" href=\"https:\/\/b-company.jp\/vi\/contact-us\/\">Li\u00ean h\u1ec7<br \/>\n\u0111\u1ec3 th\u1ea3o lu\u1eadn chi ti\u1ebft<\/a><\/div>\n<\/div>\n<div class=\"col-sm-4 col-item\">\n<h3 class=\"m-title\" style=\"text-align: center;\"><img decoding=\"async\" class=\"img-responsive aligncenter\" src=\"http:\/\/b-company.jp\/wp-content\/uploads\/2021\/03\/number-2-1.svg\" alt=\"\" data-no-auto-translation=\"\" \/><\/h3>\n<h5 class=\"m-title\" style=\"text-align: center;\">B\u00e1o c\u00e1o c\u00f4ng ty c\u1ee7a<br \/>\nb\u1ea1n quan t\u00e2m<br \/>\n\u0111\u1ed1i t\u00e1c kinh doanh ti\u1ec1m n\u0103ng<\/h5>\n<p>&nbsp;<\/p>\n<div class=\"simple-text\" style=\"text-align: center;\"><a class=\"c-btn\" href=\"https:\/\/b-company.jp\/vi\/contact-us\/\">Li\u00ean h\u1ec7<br \/>\n\u0111\u1ec3 th\u1ea3o lu\u1eadn chi ti\u1ebft<\/a><\/div>\n<\/div>\n<div class=\"col-sm-4 col-item\">\n<h3 class=\"m-title\" style=\"text-align: center;\"><img decoding=\"async\" class=\"img-responsive aligncenter\" src=\"http:\/\/b-company.jp\/wp-content\/uploads\/2021\/03\/number-3-1.svg\" alt=\"\" data-no-auto-translation=\"\" \/><\/h3>\n<h5 class=\"m-title\" style=\"text-align: center;\">\u0110\u01b0\u1ee3c thi\u1ebft k\u1ebf ri\u00eang<br \/>\nkinh doanh \u0111\u1ea7y \u0111\u1ee7<br \/>\nd\u1ecbch v\u1ee5 ph\u00f9 h\u1ee3p<\/h5>\n<p>&nbsp;<\/p>\n<div class=\"simple-text\" style=\"text-align: center;\"><a class=\"c-btn\" href=\"https:\/\/b-company.jp\/vi\/contact-us\/\">Li\u00ean h\u1ec7<br \/>\n\u0111\u1ec3 th\u1ea3o lu\u1eadn chi ti\u1ebft<\/a><\/div>\n<\/div>\n<\/div>\n\n\t\t<\/div>\n\t<\/div>\n<\/div><\/div><\/div><div class=\"wpb_column vc_column_container vc_col-sm-4\"><div class=\"vc_column-inner\"><div class=\"wpb_wrapper\"><h4 style=\"text-align: left\" class=\"vc_custom_heading tt-quality-title vc_custom_1614851427640\" >Quy tr\u00ecnh d\u1ecbch v\u1ee5 c\u1ee7a ch\u00fang t\u00f4i<\/h4>\n\t<div class=\"wpb_text_column wpb_content_element\" >\n\t\t<div class=\"wpb_wrapper\">\n\t\t\t<div class=\"dtb-secondcolumn\">\n<div class=\"row col-list\">\n<div class=\"dtb-wrapper\">\n<div class=\"dtb-icon\"><img decoding=\"async\" src=\"http:\/\/b-company.jp\/wp-content\/uploads\/2021\/03\/number-1-1.svg\" data-no-auto-translation=\"\" \/><\/div>\n<div class=\"simple-text\"><strong><span style=\"color: #33c6e9;\">Kh\u00e1ch h\u00e0ng \u0111ang t\u00ecm ki\u1ebfm:<\/span><\/strong><br \/>\n\u2013 Nh\u00e0 cung c\u1ea5p<br \/>\n\u2013 Kh\u00e1ch h\u00e0ng ti\u1ec1m n\u0103ng<br \/>\n\u2013 Nh\u00e0 ph\u00e2n ph\u1ed1i chi\u1ebfn l\u01b0\u1ee3c<br \/>\n\u2013 (\u2026)<\/div>\n<\/div>\n<div class=\"dtb-wrapper\">\n<div class=\"dtb-icon\"><img decoding=\"async\" src=\"http:\/\/b-company.jp\/wp-content\/uploads\/2021\/03\/number-2-1.svg\" data-no-auto-translation=\"\" \/><\/div>\n<div class=\"simple-text\"><strong><span style=\"color: #33c6e9;\">B&amp;Company ph\u00e2n t\u00edch y\u00eau c\u1ea7u v\u00e0 t\u01b0 v\u1ea5n<\/span><\/strong><br \/>\n\u2013 Ti\u00eau ch\u00ed l\u1ef1a ch\u1ecdn<br \/>\n\u2013 \u0110i\u1ec3m t\u1eadp trung<br \/>\n\u2013 (\u2026)<\/div>\n<\/div>\n<div class=\"dtb-wrapper\">\n<div class=\"dtb-icon\"><img decoding=\"async\" src=\"http:\/\/b-company.jp\/wp-content\/uploads\/2021\/03\/number-3-1.svg\" data-no-auto-translation=\"\" \/><\/div>\n<div class=\"simple-text\"><strong><span style=\"color: #33c6e9;\">B\u00e1o c\u00e1o \u0111\u01b0\u1ee3c tr\u00edch xu\u1ea5t t\u1eeb C\u01a1 s\u1edf d\u1eef li\u1ec7u doanh nghi\u1ec7p c\u1ee7a ch\u00fang t\u00f4i<\/span><\/strong><br \/>\n\u2013 Danh s\u00e1ch \u0111\u1ed1i t\u00e1c kinh doanh ti\u1ec1m n\u0103ng<br \/>\n\u2013 H\u1ed3 s\u01a1 c\u00f4ng ty c\u01a1 b\u1ea3n c\u1ee7a danh s\u00e1ch kh\u00e1ch h\u00e0ng quan t\u00e2m<br \/>\n\u2013 (\u2026)<\/div>\n<\/div>\n<div class=\"dtb-wrapper\">\n<div class=\"dtb-icon\"><img decoding=\"async\" src=\"http:\/\/b-company.jp\/wp-content\/uploads\/2021\/03\/number-4.svg\" data-no-auto-translation=\"\" \/><\/div>\n<div class=\"simple-text\"><strong><span style=\"color: #33c6e9;\">S\u00e0ng l\u1ecdc &amp; L\u1ef1a ch\u1ecdn<\/span><\/strong><br \/>\n\u2013 Phi\u00ean \u0111i\u1ec1u tr\u1ea7n \u1ee9ng vi\u00ean kinh doanh<br \/>\n\u2013 Ki\u1ec3m tra t\u00edn d\u1ee5ng<br \/>\n\u2013 Ph\u00e2n t\u00edch &amp; B\u00e1o c\u00e1o<\/div>\n<\/div>\n<div class=\"dtb-wrapper\">\n<div class=\"dtb-icon\"><img decoding=\"async\" src=\"http:\/\/b-company.jp\/wp-content\/uploads\/2021\/03\/number-5.svg\" data-no-auto-translation=\"\" \/><\/div>\n<div class=\"simple-text\"><strong><span style=\"color: #33c6e9;\">K\u1ebft n\u1ed1i doanh nghi\u1ec7p<\/span><\/strong><br \/>\n\u2013 S\u1eafp x\u1ebfp cu\u1ed9c h\u1ecdp (tr\u1ef1c tuy\u1ebfn ho\u1eb7c ngo\u1ea1i tuy\u1ebfn)<br \/>\n\u2013 Chu\u1ea9n b\u1ecb t\u00e0i li\u1ec7u<br \/>\n\u2013 Theo d\u00f5i &amp; h\u1ed7 tr\u1ee3<\/div>\n<\/div>\n<\/div>\n<\/div>\n\n\t\t<\/div>\n\t<\/div>\n<\/div><\/div><\/div><\/div><\/div><\/div><\/div><\/div><div class=\"vc_row wpb_row vc_row-fluid vc_custom_1614746578214\"><div class=\"wpb_column vc_column_container vc_col-sm-12\"><div class=\"vc_column-inner\"><div class=\"wpb_wrapper\"><h4 style=\"text-align: center\" class=\"vc_custom_heading tt-quality-title vc_custom_1614847555173\" >T\u1ea1i sao ch\u1ecdn ch\u00fang t\u00f4i<\/h4>\n\t<div class=\"wpb_text_column wpb_content_element\" >\n\t\t<div class=\"wpb_wrapper\">\n\t\t\t<div class=\"row col-list\">\n<div class=\"col-sm-1 col-item\"><\/div>\n<div class=\"col-sm-2 col-item\">\n<h3 class=\"m-title\" style=\"text-align: center;\"><img decoding=\"async\" class=\"img-responsive aligncenter\" src=\"http:\/\/b-company.jp\/wp-content\/uploads\/2021\/03\/noun_Location_1364778.svg\" alt=\"\" data-no-auto-translation=\"\" \/><\/h3>\n<h5 class=\"m-title\" style=\"text-align: center;\">Kinh nghi\u1ec7m th\u1ecb tr\u01b0\u1eddng \u0111\u1ecba ph\u01b0\u01a1ng<\/h5>\n<p style=\"text-align: center;\">Ch\u00fang t\u00f4i c\u00f3 h\u01a1n 10 n\u0103m kinh nghi\u1ec7m h\u1ed7 tr\u1ee3 Kh\u00e1ch h\u00e0ng m\u1edf r\u1ed9ng kinh doanh t\u1ea1i th\u1ecb tr\u01b0\u1eddng Vi\u1ec7t Nam v\u1edbi m\u1ea1ng l\u01b0\u1edbi r\u1ed9ng l\u1edbn v\u00e0 d\u1eef li\u1ec7u th\u1ecb tr\u01b0\u1eddng<\/p>\n<\/div>\n<div class=\"col-sm-2 col-item\">\n<h3 class=\"m-title\" style=\"text-align: center;\"><img decoding=\"async\" class=\"img-responsive aligncenter\" src=\"http:\/\/b-company.jp\/wp-content\/uploads\/2021\/03\/noun_connection_232460.svg\" alt=\"\" data-no-auto-translation=\"\" \/><\/h3>\n<h5 class=\"m-title\" style=\"text-align: center;\">Gi\u1ea3i ph\u00e1p t\u1ea5t c\u1ea3 trong m\u1ed9t<\/h5>\n<p style=\"text-align: center;\">Ch\u00fang t\u00f4i c\u00f3 th\u1ec3 h\u1ed7 tr\u1ee3 b\u1ea1n t\u1eeb khi b\u1eaft \u0111\u1ea7u t\u00ecm ki\u1ebfm tri\u1ec3n v\u1ecdng cho \u0111\u1ebfn khi thi\u1ebft l\u1eadp quan h\u1ec7 \u0111\u1ed1i t\u00e1c cu\u1ed1i c\u00f9ng ho\u1eb7c ph\u00e1t tri\u1ec3n \u0111\u1ecbnh h\u01b0\u1edbng chi\u1ebfn l\u01b0\u1ee3c<\/p>\n<\/div>\n<div class=\"col-sm-2 col-item\">\n<h3 class=\"m-title\" style=\"text-align: center;\"><img decoding=\"async\" class=\"img-responsive aligncenter\" src=\"http:\/\/b-company.jp\/wp-content\/uploads\/2021\/03\/noun_verified_576697.svg\" alt=\"\" data-no-auto-translation=\"\" \/><\/h3>\n<h5 class=\"m-title\" style=\"text-align: center;\">\u0110\u00e1ng tin c\u1eady<\/h5>\n<p style=\"text-align: center;\">V\u1edbi t\u01b0 c\u00e1ch l\u00e0 m\u1ed9t nh\u00e0 t\u01b0 v\u1ea5n b\u00ean th\u1ee9 ba, ch\u00fang t\u00f4i kh\u00f4ng c\u00f3 m\u1ed1i quan h\u1ec7 gia \u0111\u00ecnh ho\u1eb7c h\u1ecd h\u00e0ng, c\u0169ng nh\u01b0 c\u00e1c l\u1ee3i \u00edch th\u01b0\u01a1ng m\u1ea1i kh\u00e1c, \u0111i\u1ec1u n\u00e0y s\u1ebd khi\u1ebfn ch\u00fang t\u00f4i \u0111\u01b0a ra th\u00f4ng tin thi\u00ean v\u1ecb v\u00e0 kh\u00f4ng l\u1ef1a ch\u1ecdn \u0111\u01b0\u1ee3c l\u1ef1a ch\u1ecdn t\u1ed1t nh\u1ea5t cho B\u1ea1n.<\/p>\n<\/div>\n<div class=\"col-sm-2 col-item\">\n<h3 class=\"m-title\" style=\"text-align: center;\"><img decoding=\"async\" class=\"img-responsive aligncenter\" src=\"http:\/\/b-company.jp\/wp-content\/uploads\/2021\/03\/noun_database_652731.svg\" alt=\"\" data-no-auto-translation=\"\" \/><\/h3>\n<h5 class=\"m-title\" style=\"text-align: center;\">K\u1ebft n\u1ed1i d\u1eef li\u1ec7u<\/h5>\n<p style=\"text-align: center;\">\u0110\u1eebng m\u1ea5t th\u1eddi gian t\u00ecm ki\u1ebfm qua nhi\u1ec1u trang web v\u00e0 nh\u00e0 giao d\u1ecbch kh\u00f4ng \u0111\u1ea7y \u0111\u1ee7, th\u00f4ng qua c\u01a1 s\u1edf d\u1eef li\u1ec7u doanh nghi\u1ec7p qu\u1ed1c gia* v\u00e0 m\u1ea1ng l\u01b0\u1edbi c\u1ee7a ch\u00fang t\u00f4i, ch\u00fang t\u00f4i s\u1ebd nhanh ch\u00f3ng t\u00ecm cho b\u1ea1n nh\u1eefng \u1ee9ng vi\u00ean t\u1ed1t nh\u1ea5t<\/p>\n<\/div>\n<div class=\"col-sm-2 col-item\">\n<h3 class=\"m-title\" style=\"text-align: center;\"><img decoding=\"async\" class=\"img-responsive aligncenter\" src=\"http:\/\/b-company.jp\/wp-content\/uploads\/2021\/03\/noun_Language_1631767.svg\" alt=\"\" data-no-auto-translation=\"\" \/><\/h3>\n<h5 class=\"m-title\" style=\"text-align: center;\">Kh\u00f4ng r\u00e0o c\u1ea3n ng\u00f4n ng\u1eef<\/h5>\n<p style=\"text-align: center;\">\u0110\u1ed9i ng\u0169 c\u1ee7a ch\u00fang t\u00f4i n\u00f3i ti\u1ebfng Anh, ti\u1ebfng Nh\u1eadt, ti\u1ebfng Vi\u1ec7t v\u00e0 ch\u00fang t\u00f4i c\u00f3 m\u1ea1ng l\u01b0\u1edbi phi\u00ean d\u1ecbch vi\u00ean h\u1ed9 t\u1ed1ng chuy\u00ean nghi\u1ec7p c\u1ee7a nhi\u1ec1u c\u1eb7p ng\u00f4n ng\u1eef kh\u00e1c<\/p>\n<\/div>\n<div class=\"col-sm-1 col-item\"><\/div>\n<\/div>\n\n\t\t<\/div>\n\t<\/div>\n<\/div><\/div><\/div><\/div><div class=\"vc_row wpb_row vc_row-fluid bc-vnenterprise-section\"><div class=\"wpb_column vc_column_container vc_col-sm-12\"><div class=\"vc_column-inner\"><div class=\"wpb_wrapper\"><h4 style=\"text-align: center\" class=\"vc_custom_heading tt-quality-title wpb_animate_when_almost_visible wpb_fadeInUp fadeInUp vc_custom_1726672715223\" >C\u00e1c d\u1ef1 \u00e1n th\u00e0nh c\u00f4ng c\u1ee7a ch\u00fang t\u00f4i<br \/>\ns\u1eed d\u1ee5ng c\u01a1 s\u1edf d\u1eef li\u1ec7u doanh nghi\u1ec7p<\/h4>\n\t<div class=\"wpb_text_column wpb_content_element  wpb_animate_when_almost_visible wpb_fadeInUp fadeInUp vc_custom_1726756076182\" >\n\t\t<div class=\"wpb_wrapper\">\n\t\t\t<!-- START CUSTOMIZE_CODE BANNER --><div class='customize-code-enterprise-data'><div class='vc_row wpb_row vc_inner vc_row-fluid'><div class='wpb_column vc_column_container vc_col-sm-3'><div class='vc_column-inner'><div class='wpb_wrapper'><div class='wpb_raw_code wpb_content_element wpb_raw_html'><div class='wpb_wrapper'><div class=\"item\">\n                            <div class=\"item-image\">\n                                <a href=\"https:\/\/b-company.jp\/vi\/vietnam-air-quality-data-development\/\" title=\"Vietnam air quality data development\">\n                                    <img src=\"https:\/\/b-company.jp\/wp-content\/uploads\/2025\/08\/cropped_horizontal.jpg\" alt=\"Vietnam air quality data development\" data-no-auto-translation=\"\" \/>\n                                <\/a>\n                            <\/div>\n                            <div>\n                                <a href=\"https:\/\/b-company.jp\/vi\/vietnam-air-quality-data-development\/\" title=\"Vietnam air quality data development\">Vietnam air quality data development<\/a>\n                            <\/div>\n                        <\/div><\/div><\/div><\/div><\/div><\/div><div class='wpb_column vc_column_container vc_col-sm-3'><div class='vc_column-inner'><div class='wpb_wrapper'><div class='wpb_raw_code wpb_content_element wpb_raw_html'><div class='wpb_wrapper'><div class=\"item\">\n                            <div class=\"item-image\">\n                                <a href=\"https:\/\/b-company.jp\/vi\/bcompanys-journey-with-clients-to-find-partners-in-vietnam-in-the-field-of-mechanical-processing\/\" title=\"B&#038;Company&#8217;s journey with clients to find partners in Vietnam in the field of mechanical processing\">\n                                    <img src=\"https:\/\/b-company.jp\/wp-content\/uploads\/2024\/12\/AZB-support-journey.jpg\" alt=\"B&#038;Company&#8217;s journey with clients to find partners in Vietnam in the field of mechanical processing\" data-no-auto-translation=\"\" \/>\n                                <\/a>\n                            <\/div>\n                            <div>\n                                <a href=\"https:\/\/b-company.jp\/vi\/bcompanys-journey-with-clients-to-find-partners-in-vietnam-in-the-field-of-mechanical-processing\/\" title=\"B&#038;Company&#8217;s journey with clients to find partners in Vietnam in the field of mechanical processing\">H\u00e0nh tr\u00ecnh c\u1ee7a B&amp;Company c\u00f9ng kh\u00e1ch h\u00e0ng t\u00ecm ki\u1ebfm \u0111\u1ed1i t\u00e1c t\u1ea1i Vi\u1ec7t Nam trong l\u0129nh v\u1ef1c gia c\u00f4ng c\u01a1 kh\u00ed<\/a>\n                            <\/div>\n                        <\/div><\/div><\/div><\/div><\/div><\/div><div class='wpb_column vc_column_container vc_col-sm-3'><div class='vc_column-inner'><div class='wpb_wrapper'><div class='wpb_raw_code wpb_content_element wpb_raw_html'><div class='wpb_wrapper'><div class=\"item\">\n                            <div class=\"item-image\">\n                                <a href=\"https:\/\/b-company.jp\/vi\/research-on-bipv-market-in-vietnam\/\" title=\"Research on BIPV market in Vietnam\">\n                                    <img src=\"https:\/\/b-company.jp\/wp-content\/uploads\/2024\/09\/Picture9-scaled.jpg\" alt=\"Research on BIPV market in Vietnam\" data-no-auto-translation=\"\" \/>\n                                <\/a>\n                            <\/div>\n                            <div>\n                                <a href=\"https:\/\/b-company.jp\/vi\/research-on-bipv-market-in-vietnam\/\" title=\"Research on BIPV market in Vietnam\">Research on BIPV market in Vietnam<\/a>\n                            <\/div>\n                        <\/div><\/div><\/div><\/div><\/div><\/div><div class='wpb_column vc_column_container vc_col-sm-3'><div class='vc_column-inner'><div class='wpb_wrapper'><div class='wpb_raw_code wpb_content_element wpb_raw_html'><div class='wpb_wrapper'><div class=\"item\">\n                            <div class=\"item-image\">\n                                <a href=\"https:\/\/b-company.jp\/vi\/survey-on-construction-work-of-ventilation-in-vietnam\/\" title=\"Survey on construction work of ventilation in Vietnam\">\n                                    <img src=\"https:\/\/b-company.jp\/wp-content\/uploads\/2024\/09\/Picture8-scaled.jpg\" alt=\"Survey on construction work of ventilation in Vietnam\" data-no-auto-translation=\"\" \/>\n                                <\/a>\n                            <\/div>\n                            <div>\n                                <a href=\"https:\/\/b-company.jp\/vi\/survey-on-construction-work-of-ventilation-in-vietnam\/\" title=\"Survey on construction work of ventilation in Vietnam\">Survey on construction work of ventilation in Vietnam<\/a>\n                            <\/div>\n                        <\/div><\/div><\/div><\/div><\/div><\/div><\/div><\/div><!-- END CUSTOMIZE_CODE BANNER -->\n\n\t\t<\/div>\n\t<\/div>\n\n\t<div class=\"wpb_text_column wpb_content_element  wpb_animate_when_almost_visible wpb_fadeInUp fadeInUp vc_custom_1726754206227\" >\n\t\t<div class=\"wpb_wrapper\">\n\t\t\t<div class=\"simple-text\" style=\"text-align: center;\"><a class=\"c-btn\" style=\"text-transform: none; padding: 0.5rem 2rem 0.75rem; border-radius: 5px;\" href=\"\/vi\/our-project\/\">\u0110\u1ecdc t\u1ea5t c\u1ea3<\/a><\/div>\n\n\t\t<\/div>\n\t<\/div>\n<div class=\"vc_empty_space\"   style=\"height: 32px\"><span class=\"vc_empty_space_inner\"><\/span><\/div>\n\t<div class=\"wpb_text_column wpb_content_element  wpb_animate_when_almost_visible wpb_fadeInUp fadeInUp vc_custom_1726756426988\" >\n\t\t<div class=\"wpb_wrapper\">\n\t\t\t<div class=\"simple-text\" style=\"text-align: center;\">\n<p><a class=\"c-btn\" style=\"background: #9ABB59 !important;\" href=\"\/vi\/contact-us\/\">Y\u00eau c\u1ea7u c\u01a1 s\u1edf d\u1eef li\u1ec7u doanh nghi\u1ec7p<br \/>\nho\u1eb7c d\u1ecbch v\u1ee5 k\u1ebft n\u1ed1i doanh nghi\u1ec7p<\/a><\/p>\n<\/div>\n\n\t\t<\/div>\n\t<\/div>\n<\/div><\/div><\/div><\/div>","protected":false},"excerpt":{"rendered":"T\u1ea1i sao ch\u00fang t\u00f4i ph\u00e1t tri\u1ec3n D\u1eef li\u1ec7u doanh nghi\u1ec7p Vi\u1ec7t Nam? \u0110\u1ecbnh v\u1ecb m\u00ecnh l\u00e0 \u0111\u1ed1i t\u00e1c \u0111\u00e1ng tin c\u1eady \u0111\u1ec3 h\u1ed7 tr\u1ee3 kh\u00e1ch h\u00e0ng \u0111o l\u01b0\u1eddng v\u00e0 di\u1ec5n gi\u1ea3i th\u00f4ng tin th\u1ecb tr\u01b0\u1eddng \u1edf c\u1ea5p \u0111\u1ed9 h\u1ec7 sinh th\u00e1i tr\u00ean con \u0111\u01b0\u1eddng m\u1edf r\u1ed9ng kinh doanh t\u1ea1i Vi\u1ec7t Nam, ch\u00fang t\u00f4i n\u1ed7 l\u1ef1c ph\u00e1t tri\u1ec3n C\u01a1 s\u1edf d\u1eef li\u1ec7u doanh nghi\u1ec7p Vi\u1ec7t Nam c\u00f9ng v\u1edbi D\u1ecbch v\u1ee5 k\u1ebft n\u1ed1i doanh nghi\u1ec7p. D\u1eef li\u1ec7u doanh nghi\u1ec7p Vi\u1ec7t Nam c\u1ee7a ch\u00fang t\u00f4i bao g\u1ed3m h\u01a1n 900.000 doanh nghi\u1ec7p","protected":false},"author":3,"featured_media":0,"parent":608,"menu_order":0,"comment_status":"closed","ping_status":"closed","template":"","meta":[],"yoast_head":"<!-- This site is optimized with the Yoast SEO Premium plugin v15.1.2 - https:\/\/yoast.com\/wordpress\/plugins\/seo\/ -->\n<title>Vietnam Enterprise Data - B-Company - Vietnam market research<\/title>\n<meta name=\"description\" content=\"Positioning ourselves as a trusted partner to support our clients measure and interpret market insights at ecosystem level on their path to expand business in Vietnam, we thrive to develop a Vietnam Enterprise Data along side our Business Matching Service\" \/>\n<meta name=\"robots\" content=\"index, follow, max-snippet:-1, max-image-preview:large, max-video-preview:-1\" \/>\n<link rel=\"canonical\" href=\"https:\/\/b-company.jp\/vi\/database\/vietnam-enterprise-data\/\" \/>\n<meta property=\"og:locale\" content=\"vi_VN\" \/>\n<meta property=\"og:type\" content=\"article\" \/>\n<meta property=\"og:title\" content=\"Vietnam Enterprise Data - B-Company - Vietnam market research\" \/>\n<meta property=\"og:description\" content=\"Positioning ourselves as a trusted partner to support our clients measure and interpret market insights at ecosystem level on their path to expand business in Vietnam, we thrive to develop a Vietnam Enterprise Data along side our Business Matching Service\" \/>\n<meta property=\"og:url\" content=\"https:\/\/b-company.jp\/vi\/database\/vietnam-enterprise-data\/\" \/>\n<meta property=\"og:site_name\" content=\"B-Company\" \/>\n<meta property=\"article:modified_time\" content=\"2024-10-14T08:57:53+00:00\" \/>\n<meta property=\"og:image\" content=\"http:\/\/b-company.jp\/wp-content\/uploads\/2021\/03\/number-1-1.svg\" \/>\n<meta name=\"twitter:card\" content=\"summary_large_image\" \/>\n<script type=\"application\/ld+json\" class=\"yoast-schema-graph\">{\"@context\":\"https:\/\/schema.org\",\"@graph\":[{\"@type\":\"WebSite\",\"@id\":\"https:\/\/b-company.jp\/vi\/#website\",\"url\":\"https:\/\/b-company.jp\/vi\/\",\"name\":\"B-Company\",\"description\":\"Vietnam Market Research &amp; Investment Consulting\",\"potentialAction\":[{\"@type\":\"SearchAction\",\"target\":\"https:\/\/b-company.jp\/vi\/?s={search_term_string}\",\"query-input\":\"required name=search_term_string\"}],\"inLanguage\":\"vi\"},{\"@type\":\"ImageObject\",\"@id\":\"https:\/\/b-company.jp\/database\/vietnam-enterprise-data\/#primaryimage\",\"inLanguage\":\"vi\",\"url\":\"http:\/\/b-company.jp\/wp-content\/uploads\/2021\/03\/number-1-1.svg\"},{\"@type\":\"WebPage\",\"@id\":\"https:\/\/b-company.jp\/database\/vietnam-enterprise-data\/#webpage\",\"url\":\"https:\/\/b-company.jp\/database\/vietnam-enterprise-data\/\",\"name\":\"Vietnam Enterprise Data - B-Company - Vietnam market research\",\"isPartOf\":{\"@id\":\"https:\/\/b-company.jp\/vi\/#website\"},\"primaryImageOfPage\":{\"@id\":\"https:\/\/b-company.jp\/database\/vietnam-enterprise-data\/#primaryimage\"},\"datePublished\":\"2021-03-03T04:36:09+00:00\",\"dateModified\":\"2024-10-14T08:57:53+00:00\",\"description\":\"Positioning ourselves as a trusted partner to support our clients measure and interpret market insights at ecosystem level on their path to expand business in Vietnam, we thrive to develop a Vietnam Enterprise Data along side our Business Matching Service\",\"inLanguage\":\"vi\",\"potentialAction\":[{\"@type\":\"ReadAction\",\"target\":[\"https:\/\/b-company.jp\/database\/vietnam-enterprise-data\/\"]}]}]}<\/script>\n<!-- \/ Yoast SEO Premium plugin. -->","_links":{"self":[{"href":"https:\/\/b-company.jp\/vi\/wp-json\/wp\/v2\/pages\/10361"}],"collection":[{"href":"https:\/\/b-company.jp\/vi\/wp-json\/wp\/v2\/pages"}],"about":[{"href":"https:\/\/b-company.jp\/vi\/wp-json\/wp\/v2\/types\/page"}],"author":[{"embeddable":true,"href":"https:\/\/b-company.jp\/vi\/wp-json\/wp\/v2\/users\/3"}],"replies":[{"embeddable":true,"href":"https:\/\/b-company.jp\/vi\/wp-json\/wp\/v2\/comments?post=10361"}],"version-history":[{"count":28,"href":"https:\/\/b-company.jp\/vi\/wp-json\/wp\/v2\/pages\/10361\/revisions"}],"predecessor-version":[{"id":17583,"href":"https:\/\/b-company.jp\/vi\/wp-json\/wp\/v2\/pages\/10361\/revisions\/17583"}],"up":[{"embeddable":true,"href":"https:\/\/b-company.jp\/vi\/wp-json\/wp\/v2\/pages\/608"}],"wp:attachment":[{"href":"https:\/\/b-company.jp\/vi\/wp-json\/wp\/v2\/media?parent=10361"}],"curies":[{"name":"wp","href":"https:\/\/api.w.org\/{rel}","templated":true}]}}